{"id":5689,"date":"2020-10-01T22:43:28","date_gmt":"2020-10-01T21:43:28","guid":{"rendered":"https:\/\/nciemorocco.com\/?page_id=5689"},"modified":"2020-10-09T15:24:43","modified_gmt":"2020-10-09T14:24:43","slug":"service-construction","status":"publish","type":"page","link":"https:\/\/nciemorocco.com\/?page_id=5689","title":{"rendered":"SERVICE CONSTRUCTION"},"content":{"rendered":"\t\t<div data-elementor-type=\"wp-page\" data-elementor-id=\"5689\" class=\"elementor elementor-5689\">\n\t\t\t\t\t\t<section class=\"elementor-section elementor-top-section elementor-element elementor-element-9e4eb80 elementor-section-boxed elementor-section-height-default elementor-section-height-default\" data-id=\"9e4eb80\" data-element_type=\"section\" data-e-type=\"section\">\n\t\t\t\t\t\t<div class=\"elementor-container elementor-column-gap-default\">\n\t\t\t\t\t<div class=\"elementor-column elementor-col-100 elementor-top-column elementor-element elementor-element-576897c\" data-id=\"576897c\" data-element_type=\"column\" data-e-type=\"column\">\n\t\t\t<div class=\"elementor-widget-wrap elementor-element-populated\">\n\t\t\t\t\t\t<div class=\"elementor-element elementor-element-d5d08e9 elementor-widget elementor-widget-heading\" data-id=\"d5d08e9\" data-element_type=\"widget\" data-e-type=\"widget\" data-widget_type=\"heading.default\">\n\t\t\t\t<div class=\"elementor-widget-container\">\n\t\t\t\t\t<h2 class=\"elementor-heading-title elementor-size-default\">Services de construction &amp; travaux divers<\/h2>\t\t\t\t<\/div>\n\t\t\t\t<\/div>\n\t\t\t\t\t<\/div>\n\t\t<\/div>\n\t\t\t\t\t<\/div>\n\t\t<\/section>\n\t\t\t\t<section class=\"elementor-section elementor-top-section elementor-element elementor-element-a2c094e elementor-section-boxed elementor-section-height-default elementor-section-height-default\" data-id=\"a2c094e\" data-element_type=\"section\" data-e-type=\"section\">\n\t\t\t\t\t\t<div class=\"elementor-container elementor-column-gap-default\">\n\t\t\t\t\t<div class=\"elementor-column elementor-col-50 elementor-top-column elementor-element elementor-element-322f2b7\" data-id=\"322f2b7\" data-element_type=\"column\" data-e-type=\"column\">\n\t\t\t<div class=\"elementor-widget-wrap elementor-element-populated\">\n\t\t\t\t\t\t<div class=\"elementor-element elementor-element-2e41578 elementor-widget elementor-widget-text-editor\" data-id=\"2e41578\" data-element_type=\"widget\" data-e-type=\"widget\" data-widget_type=\"text-editor.default\">\n\t\t\t\t<div class=\"elementor-widget-container\">\n\t\t\t\t\t\t\t\t\t<h3 style=\"color: #c92c2c;\">GROS OEUVRE<\/h3>\n<ul class='liste'>\n \t<li><b>Construction de maisons neuves tous styles<\/b> : Traditionnelle, contemporaine, moderne<\/li>\n \t<li><b>Construction de petit b\u00e2timent collectif<\/b>.<\/li>\n \t<li><b>R\u00e9novation Maison<\/b>.<\/li>\n \t<li><b>Extension d&#8217;habitation<\/b>.<\/li>\n<\/ul>\n<h3 style=\"color: #309c40;\">TRAVAUX DE B\u00c2TIMENT<\/h3>\n<ul  class='liste'>\n \t<li><b>Enduits Ext\u00e9rieurs<\/b><\/li>\n \t<li><b>Terrassement:<\/b> Assainissement et r\u00e9seaux<\/li>\n \t<li><b>Piscine:<\/b> Bassin<\/li>\n<\/ul>\n<h3 style=\"color: #e66e33;\">MACONNERIE<\/h3>\n<ul  class='liste'>\n \t<li><b>Mur de cl\u00f4ture:<\/b> Pierre s\u00e8che, pierre de taille.<\/li>\n \t<li><b>Am\u00e9nagements ext\u00e9rieurs :<\/b> All\u00e9es, dallages, Terrasses.<\/li>\n \t<li><b>Ouvertures dans ma\u00e7onnerie existante.<\/b><\/li>\n<\/ul>\t\t\t\t\t\t\t\t<\/div>\n\t\t\t\t<\/div>\n\t\t\t\t\t<\/div>\n\t\t<\/div>\n\t\t\t\t<div class=\"elementor-column elementor-col-50 elementor-top-column elementor-element elementor-element-b575184\" data-id=\"b575184\" data-element_type=\"column\" data-e-type=\"column\">\n\t\t\t<div class=\"elementor-widget-wrap elementor-element-populated\">\n\t\t\t\t\t\t<div class=\"elementor-element elementor-element-710fffe elementor-widget elementor-widget-image\" data-id=\"710fffe\" data-element_type=\"widget\" data-e-type=\"widget\" data-widget_type=\"image.default\">\n\t\t\t\t<div class=\"elementor-widget-container\">\n\t\t\t\t\t\t\t\t\t\t\t\t\t\t\t<img fetchpriority=\"high\" decoding=\"async\" width=\"693\" height=\"390\" src=\"https:\/\/nciemorocco.com\/wp-content\/uploads\/2020\/10\/2.png\" class=\"attachment-large size-large wp-image-6001\" alt=\"\" srcset=\"https:\/\/nciemorocco.com\/wp-content\/uploads\/2020\/10\/2.png 693w, https:\/\/nciemorocco.com\/wp-content\/uploads\/2020\/10\/2-300x169.png 300w, https:\/\/nciemorocco.com\/wp-content\/uploads\/2020\/10\/2-600x338.png 600w\" sizes=\"(max-width: 693px) 100vw, 693px\" \/>\t\t\t\t\t\t\t\t\t\t\t\t\t\t\t<\/div>\n\t\t\t\t<\/div>\n\t\t\t\t\t<\/div>\n\t\t<\/div>\n\t\t\t\t\t<\/div>\n\t\t<\/section>\n\t\t\t\t<section class=\"elementor-section elementor-top-section elementor-element elementor-element-19ad438 elementor-section-boxed elementor-section-height-default elementor-section-height-default\" data-id=\"19ad438\" data-element_type=\"section\" data-e-type=\"section\">\n\t\t\t\t\t\t<div class=\"elementor-container elementor-column-gap-default\">\n\t\t\t\t\t<div class=\"elementor-column elementor-col-100 elementor-top-column elementor-element elementor-element-f2692f6\" data-id=\"f2692f6\" data-element_type=\"column\" data-e-type=\"column\">\n\t\t\t<div class=\"elementor-widget-wrap elementor-element-populated\">\n\t\t\t\t\t\t<div class=\"elementor-element elementor-element-a5f7ec9 elementor-widget-divider--view-line elementor-widget elementor-widget-divider\" data-id=\"a5f7ec9\" data-element_type=\"widget\" data-e-type=\"widget\" data-widget_type=\"divider.default\">\n\t\t\t\t<div class=\"elementor-widget-container\">\n\t\t\t\t\t\t\t<div class=\"elementor-divider\">\n\t\t\t<span class=\"elementor-divider-separator\">\n\t\t\t\t\t\t<\/span>\n\t\t<\/div>\n\t\t\t\t\t\t<\/div>\n\t\t\t\t<\/div>\n\t\t\t\t\t<\/div>\n\t\t<\/div>\n\t\t\t\t\t<\/div>\n\t\t<\/section>\n\t\t\t\t<section class=\"elementor-section elementor-top-section elementor-element elementor-element-9ecf8f1 elementor-section-boxed elementor-section-height-default elementor-section-height-default\" data-id=\"9ecf8f1\" data-element_type=\"section\" data-e-type=\"section\">\n\t\t\t\t\t\t<div class=\"elementor-container elementor-column-gap-default\">\n\t\t\t\t\t<div class=\"elementor-column elementor-col-25 elementor-top-column elementor-element elementor-element-334594e\" data-id=\"334594e\" data-element_type=\"column\" data-e-type=\"column\">\n\t\t\t<div class=\"elementor-widget-wrap\">\n\t\t\t\t\t\t\t<\/div>\n\t\t<\/div>\n\t\t\t\t<div class=\"elementor-column elementor-col-50 elementor-top-column elementor-element elementor-element-8399fe5\" data-id=\"8399fe5\" data-element_type=\"column\" data-e-type=\"column\">\n\t\t\t<div class=\"elementor-widget-wrap elementor-element-populated\">\n\t\t\t\t\t\t<div class=\"elementor-element elementor-element-d992003 elementor-widget elementor-widget-image-gallery\" data-id=\"d992003\" data-element_type=\"widget\" data-e-type=\"widget\" data-widget_type=\"image-gallery.default\">\n\t\t\t\t<div class=\"elementor-widget-container\">\n\t\t\t\t\t\t\t<div class=\"elementor-image-gallery\">\n\t\t\t<ul id=\"photobox-gallery-1\" class=\"thumbnails photobox-gallery gallery gallery-columns-3\"><li style=\"width: 32.333333333333%;\"><a class=\"thumbnail\" href=\"https:\/\/nciemorocco.com\/wp-content\/uploads\/2020\/10\/3-1.png\"><img decoding=\"async\" width=\"150\" height=\"150\" src=\"https:\/\/nciemorocco.com\/wp-content\/uploads\/2020\/10\/3-1-150x150.png\" class=\"attachment-thumbnail size-thumbnail\" alt=\"\" srcset=\"https:\/\/nciemorocco.com\/wp-content\/uploads\/2020\/10\/3-1-150x150.png 150w, https:\/\/nciemorocco.com\/wp-content\/uploads\/2020\/10\/3-1-300x300.png 300w, https:\/\/nciemorocco.com\/wp-content\/uploads\/2020\/10\/3-1-100x100.png 100w\" sizes=\"(max-width: 150px) 100vw, 150px\" \/><\/a><\/li><li style=\"width: 32.333333333333%;\"><a class=\"thumbnail\" href=\"https:\/\/nciemorocco.com\/wp-content\/uploads\/2020\/10\/2.png\"><img decoding=\"async\" width=\"150\" height=\"150\" src=\"https:\/\/nciemorocco.com\/wp-content\/uploads\/2020\/10\/2-150x150.png\" class=\"attachment-thumbnail size-thumbnail\" alt=\"\" srcset=\"https:\/\/nciemorocco.com\/wp-content\/uploads\/2020\/10\/2-150x150.png 150w, https:\/\/nciemorocco.com\/wp-content\/uploads\/2020\/10\/2-300x300.png 300w, https:\/\/nciemorocco.com\/wp-content\/uploads\/2020\/10\/2-100x100.png 100w\" sizes=\"(max-width: 150px) 100vw, 150px\" \/><\/a><\/li><li style=\"width: 32.333333333333%;\"><a class=\"thumbnail\" href=\"https:\/\/nciemorocco.com\/wp-content\/uploads\/2020\/10\/1.png\"><img loading=\"lazy\" decoding=\"async\" width=\"150\" height=\"150\" src=\"https:\/\/nciemorocco.com\/wp-content\/uploads\/2020\/10\/1-150x150.png\" class=\"attachment-thumbnail size-thumbnail\" alt=\"\" srcset=\"https:\/\/nciemorocco.com\/wp-content\/uploads\/2020\/10\/1-150x150.png 150w, https:\/\/nciemorocco.com\/wp-content\/uploads\/2020\/10\/1-300x300.png 300w, https:\/\/nciemorocco.com\/wp-content\/uploads\/2020\/10\/1-100x100.png 100w\" sizes=\"(max-width: 150px) 100vw, 150px\" \/><\/a><\/li><li style=\"width: 32.333333333333%;\"><a class=\"thumbnail\" href=\"https:\/\/nciemorocco.com\/wp-content\/uploads\/2020\/10\/4.png\"><img loading=\"lazy\" decoding=\"async\" width=\"150\" height=\"150\" src=\"https:\/\/nciemorocco.com\/wp-content\/uploads\/2020\/10\/4-150x150.png\" class=\"attachment-thumbnail size-thumbnail\" alt=\"\" srcset=\"https:\/\/nciemorocco.com\/wp-content\/uploads\/2020\/10\/4-150x150.png 150w, https:\/\/nciemorocco.com\/wp-content\/uploads\/2020\/10\/4-100x100.png 100w\" sizes=\"(max-width: 150px) 100vw, 150px\" \/><\/a><\/li><li style=\"width: 32.333333333333%;\"><a class=\"thumbnail\" href=\"https:\/\/nciemorocco.com\/wp-content\/uploads\/2020\/10\/5.png\"><img loading=\"lazy\" decoding=\"async\" width=\"150\" height=\"150\" src=\"https:\/\/nciemorocco.com\/wp-content\/uploads\/2020\/10\/5-150x150.png\" class=\"attachment-thumbnail size-thumbnail\" alt=\"\" srcset=\"https:\/\/nciemorocco.com\/wp-content\/uploads\/2020\/10\/5-150x150.png 150w, https:\/\/nciemorocco.com\/wp-content\/uploads\/2020\/10\/5-300x300.png 300w, https:\/\/nciemorocco.com\/wp-content\/uploads\/2020\/10\/5-100x100.png 100w\" sizes=\"(max-width: 150px) 100vw, 150px\" \/><\/a><\/li><li style=\"width: 32.333333333333%;\"><a class=\"thumbnail\" href=\"https:\/\/nciemorocco.com\/wp-content\/uploads\/2020\/10\/6.png\"><img loading=\"lazy\" decoding=\"async\" width=\"150\" height=\"150\" src=\"https:\/\/nciemorocco.com\/wp-content\/uploads\/2020\/10\/6-150x150.png\" class=\"attachment-thumbnail size-thumbnail\" alt=\"\" srcset=\"https:\/\/nciemorocco.com\/wp-content\/uploads\/2020\/10\/6-150x150.png 150w, https:\/\/nciemorocco.com\/wp-content\/uploads\/2020\/10\/6-100x100.png 100w\" sizes=\"(max-width: 150px) 100vw, 150px\" \/><\/a><\/li><\/ul>\t\t<\/div>\n\t\t\t\t\t\t<\/div>\n\t\t\t\t<\/div>\n\t\t\t\t\t<\/div>\n\t\t<\/div>\n\t\t\t\t<div class=\"elementor-column elementor-col-25 elementor-top-column elementor-element elementor-element-97bfe44\" data-id=\"97bfe44\" data-element_type=\"column\" data-e-type=\"column\">\n\t\t\t<div class=\"elementor-widget-wrap\">\n\t\t\t\t\t\t\t<\/div>\n\t\t<\/div>\n\t\t\t\t\t<\/div>\n\t\t<\/section>\n\t\t\t\t<\/div>\n\t\t","protected":false},"excerpt":{"rendered":"<p>Services de construction &amp; travaux divers GROS OEUVRE Construction de maisons neuves tous styles : Traditionnelle, contemporaine, moderne Construction de petit b\u00e2timent collectif. R\u00e9novation Maison. Extension d&#8217;habitation. TRAVAUX DE B\u00c2TIMENT Enduits Ext\u00e9rieurs Terrassement: Assainissement et r\u00e9seaux Piscine: Bassin MACONNERIE Mur &hellip; <a href=\"https:\/\/nciemorocco.com\/?page_id=5689\">Readmore<\/a><\/p>\n","protected":false},"author":1,"featured_media":0,"parent":0,"menu_order":0,"comment_status":"closed","ping_status":"closed","template":"","meta":{"footnotes":""},"class_list":["post-5689","page","type-page","status-publish","hentry"],"yoast_head":"<!-- This site is optimized with the Yoast SEO plugin v27.3 - https:\/\/yoast.com\/product\/yoast-seo-wordpress\/ -->\n<title>SERVICE CONSTRUCTION - nciemorocco<\/title>\n<meta name=\"robots\" content=\"index, follow, max-snippet:-1, max-image-preview:large, max-video-preview:-1\" \/>\n<link rel=\"canonical\" href=\"https:\/\/nciemorocco.com\/?page_id=5689\" \/>\n<meta property=\"og:locale\" content=\"en_US\" \/>\n<meta property=\"og:type\" content=\"article\" \/>\n<meta property=\"og:title\" content=\"SERVICE CONSTRUCTION - nciemorocco\" \/>\n<meta property=\"og:description\" content=\"Services de construction &amp; travaux divers GROS OEUVRE Construction de maisons neuves tous styles : Traditionnelle, contemporaine, moderne Construction de petit b\u00e2timent collectif. R\u00e9novation Maison. Extension d&#8217;habitation. TRAVAUX DE B\u00c2TIMENT Enduits Ext\u00e9rieurs Terrassement: Assainissement et r\u00e9seaux Piscine: Bassin MACONNERIE Mur &hellip; Readmore\" \/>\n<meta property=\"og:url\" content=\"https:\/\/nciemorocco.com\/?page_id=5689\" \/>\n<meta property=\"og:site_name\" content=\"nciemorocco\" \/>\n<meta property=\"article:publisher\" content=\"https:\/\/www.facebook.com\/ste.ncie.98\" \/>\n<meta property=\"article:modified_time\" content=\"2020-10-09T14:24:43+00:00\" \/>\n<meta property=\"og:image\" content=\"https:\/\/nciemorocco.com\/wp-content\/uploads\/2020\/10\/2.png\" \/>\n<meta name=\"twitter:card\" content=\"summary_large_image\" \/>\n<meta name=\"twitter:site\" content=\"@NcieSociete\" \/>\n<script type=\"application\/ld+json\" class=\"yoast-schema-graph\">{\"@context\":\"https:\\\/\\\/schema.org\",\"@graph\":[{\"@type\":\"WebPage\",\"@id\":\"https:\\\/\\\/nciemorocco.com\\\/?page_id=5689\",\"url\":\"https:\\\/\\\/nciemorocco.com\\\/?page_id=5689\",\"name\":\"SERVICE CONSTRUCTION - nciemorocco\",\"isPartOf\":{\"@id\":\"https:\\\/\\\/nciemorocco.com\\\/#website\"},\"primaryImageOfPage\":{\"@id\":\"https:\\\/\\\/nciemorocco.com\\\/?page_id=5689#primaryimage\"},\"image\":{\"@id\":\"https:\\\/\\\/nciemorocco.com\\\/?page_id=5689#primaryimage\"},\"thumbnailUrl\":\"https:\\\/\\\/nciemorocco.com\\\/wp-content\\\/uploads\\\/2020\\\/10\\\/2.png\",\"datePublished\":\"2020-10-01T21:43:28+00:00\",\"dateModified\":\"2020-10-09T14:24:43+00:00\",\"breadcrumb\":{\"@id\":\"https:\\\/\\\/nciemorocco.com\\\/?page_id=5689#breadcrumb\"},\"inLanguage\":\"en-US\",\"potentialAction\":[{\"@type\":\"ReadAction\",\"target\":[\"https:\\\/\\\/nciemorocco.com\\\/?page_id=5689\"]}]},{\"@type\":\"ImageObject\",\"inLanguage\":\"en-US\",\"@id\":\"https:\\\/\\\/nciemorocco.com\\\/?page_id=5689#primaryimage\",\"url\":\"https:\\\/\\\/nciemorocco.com\\\/wp-content\\\/uploads\\\/2020\\\/10\\\/2.png\",\"contentUrl\":\"https:\\\/\\\/nciemorocco.com\\\/wp-content\\\/uploads\\\/2020\\\/10\\\/2.png\",\"width\":693,\"height\":390},{\"@type\":\"BreadcrumbList\",\"@id\":\"https:\\\/\\\/nciemorocco.com\\\/?page_id=5689#breadcrumb\",\"itemListElement\":[{\"@type\":\"ListItem\",\"position\":1,\"name\":\"Accueil\",\"item\":\"https:\\\/\\\/nciemorocco.com\\\/\"},{\"@type\":\"ListItem\",\"position\":2,\"name\":\"SERVICE CONSTRUCTION\"}]},{\"@type\":\"WebSite\",\"@id\":\"https:\\\/\\\/nciemorocco.com\\\/#website\",\"url\":\"https:\\\/\\\/nciemorocco.com\\\/\",\"name\":\"nciemorocco.com\",\"description\":\"\",\"publisher\":{\"@id\":\"https:\\\/\\\/nciemorocco.com\\\/#organization\"},\"potentialAction\":[{\"@type\":\"SearchAction\",\"target\":{\"@type\":\"EntryPoint\",\"urlTemplate\":\"https:\\\/\\\/nciemorocco.com\\\/?s={search_term_string}\"},\"query-input\":{\"@type\":\"PropertyValueSpecification\",\"valueRequired\":true,\"valueName\":\"search_term_string\"}}],\"inLanguage\":\"en-US\"},{\"@type\":\"Organization\",\"@id\":\"https:\\\/\\\/nciemorocco.com\\\/#organization\",\"name\":\"nciemorocco\",\"url\":\"https:\\\/\\\/nciemorocco.com\\\/\",\"logo\":{\"@type\":\"ImageObject\",\"inLanguage\":\"en-US\",\"@id\":\"https:\\\/\\\/nciemorocco.com\\\/#\\\/schema\\\/logo\\\/image\\\/\",\"url\":\"https:\\\/\\\/nciemorocco.com\\\/wp-content\\\/uploads\\\/2023\\\/02\\\/NCIE.png\",\"contentUrl\":\"https:\\\/\\\/nciemorocco.com\\\/wp-content\\\/uploads\\\/2023\\\/02\\\/NCIE.png\",\"width\":270,\"height\":70,\"caption\":\"nciemorocco\"},\"image\":{\"@id\":\"https:\\\/\\\/nciemorocco.com\\\/#\\\/schema\\\/logo\\\/image\\\/\"},\"sameAs\":[\"https:\\\/\\\/www.facebook.com\\\/ste.ncie.98\",\"https:\\\/\\\/x.com\\\/NcieSociete\",\"https:\\\/\\\/www.instagram.com\\\/nicesociete\\\/\",\"https:\\\/\\\/www.linkedin.com\\\/in\\\/ncie\",\"https:\\\/\\\/www.pinterest.fr\\\/nciemorocco\\\/_saved\\\/\",\"https:\\\/\\\/www.youtube.com\\\/channel\\\/UCjzgpHQQ_68Uhe3Fz5lLskg\"]}]}<\/script>\n<!-- \/ Yoast SEO plugin. -->","yoast_head_json":{"title":"SERVICE CONSTRUCTION - nciemorocco","robots":{"index":"index","follow":"follow","max-snippet":"max-snippet:-1","max-image-preview":"max-image-preview:large","max-video-preview":"max-video-preview:-1"},"canonical":"https:\/\/nciemorocco.com\/?page_id=5689","og_locale":"en_US","og_type":"article","og_title":"SERVICE CONSTRUCTION - nciemorocco","og_description":"Services de construction &amp; travaux divers GROS OEUVRE Construction de maisons neuves tous styles : Traditionnelle, contemporaine, moderne Construction de petit b\u00e2timent collectif. R\u00e9novation Maison. Extension d&#8217;habitation. TRAVAUX DE B\u00c2TIMENT Enduits Ext\u00e9rieurs Terrassement: Assainissement et r\u00e9seaux Piscine: Bassin MACONNERIE Mur &hellip; Readmore","og_url":"https:\/\/nciemorocco.com\/?page_id=5689","og_site_name":"nciemorocco","article_publisher":"https:\/\/www.facebook.com\/ste.ncie.98","article_modified_time":"2020-10-09T14:24:43+00:00","og_image":[{"url":"https:\/\/nciemorocco.com\/wp-content\/uploads\/2020\/10\/2.png","type":"","width":"","height":""}],"twitter_card":"summary_large_image","twitter_site":"@NcieSociete","schema":{"@context":"https:\/\/schema.org","@graph":[{"@type":"WebPage","@id":"https:\/\/nciemorocco.com\/?page_id=5689","url":"https:\/\/nciemorocco.com\/?page_id=5689","name":"SERVICE CONSTRUCTION - nciemorocco","isPartOf":{"@id":"https:\/\/nciemorocco.com\/#website"},"primaryImageOfPage":{"@id":"https:\/\/nciemorocco.com\/?page_id=5689#primaryimage"},"image":{"@id":"https:\/\/nciemorocco.com\/?page_id=5689#primaryimage"},"thumbnailUrl":"https:\/\/nciemorocco.com\/wp-content\/uploads\/2020\/10\/2.png","datePublished":"2020-10-01T21:43:28+00:00","dateModified":"2020-10-09T14:24:43+00:00","breadcrumb":{"@id":"https:\/\/nciemorocco.com\/?page_id=5689#breadcrumb"},"inLanguage":"en-US","potentialAction":[{"@type":"ReadAction","target":["https:\/\/nciemorocco.com\/?page_id=5689"]}]},{"@type":"ImageObject","inLanguage":"en-US","@id":"https:\/\/nciemorocco.com\/?page_id=5689#primaryimage","url":"https:\/\/nciemorocco.com\/wp-content\/uploads\/2020\/10\/2.png","contentUrl":"https:\/\/nciemorocco.com\/wp-content\/uploads\/2020\/10\/2.png","width":693,"height":390},{"@type":"BreadcrumbList","@id":"https:\/\/nciemorocco.com\/?page_id=5689#breadcrumb","itemListElement":[{"@type":"ListItem","position":1,"name":"Accueil","item":"https:\/\/nciemorocco.com\/"},{"@type":"ListItem","position":2,"name":"SERVICE CONSTRUCTION"}]},{"@type":"WebSite","@id":"https:\/\/nciemorocco.com\/#website","url":"https:\/\/nciemorocco.com\/","name":"nciemorocco.com","description":"","publisher":{"@id":"https:\/\/nciemorocco.com\/#organization"},"potentialAction":[{"@type":"SearchAction","target":{"@type":"EntryPoint","urlTemplate":"https:\/\/nciemorocco.com\/?s={search_term_string}"},"query-input":{"@type":"PropertyValueSpecification","valueRequired":true,"valueName":"search_term_string"}}],"inLanguage":"en-US"},{"@type":"Organization","@id":"https:\/\/nciemorocco.com\/#organization","name":"nciemorocco","url":"https:\/\/nciemorocco.com\/","logo":{"@type":"ImageObject","inLanguage":"en-US","@id":"https:\/\/nciemorocco.com\/#\/schema\/logo\/image\/","url":"https:\/\/nciemorocco.com\/wp-content\/uploads\/2023\/02\/NCIE.png","contentUrl":"https:\/\/nciemorocco.com\/wp-content\/uploads\/2023\/02\/NCIE.png","width":270,"height":70,"caption":"nciemorocco"},"image":{"@id":"https:\/\/nciemorocco.com\/#\/schema\/logo\/image\/"},"sameAs":["https:\/\/www.facebook.com\/ste.ncie.98","https:\/\/x.com\/NcieSociete","https:\/\/www.instagram.com\/nicesociete\/","https:\/\/www.linkedin.com\/in\/ncie","https:\/\/www.pinterest.fr\/nciemorocco\/_saved\/","https:\/\/www.youtube.com\/channel\/UCjzgpHQQ_68Uhe3Fz5lLskg"]}]}},"_links":{"self":[{"href":"https:\/\/nciemorocco.com\/index.php?rest_route=\/wp\/v2\/pages\/5689","targetHints":{"allow":["GET"]}}],"collection":[{"href":"https:\/\/nciemorocco.com\/index.php?rest_route=\/wp\/v2\/pages"}],"about":[{"href":"https:\/\/nciemorocco.com\/index.php?rest_route=\/wp\/v2\/types\/page"}],"author":[{"embeddable":true,"href":"https:\/\/nciemorocco.com\/index.php?rest_route=\/wp\/v2\/users\/1"}],"replies":[{"embeddable":true,"href":"https:\/\/nciemorocco.com\/index.php?rest_route=%2Fwp%2Fv2%2Fcomments&post=5689"}],"version-history":[{"count":12,"href":"https:\/\/nciemorocco.com\/index.php?rest_route=\/wp\/v2\/pages\/5689\/revisions"}],"predecessor-version":[{"id":6026,"href":"https:\/\/nciemorocco.com\/index.php?rest_route=\/wp\/v2\/pages\/5689\/revisions\/6026"}],"wp:attachment":[{"href":"https:\/\/nciemorocco.com\/index.php?rest_route=%2Fwp%2Fv2%2Fmedia&parent=5689"}],"curies":[{"name":"wp","href":"https:\/\/api.w.org\/{rel}","templated":true}]}}