{"id":6046,"date":"2020-10-09T22:30:56","date_gmt":"2020-10-09T21:30:56","guid":{"rendered":"https:\/\/nciemorocco.com\/?page_id=6046"},"modified":"2020-10-11T20:07:09","modified_gmt":"2020-10-11T19:07:09","slug":"nettoyage-fin-de-chantier","status":"publish","type":"page","link":"https:\/\/nciemorocco.com\/?page_id=6046","title":{"rendered":"Nettoyage Fin de Chantier"},"content":{"rendered":"\t\t<div data-elementor-type=\"wp-page\" data-elementor-id=\"6046\" class=\"elementor elementor-6046\">\n\t\t\t\t\t\t<section class=\"elementor-section elementor-top-section elementor-element elementor-element-d54da48 elementor-section-boxed elementor-section-height-default elementor-section-height-default\" data-id=\"d54da48\" data-element_type=\"section\" data-e-type=\"section\">\n\t\t\t\t\t\t<div class=\"elementor-container elementor-column-gap-default\">\n\t\t\t\t\t<div class=\"elementor-column elementor-col-100 elementor-top-column elementor-element elementor-element-d117795\" data-id=\"d117795\" data-element_type=\"column\" data-e-type=\"column\">\n\t\t\t<div class=\"elementor-widget-wrap elementor-element-populated\">\n\t\t\t\t\t\t<div class=\"elementor-element elementor-element-6cf45ad elementor-widget elementor-widget-heading\" data-id=\"6cf45ad\" data-element_type=\"widget\" data-e-type=\"widget\" data-widget_type=\"heading.default\">\n\t\t\t\t<div class=\"elementor-widget-container\">\n\t\t\t\t\t<h2 class=\"elementor-heading-title elementor-size-default\">Nettoyage Fin de Chantier.<\/h2>\t\t\t\t<\/div>\n\t\t\t\t<\/div>\n\t\t\t\t\t<\/div>\n\t\t<\/div>\n\t\t\t\t\t<\/div>\n\t\t<\/section>\n\t\t\t\t<section class=\"elementor-section elementor-top-section elementor-element elementor-element-f98c6e8 elementor-section-boxed elementor-section-height-default elementor-section-height-default\" data-id=\"f98c6e8\" data-element_type=\"section\" data-e-type=\"section\">\n\t\t\t\t\t\t<div class=\"elementor-container elementor-column-gap-default\">\n\t\t\t\t\t<div class=\"elementor-column elementor-col-33 elementor-top-column elementor-element elementor-element-1048530\" data-id=\"1048530\" data-element_type=\"column\" data-e-type=\"column\">\n\t\t\t<div class=\"elementor-widget-wrap elementor-element-populated\">\n\t\t\t\t\t\t<div class=\"elementor-element elementor-element-a5136b4 elementor-widget elementor-widget-image\" data-id=\"a5136b4\" data-element_type=\"widget\" data-e-type=\"widget\" data-widget_type=\"image.default\">\n\t\t\t\t<div class=\"elementor-widget-container\">\n\t\t\t\t\t\t\t\t\t\t\t\t\t\t\t<img fetchpriority=\"high\" decoding=\"async\" width=\"180\" height=\"303\" src=\"https:\/\/nciemorocco.com\/wp-content\/uploads\/2020\/10\/n8.png\" class=\"attachment-large size-large wp-image-6051\" alt=\"\" srcset=\"https:\/\/nciemorocco.com\/wp-content\/uploads\/2020\/10\/n8.png 180w, https:\/\/nciemorocco.com\/wp-content\/uploads\/2020\/10\/n8-178x300.png 178w\" sizes=\"(max-width: 180px) 100vw, 180px\" \/>\t\t\t\t\t\t\t\t\t\t\t\t\t\t\t<\/div>\n\t\t\t\t<\/div>\n\t\t\t\t\t<\/div>\n\t\t<\/div>\n\t\t\t\t<div class=\"elementor-column elementor-col-66 elementor-top-column elementor-element elementor-element-e46da41\" data-id=\"e46da41\" data-element_type=\"column\" data-e-type=\"column\">\n\t\t\t<div class=\"elementor-widget-wrap elementor-element-populated\">\n\t\t\t\t\t\t<div class=\"elementor-element elementor-element-221b37a elementor-widget elementor-widget-text-editor\" data-id=\"221b37a\" data-element_type=\"widget\" data-e-type=\"widget\" data-widget_type=\"text-editor.default\">\n\t\t\t\t<div class=\"elementor-widget-container\">\n\t\t\t\t\t\t\t\t\t<p>Le nettoyage de fin de chantier, intervenant apr\u00e8s des travaux de construction ou de r\u00e9novation, est une op\u00e9ration de m\u00e9nage tr\u00e8s minutieuse qui, en r\u00e8gle g\u00e9n\u00e9rale, comprend :\n<ul class=\"liste\">\n \t \n \n \t<li>Le nettoyage\/lessivage des murs.<\/li>\n \t<li>La d\u00e9sinfection des sanitaires et de la cuisine s\u2019il y en a une.<\/li>\n \t<li>L\u2019\u00e9vacuation des d\u00e9chets et r\u00e9sidus (gravats, bris de pl\u00e2tre, sciure de bois\u2026) et le d\u00e9poussi\u00e9rage\/balayage\/aspiration.<\/li>\n \t<li>\u00a0 Le nettoyage des diverses salissures (traces de colles, de peinture\u2026).<\/li>\n \t<li>Le d\u00e9graissage\/grattage\/lavage des vitres et des rebords de fen\u00eatres.<\/li>\n \t<li>La remise en \u00e9tat des sols (parquets, carrelages, sols PVC\u2026).<\/li>\n \t<li>Le d\u00e9poussi\u00e9rage et le nettoyage des placards.<\/li>\n \t<li>L\u2019a\u00e9ration du b\u00e2timent<\/li>\n \t<li>&#8230;<\/li>\n \n \n<\/ul><\/p>\n<p>\nLe nettoyage de fin de chantier est souvent commandit\u00e9 par le ma\u00eetre d\u2019ouvrage et peut-\u00eatre inclus dans le cahier des charges des travaux. Ce nettoyage en profondeur est indispensable pour la livraison de locaux s\u00fbrs et sains.\n\nLe nettoyage de fin de chantier n\u00e9cessite l\u2019utilisation d\u2019appareils d\u2019entretien professionnels\u00a0ainsi que d\u2019un savoir-faire sp\u00e9cifique, c\u2019est pourquoi il est le plus souvent confi\u00e9 \u00e0 des soci\u00e9t\u00e9s sp\u00e9cialis\u00e9es. Notre \u00e9quipe de nettoyage de fin de chantier au Maroc est form\u00e9e pour toutes les prestations de nettoyage propos\u00e9es, et dispose de mat\u00e9riel professionnel ad\u00e9quat.<\/p>\t\t\t\t\t\t\t\t<\/div>\n\t\t\t\t<\/div>\n\t\t\t\t\t<\/div>\n\t\t<\/div>\n\t\t\t\t\t<\/div>\n\t\t<\/section>\n\t\t\t\t<section class=\"elementor-section elementor-top-section elementor-element elementor-element-bd973f5 elementor-section-boxed elementor-section-height-default elementor-section-height-default\" data-id=\"bd973f5\" data-element_type=\"section\" data-e-type=\"section\">\n\t\t\t\t\t\t<div class=\"elementor-container elementor-column-gap-default\">\n\t\t\t\t\t<div class=\"elementor-column elementor-col-100 elementor-top-column elementor-element elementor-element-5ecbd55\" data-id=\"5ecbd55\" data-element_type=\"column\" data-e-type=\"column\">\n\t\t\t<div class=\"elementor-widget-wrap elementor-element-populated\">\n\t\t\t\t\t\t<div class=\"elementor-element elementor-element-514eb96 elementor-widget-divider--view-line elementor-widget elementor-widget-divider\" data-id=\"514eb96\" data-element_type=\"widget\" data-e-type=\"widget\" data-widget_type=\"divider.default\">\n\t\t\t\t<div class=\"elementor-widget-container\">\n\t\t\t\t\t\t\t<div class=\"elementor-divider\">\n\t\t\t<span class=\"elementor-divider-separator\">\n\t\t\t\t\t\t<\/span>\n\t\t<\/div>\n\t\t\t\t\t\t<\/div>\n\t\t\t\t<\/div>\n\t\t\t\t\t<\/div>\n\t\t<\/div>\n\t\t\t\t\t<\/div>\n\t\t<\/section>\n\t\t\t\t<\/div>\n\t\t","protected":false},"excerpt":{"rendered":"<p>Nettoyage Fin de Chantier. Le nettoyage de fin de chantier, intervenant apr\u00e8s des travaux de construction ou de r\u00e9novation, est une op\u00e9ration de m\u00e9nage tr\u00e8s minutieuse qui, en r\u00e8gle g\u00e9n\u00e9rale, comprend : Le nettoyage\/lessivage des murs. La d\u00e9sinfection des sanitaires &hellip; <a href=\"https:\/\/nciemorocco.com\/?page_id=6046\">Readmore<\/a><\/p>\n","protected":false},"author":1,"featured_media":0,"parent":0,"menu_order":0,"comment_status":"closed","ping_status":"closed","template":"","meta":{"footnotes":""},"class_list":["post-6046","page","type-page","status-publish","hentry"],"yoast_head":"<!-- This site is optimized with the Yoast SEO plugin v27.3 - https:\/\/yoast.com\/product\/yoast-seo-wordpress\/ -->\n<title>Nettoyage Fin de Chantier - nciemorocco<\/title>\n<meta name=\"robots\" content=\"index, follow, max-snippet:-1, max-image-preview:large, max-video-preview:-1\" \/>\n<link rel=\"canonical\" href=\"https:\/\/nciemorocco.com\/?page_id=6046\" \/>\n<meta property=\"og:locale\" content=\"en_US\" \/>\n<meta property=\"og:type\" content=\"article\" \/>\n<meta property=\"og:title\" content=\"Nettoyage Fin de Chantier - nciemorocco\" \/>\n<meta property=\"og:description\" content=\"Nettoyage Fin de Chantier. Le nettoyage de fin de chantier, intervenant apr\u00e8s des travaux de construction ou de r\u00e9novation, est une op\u00e9ration de m\u00e9nage tr\u00e8s minutieuse qui, en r\u00e8gle g\u00e9n\u00e9rale, comprend : Le nettoyage\/lessivage des murs. La d\u00e9sinfection des sanitaires &hellip; Readmore\" \/>\n<meta property=\"og:url\" content=\"https:\/\/nciemorocco.com\/?page_id=6046\" \/>\n<meta property=\"og:site_name\" content=\"nciemorocco\" \/>\n<meta property=\"article:publisher\" content=\"https:\/\/www.facebook.com\/ste.ncie.98\" \/>\n<meta property=\"article:modified_time\" content=\"2020-10-11T19:07:09+00:00\" \/>\n<meta property=\"og:image\" content=\"https:\/\/nciemorocco.com\/wp-content\/uploads\/2020\/10\/n8.png\" \/>\n<meta name=\"twitter:card\" content=\"summary_large_image\" \/>\n<meta name=\"twitter:site\" content=\"@NcieSociete\" \/>\n<meta name=\"twitter:label1\" content=\"Est. reading time\" \/>\n\t<meta name=\"twitter:data1\" content=\"1 minute\" \/>\n<script type=\"application\/ld+json\" class=\"yoast-schema-graph\">{\"@context\":\"https:\\\/\\\/schema.org\",\"@graph\":[{\"@type\":\"WebPage\",\"@id\":\"https:\\\/\\\/nciemorocco.com\\\/?page_id=6046\",\"url\":\"https:\\\/\\\/nciemorocco.com\\\/?page_id=6046\",\"name\":\"Nettoyage Fin de Chantier - nciemorocco\",\"isPartOf\":{\"@id\":\"https:\\\/\\\/nciemorocco.com\\\/#website\"},\"primaryImageOfPage\":{\"@id\":\"https:\\\/\\\/nciemorocco.com\\\/?page_id=6046#primaryimage\"},\"image\":{\"@id\":\"https:\\\/\\\/nciemorocco.com\\\/?page_id=6046#primaryimage\"},\"thumbnailUrl\":\"https:\\\/\\\/nciemorocco.com\\\/wp-content\\\/uploads\\\/2020\\\/10\\\/n8.png\",\"datePublished\":\"2020-10-09T21:30:56+00:00\",\"dateModified\":\"2020-10-11T19:07:09+00:00\",\"breadcrumb\":{\"@id\":\"https:\\\/\\\/nciemorocco.com\\\/?page_id=6046#breadcrumb\"},\"inLanguage\":\"en-US\",\"potentialAction\":[{\"@type\":\"ReadAction\",\"target\":[\"https:\\\/\\\/nciemorocco.com\\\/?page_id=6046\"]}]},{\"@type\":\"ImageObject\",\"inLanguage\":\"en-US\",\"@id\":\"https:\\\/\\\/nciemorocco.com\\\/?page_id=6046#primaryimage\",\"url\":\"https:\\\/\\\/nciemorocco.com\\\/wp-content\\\/uploads\\\/2020\\\/10\\\/n8.png\",\"contentUrl\":\"https:\\\/\\\/nciemorocco.com\\\/wp-content\\\/uploads\\\/2020\\\/10\\\/n8.png\",\"width\":180,\"height\":303},{\"@type\":\"BreadcrumbList\",\"@id\":\"https:\\\/\\\/nciemorocco.com\\\/?page_id=6046#breadcrumb\",\"itemListElement\":[{\"@type\":\"ListItem\",\"position\":1,\"name\":\"Accueil\",\"item\":\"https:\\\/\\\/nciemorocco.com\\\/\"},{\"@type\":\"ListItem\",\"position\":2,\"name\":\"Nettoyage Fin de Chantier\"}]},{\"@type\":\"WebSite\",\"@id\":\"https:\\\/\\\/nciemorocco.com\\\/#website\",\"url\":\"https:\\\/\\\/nciemorocco.com\\\/\",\"name\":\"nciemorocco.com\",\"description\":\"\",\"publisher\":{\"@id\":\"https:\\\/\\\/nciemorocco.com\\\/#organization\"},\"potentialAction\":[{\"@type\":\"SearchAction\",\"target\":{\"@type\":\"EntryPoint\",\"urlTemplate\":\"https:\\\/\\\/nciemorocco.com\\\/?s={search_term_string}\"},\"query-input\":{\"@type\":\"PropertyValueSpecification\",\"valueRequired\":true,\"valueName\":\"search_term_string\"}}],\"inLanguage\":\"en-US\"},{\"@type\":\"Organization\",\"@id\":\"https:\\\/\\\/nciemorocco.com\\\/#organization\",\"name\":\"nciemorocco\",\"url\":\"https:\\\/\\\/nciemorocco.com\\\/\",\"logo\":{\"@type\":\"ImageObject\",\"inLanguage\":\"en-US\",\"@id\":\"https:\\\/\\\/nciemorocco.com\\\/#\\\/schema\\\/logo\\\/image\\\/\",\"url\":\"https:\\\/\\\/nciemorocco.com\\\/wp-content\\\/uploads\\\/2023\\\/02\\\/NCIE.png\",\"contentUrl\":\"https:\\\/\\\/nciemorocco.com\\\/wp-content\\\/uploads\\\/2023\\\/02\\\/NCIE.png\",\"width\":270,\"height\":70,\"caption\":\"nciemorocco\"},\"image\":{\"@id\":\"https:\\\/\\\/nciemorocco.com\\\/#\\\/schema\\\/logo\\\/image\\\/\"},\"sameAs\":[\"https:\\\/\\\/www.facebook.com\\\/ste.ncie.98\",\"https:\\\/\\\/x.com\\\/NcieSociete\",\"https:\\\/\\\/www.instagram.com\\\/nicesociete\\\/\",\"https:\\\/\\\/www.linkedin.com\\\/in\\\/ncie\",\"https:\\\/\\\/www.pinterest.fr\\\/nciemorocco\\\/_saved\\\/\",\"https:\\\/\\\/www.youtube.com\\\/channel\\\/UCjzgpHQQ_68Uhe3Fz5lLskg\"]}]}<\/script>\n<!-- \/ Yoast SEO plugin. -->","yoast_head_json":{"title":"Nettoyage Fin de Chantier - nciemorocco","robots":{"index":"index","follow":"follow","max-snippet":"max-snippet:-1","max-image-preview":"max-image-preview:large","max-video-preview":"max-video-preview:-1"},"canonical":"https:\/\/nciemorocco.com\/?page_id=6046","og_locale":"en_US","og_type":"article","og_title":"Nettoyage Fin de Chantier - nciemorocco","og_description":"Nettoyage Fin de Chantier. Le nettoyage de fin de chantier, intervenant apr\u00e8s des travaux de construction ou de r\u00e9novation, est une op\u00e9ration de m\u00e9nage tr\u00e8s minutieuse qui, en r\u00e8gle g\u00e9n\u00e9rale, comprend : Le nettoyage\/lessivage des murs. La d\u00e9sinfection des sanitaires &hellip; Readmore","og_url":"https:\/\/nciemorocco.com\/?page_id=6046","og_site_name":"nciemorocco","article_publisher":"https:\/\/www.facebook.com\/ste.ncie.98","article_modified_time":"2020-10-11T19:07:09+00:00","og_image":[{"url":"https:\/\/nciemorocco.com\/wp-content\/uploads\/2020\/10\/n8.png","type":"","width":"","height":""}],"twitter_card":"summary_large_image","twitter_site":"@NcieSociete","twitter_misc":{"Est. reading time":"1 minute"},"schema":{"@context":"https:\/\/schema.org","@graph":[{"@type":"WebPage","@id":"https:\/\/nciemorocco.com\/?page_id=6046","url":"https:\/\/nciemorocco.com\/?page_id=6046","name":"Nettoyage Fin de Chantier - nciemorocco","isPartOf":{"@id":"https:\/\/nciemorocco.com\/#website"},"primaryImageOfPage":{"@id":"https:\/\/nciemorocco.com\/?page_id=6046#primaryimage"},"image":{"@id":"https:\/\/nciemorocco.com\/?page_id=6046#primaryimage"},"thumbnailUrl":"https:\/\/nciemorocco.com\/wp-content\/uploads\/2020\/10\/n8.png","datePublished":"2020-10-09T21:30:56+00:00","dateModified":"2020-10-11T19:07:09+00:00","breadcrumb":{"@id":"https:\/\/nciemorocco.com\/?page_id=6046#breadcrumb"},"inLanguage":"en-US","potentialAction":[{"@type":"ReadAction","target":["https:\/\/nciemorocco.com\/?page_id=6046"]}]},{"@type":"ImageObject","inLanguage":"en-US","@id":"https:\/\/nciemorocco.com\/?page_id=6046#primaryimage","url":"https:\/\/nciemorocco.com\/wp-content\/uploads\/2020\/10\/n8.png","contentUrl":"https:\/\/nciemorocco.com\/wp-content\/uploads\/2020\/10\/n8.png","width":180,"height":303},{"@type":"BreadcrumbList","@id":"https:\/\/nciemorocco.com\/?page_id=6046#breadcrumb","itemListElement":[{"@type":"ListItem","position":1,"name":"Accueil","item":"https:\/\/nciemorocco.com\/"},{"@type":"ListItem","position":2,"name":"Nettoyage Fin de Chantier"}]},{"@type":"WebSite","@id":"https:\/\/nciemorocco.com\/#website","url":"https:\/\/nciemorocco.com\/","name":"nciemorocco.com","description":"","publisher":{"@id":"https:\/\/nciemorocco.com\/#organization"},"potentialAction":[{"@type":"SearchAction","target":{"@type":"EntryPoint","urlTemplate":"https:\/\/nciemorocco.com\/?s={search_term_string}"},"query-input":{"@type":"PropertyValueSpecification","valueRequired":true,"valueName":"search_term_string"}}],"inLanguage":"en-US"},{"@type":"Organization","@id":"https:\/\/nciemorocco.com\/#organization","name":"nciemorocco","url":"https:\/\/nciemorocco.com\/","logo":{"@type":"ImageObject","inLanguage":"en-US","@id":"https:\/\/nciemorocco.com\/#\/schema\/logo\/image\/","url":"https:\/\/nciemorocco.com\/wp-content\/uploads\/2023\/02\/NCIE.png","contentUrl":"https:\/\/nciemorocco.com\/wp-content\/uploads\/2023\/02\/NCIE.png","width":270,"height":70,"caption":"nciemorocco"},"image":{"@id":"https:\/\/nciemorocco.com\/#\/schema\/logo\/image\/"},"sameAs":["https:\/\/www.facebook.com\/ste.ncie.98","https:\/\/x.com\/NcieSociete","https:\/\/www.instagram.com\/nicesociete\/","https:\/\/www.linkedin.com\/in\/ncie","https:\/\/www.pinterest.fr\/nciemorocco\/_saved\/","https:\/\/www.youtube.com\/channel\/UCjzgpHQQ_68Uhe3Fz5lLskg"]}]}},"_links":{"self":[{"href":"https:\/\/nciemorocco.com\/index.php?rest_route=\/wp\/v2\/pages\/6046","targetHints":{"allow":["GET"]}}],"collection":[{"href":"https:\/\/nciemorocco.com\/index.php?rest_route=\/wp\/v2\/pages"}],"about":[{"href":"https:\/\/nciemorocco.com\/index.php?rest_route=\/wp\/v2\/types\/page"}],"author":[{"embeddable":true,"href":"https:\/\/nciemorocco.com\/index.php?rest_route=\/wp\/v2\/users\/1"}],"replies":[{"embeddable":true,"href":"https:\/\/nciemorocco.com\/index.php?rest_route=%2Fwp%2Fv2%2Fcomments&post=6046"}],"version-history":[{"count":8,"href":"https:\/\/nciemorocco.com\/index.php?rest_route=\/wp\/v2\/pages\/6046\/revisions"}],"predecessor-version":[{"id":6134,"href":"https:\/\/nciemorocco.com\/index.php?rest_route=\/wp\/v2\/pages\/6046\/revisions\/6134"}],"wp:attachment":[{"href":"https:\/\/nciemorocco.com\/index.php?rest_route=%2Fwp%2Fv2%2Fmedia&parent=6046"}],"curies":[{"name":"wp","href":"https:\/\/api.w.org\/{rel}","templated":true}]}}