{"id":6104,"date":"2020-10-11T18:41:45","date_gmt":"2020-10-11T17:41:45","guid":{"rendered":"https:\/\/nciemorocco.com\/?page_id=6104"},"modified":"2020-10-11T18:44:22","modified_gmt":"2020-10-11T17:44:22","slug":"nettoyage-hotelier%e2%80%8b","status":"publish","type":"page","link":"https:\/\/nciemorocco.com\/?page_id=6104","title":{"rendered":"Nettoyage H\u00f4telier\u200b"},"content":{"rendered":"\t\t<div data-elementor-type=\"wp-page\" data-elementor-id=\"6104\" class=\"elementor elementor-6104\">\n\t\t\t\t\t\t<section class=\"elementor-section elementor-top-section elementor-element elementor-element-bcba5b8 elementor-section-boxed elementor-section-height-default elementor-section-height-default\" data-id=\"bcba5b8\" data-element_type=\"section\" data-e-type=\"section\">\n\t\t\t\t\t\t<div class=\"elementor-container elementor-column-gap-default\">\n\t\t\t\t\t<div class=\"elementor-column elementor-col-100 elementor-top-column elementor-element elementor-element-835d613\" data-id=\"835d613\" data-element_type=\"column\" data-e-type=\"column\">\n\t\t\t<div class=\"elementor-widget-wrap\">\n\t\t\t\t\t\t\t<\/div>\n\t\t<\/div>\n\t\t\t\t\t<\/div>\n\t\t<\/section>\n\t\t\t\t<section class=\"elementor-section elementor-top-section elementor-element elementor-element-1f275c4 elementor-section-boxed elementor-section-height-default elementor-section-height-default\" data-id=\"1f275c4\" data-element_type=\"section\" data-e-type=\"section\">\n\t\t\t\t\t\t<div class=\"elementor-container elementor-column-gap-default\">\n\t\t\t\t\t<div class=\"elementor-column elementor-col-33 elementor-top-column elementor-element elementor-element-8d91ce2\" data-id=\"8d91ce2\" data-element_type=\"column\" data-e-type=\"column\">\n\t\t\t<div class=\"elementor-widget-wrap elementor-element-populated\">\n\t\t\t\t\t\t<div class=\"elementor-element elementor-element-f5a3286 elementor-widget elementor-widget-image\" data-id=\"f5a3286\" data-element_type=\"widget\" data-e-type=\"widget\" data-widget_type=\"image.default\">\n\t\t\t\t<div class=\"elementor-widget-container\">\n\t\t\t\t\t\t\t\t\t\t\t\t\t\t\t<img fetchpriority=\"high\" decoding=\"async\" width=\"207\" height=\"277\" src=\"https:\/\/nciemorocco.com\/wp-content\/uploads\/2020\/10\/n2.png\" class=\"attachment-large size-large wp-image-6031\" alt=\"\" \/>\t\t\t\t\t\t\t\t\t\t\t\t\t\t\t<\/div>\n\t\t\t\t<\/div>\n\t\t\t\t\t<\/div>\n\t\t<\/div>\n\t\t\t\t<div class=\"elementor-column elementor-col-66 elementor-top-column elementor-element elementor-element-9364200\" data-id=\"9364200\" data-element_type=\"column\" data-e-type=\"column\">\n\t\t\t<div class=\"elementor-widget-wrap elementor-element-populated\">\n\t\t\t\t\t\t<div class=\"elementor-element elementor-element-50917c9 elementor-widget elementor-widget-text-editor\" data-id=\"50917c9\" data-element_type=\"widget\" data-e-type=\"widget\" data-widget_type=\"text-editor.default\">\n\t\t\t\t<div class=\"elementor-widget-container\">\n\t\t\t\t\t\t\t\t\tHousekeeping &amp; Cleaning Services est un acteur incontournable de l\u2019entretien h\u00f4telier. NCIE \u00a0assure la propret\u00e9 des chambres et des lieux de vie de votre h\u00f4tel. Outre ses services typiques d\u2019entretien, il vous est \u00e9galement propos\u00e9 des services sur mesure. Le secret de cette r\u00e9ussite repose essentiellement sur l\u2019\u00e9coute, la compl\u00e9mentarit\u00e9 de nos \u00e9quipes, le professionnalisme de nos collaborateurs et notre go\u00fbt pour le travail bien fait.\nEn mati\u00e8re de nettoyage d\u2019h\u00f4tel, il nous est possible d\u2019effectuer des prestations quotidiennes. Parmi celles-ci :\n<ul class=\"liste\">\n \t<li>A\u00e9ration syst\u00e9matique des chambres;<\/li>\n \t<li>Vidange des poubelles et sacs plastiques;<\/li>\n \t<li>Nettoyage des meubles;<\/li>\n \t<li>Nettoyage des traces de doigts (vitres, miroirs, portes, etc.);<\/li>\n \t<li>D\u00e9poussi\u00e9rage des tables et des fen\u00eatres int\u00e9rieures;<\/li>\n \t<li>Astiquage des poign\u00e9es de porte;<\/li>\n \t<li>Nettoyage et lustrage des miroirs;<\/li>\n \t<li>Aspiration du tapis plain et des carpettes \u00e0 l\u2019aspirateur industriel;<\/li>\n \t<li>D\u00e9poussi\u00e9rage du mobilier de chambre;<\/li>\n \t<li>Remise en ordre de la literie;<\/li>\n \t<li>Changement des draps et linges de literie;<\/li>\n \t<li>V\u00e9rification de la bonne disposition des d\u00e9pliants et brochures;<\/li>\n \t<li>R\u00e9approvisionnement des minibars et produits;<\/li>\n \t<li>Nettoyage et d\u00e9sinfection de la cuvette des toilettes, du lavabo et de la baignoire;<\/li>\n \t<li>Changement des linges de la salle de bain;<\/li>\n \t<li>\u2026<\/li>\n<\/ul>\nNos services sont bien entendus enti\u00e8rement <strong>personnalisables<\/strong>. Nous trouverons ensemble la formule la plus adapt\u00e9e \u00e0 votre \u00e9tablissement h\u00f4telier !\t\t\t\t\t\t\t\t<\/div>\n\t\t\t\t<\/div>\n\t\t\t\t\t<\/div>\n\t\t<\/div>\n\t\t\t\t\t<\/div>\n\t\t<\/section>\n\t\t\t\t<\/div>\n\t\t","protected":false},"excerpt":{"rendered":"<p>Housekeeping &amp; Cleaning Services est un acteur incontournable de l\u2019entretien h\u00f4telier. NCIE &nbsp;assure la propret\u00e9 des chambres et des lieux de vie de votre h\u00f4tel. Outre ses services typiques d\u2019entretien, il vous est \u00e9galement propos\u00e9 des services sur mesure. Le &hellip; <a href=\"https:\/\/nciemorocco.com\/?page_id=6104\">Readmore<\/a><\/p>\n","protected":false},"author":1,"featured_media":0,"parent":0,"menu_order":0,"comment_status":"closed","ping_status":"closed","template":"","meta":{"footnotes":""},"class_list":["post-6104","page","type-page","status-publish","hentry"],"yoast_head":"<!-- This site is optimized with the Yoast SEO plugin v27.3 - https:\/\/yoast.com\/product\/yoast-seo-wordpress\/ -->\n<title>Nettoyage H\u00f4telier\u200b - nciemorocco<\/title>\n<meta name=\"robots\" content=\"index, follow, max-snippet:-1, max-image-preview:large, max-video-preview:-1\" \/>\n<link rel=\"canonical\" href=\"https:\/\/nciemorocco.com\/?page_id=6104\" \/>\n<meta property=\"og:locale\" content=\"en_US\" \/>\n<meta property=\"og:type\" content=\"article\" \/>\n<meta property=\"og:title\" content=\"Nettoyage H\u00f4telier\u200b - nciemorocco\" \/>\n<meta property=\"og:description\" content=\"Housekeeping &amp; Cleaning Services est un acteur incontournable de l\u2019entretien h\u00f4telier. NCIE &nbsp;assure la propret\u00e9 des chambres et des lieux de vie de votre h\u00f4tel. Outre ses services typiques d\u2019entretien, il vous est \u00e9galement propos\u00e9 des services sur mesure. Le &hellip; Readmore\" \/>\n<meta property=\"og:url\" content=\"https:\/\/nciemorocco.com\/?page_id=6104\" \/>\n<meta property=\"og:site_name\" content=\"nciemorocco\" \/>\n<meta property=\"article:publisher\" content=\"https:\/\/www.facebook.com\/ste.ncie.98\" \/>\n<meta property=\"article:modified_time\" content=\"2020-10-11T17:44:22+00:00\" \/>\n<meta property=\"og:image\" content=\"https:\/\/nciemorocco.com\/wp-content\/uploads\/2020\/10\/n2.png\" \/>\n<meta name=\"twitter:card\" content=\"summary_large_image\" \/>\n<meta name=\"twitter:site\" content=\"@NcieSociete\" \/>\n<meta name=\"twitter:label1\" content=\"Est. reading time\" \/>\n\t<meta name=\"twitter:data1\" content=\"1 minute\" \/>\n<script type=\"application\/ld+json\" class=\"yoast-schema-graph\">{\"@context\":\"https:\\\/\\\/schema.org\",\"@graph\":[{\"@type\":\"WebPage\",\"@id\":\"https:\\\/\\\/nciemorocco.com\\\/?page_id=6104\",\"url\":\"https:\\\/\\\/nciemorocco.com\\\/?page_id=6104\",\"name\":\"Nettoyage H\u00f4telier\u200b - nciemorocco\",\"isPartOf\":{\"@id\":\"https:\\\/\\\/nciemorocco.com\\\/#website\"},\"primaryImageOfPage\":{\"@id\":\"https:\\\/\\\/nciemorocco.com\\\/?page_id=6104#primaryimage\"},\"image\":{\"@id\":\"https:\\\/\\\/nciemorocco.com\\\/?page_id=6104#primaryimage\"},\"thumbnailUrl\":\"https:\\\/\\\/nciemorocco.com\\\/wp-content\\\/uploads\\\/2020\\\/10\\\/n2.png\",\"datePublished\":\"2020-10-11T17:41:45+00:00\",\"dateModified\":\"2020-10-11T17:44:22+00:00\",\"breadcrumb\":{\"@id\":\"https:\\\/\\\/nciemorocco.com\\\/?page_id=6104#breadcrumb\"},\"inLanguage\":\"en-US\",\"potentialAction\":[{\"@type\":\"ReadAction\",\"target\":[\"https:\\\/\\\/nciemorocco.com\\\/?page_id=6104\"]}]},{\"@type\":\"ImageObject\",\"inLanguage\":\"en-US\",\"@id\":\"https:\\\/\\\/nciemorocco.com\\\/?page_id=6104#primaryimage\",\"url\":\"https:\\\/\\\/nciemorocco.com\\\/wp-content\\\/uploads\\\/2020\\\/10\\\/n2.png\",\"contentUrl\":\"https:\\\/\\\/nciemorocco.com\\\/wp-content\\\/uploads\\\/2020\\\/10\\\/n2.png\",\"width\":207,\"height\":277},{\"@type\":\"BreadcrumbList\",\"@id\":\"https:\\\/\\\/nciemorocco.com\\\/?page_id=6104#breadcrumb\",\"itemListElement\":[{\"@type\":\"ListItem\",\"position\":1,\"name\":\"Accueil\",\"item\":\"https:\\\/\\\/nciemorocco.com\\\/\"},{\"@type\":\"ListItem\",\"position\":2,\"name\":\"Nettoyage H\u00f4telier\u200b\"}]},{\"@type\":\"WebSite\",\"@id\":\"https:\\\/\\\/nciemorocco.com\\\/#website\",\"url\":\"https:\\\/\\\/nciemorocco.com\\\/\",\"name\":\"nciemorocco.com\",\"description\":\"\",\"publisher\":{\"@id\":\"https:\\\/\\\/nciemorocco.com\\\/#organization\"},\"potentialAction\":[{\"@type\":\"SearchAction\",\"target\":{\"@type\":\"EntryPoint\",\"urlTemplate\":\"https:\\\/\\\/nciemorocco.com\\\/?s={search_term_string}\"},\"query-input\":{\"@type\":\"PropertyValueSpecification\",\"valueRequired\":true,\"valueName\":\"search_term_string\"}}],\"inLanguage\":\"en-US\"},{\"@type\":\"Organization\",\"@id\":\"https:\\\/\\\/nciemorocco.com\\\/#organization\",\"name\":\"nciemorocco\",\"url\":\"https:\\\/\\\/nciemorocco.com\\\/\",\"logo\":{\"@type\":\"ImageObject\",\"inLanguage\":\"en-US\",\"@id\":\"https:\\\/\\\/nciemorocco.com\\\/#\\\/schema\\\/logo\\\/image\\\/\",\"url\":\"https:\\\/\\\/nciemorocco.com\\\/wp-content\\\/uploads\\\/2023\\\/02\\\/NCIE.png\",\"contentUrl\":\"https:\\\/\\\/nciemorocco.com\\\/wp-content\\\/uploads\\\/2023\\\/02\\\/NCIE.png\",\"width\":270,\"height\":70,\"caption\":\"nciemorocco\"},\"image\":{\"@id\":\"https:\\\/\\\/nciemorocco.com\\\/#\\\/schema\\\/logo\\\/image\\\/\"},\"sameAs\":[\"https:\\\/\\\/www.facebook.com\\\/ste.ncie.98\",\"https:\\\/\\\/x.com\\\/NcieSociete\",\"https:\\\/\\\/www.instagram.com\\\/nicesociete\\\/\",\"https:\\\/\\\/www.linkedin.com\\\/in\\\/ncie\",\"https:\\\/\\\/www.pinterest.fr\\\/nciemorocco\\\/_saved\\\/\",\"https:\\\/\\\/www.youtube.com\\\/channel\\\/UCjzgpHQQ_68Uhe3Fz5lLskg\"]}]}<\/script>\n<!-- \/ Yoast SEO plugin. -->","yoast_head_json":{"title":"Nettoyage H\u00f4telier\u200b - nciemorocco","robots":{"index":"index","follow":"follow","max-snippet":"max-snippet:-1","max-image-preview":"max-image-preview:large","max-video-preview":"max-video-preview:-1"},"canonical":"https:\/\/nciemorocco.com\/?page_id=6104","og_locale":"en_US","og_type":"article","og_title":"Nettoyage H\u00f4telier\u200b - nciemorocco","og_description":"Housekeeping &amp; Cleaning Services est un acteur incontournable de l\u2019entretien h\u00f4telier. NCIE &nbsp;assure la propret\u00e9 des chambres et des lieux de vie de votre h\u00f4tel. Outre ses services typiques d\u2019entretien, il vous est \u00e9galement propos\u00e9 des services sur mesure. Le &hellip; Readmore","og_url":"https:\/\/nciemorocco.com\/?page_id=6104","og_site_name":"nciemorocco","article_publisher":"https:\/\/www.facebook.com\/ste.ncie.98","article_modified_time":"2020-10-11T17:44:22+00:00","og_image":[{"url":"https:\/\/nciemorocco.com\/wp-content\/uploads\/2020\/10\/n2.png","type":"","width":"","height":""}],"twitter_card":"summary_large_image","twitter_site":"@NcieSociete","twitter_misc":{"Est. reading time":"1 minute"},"schema":{"@context":"https:\/\/schema.org","@graph":[{"@type":"WebPage","@id":"https:\/\/nciemorocco.com\/?page_id=6104","url":"https:\/\/nciemorocco.com\/?page_id=6104","name":"Nettoyage H\u00f4telier\u200b - nciemorocco","isPartOf":{"@id":"https:\/\/nciemorocco.com\/#website"},"primaryImageOfPage":{"@id":"https:\/\/nciemorocco.com\/?page_id=6104#primaryimage"},"image":{"@id":"https:\/\/nciemorocco.com\/?page_id=6104#primaryimage"},"thumbnailUrl":"https:\/\/nciemorocco.com\/wp-content\/uploads\/2020\/10\/n2.png","datePublished":"2020-10-11T17:41:45+00:00","dateModified":"2020-10-11T17:44:22+00:00","breadcrumb":{"@id":"https:\/\/nciemorocco.com\/?page_id=6104#breadcrumb"},"inLanguage":"en-US","potentialAction":[{"@type":"ReadAction","target":["https:\/\/nciemorocco.com\/?page_id=6104"]}]},{"@type":"ImageObject","inLanguage":"en-US","@id":"https:\/\/nciemorocco.com\/?page_id=6104#primaryimage","url":"https:\/\/nciemorocco.com\/wp-content\/uploads\/2020\/10\/n2.png","contentUrl":"https:\/\/nciemorocco.com\/wp-content\/uploads\/2020\/10\/n2.png","width":207,"height":277},{"@type":"BreadcrumbList","@id":"https:\/\/nciemorocco.com\/?page_id=6104#breadcrumb","itemListElement":[{"@type":"ListItem","position":1,"name":"Accueil","item":"https:\/\/nciemorocco.com\/"},{"@type":"ListItem","position":2,"name":"Nettoyage H\u00f4telier\u200b"}]},{"@type":"WebSite","@id":"https:\/\/nciemorocco.com\/#website","url":"https:\/\/nciemorocco.com\/","name":"nciemorocco.com","description":"","publisher":{"@id":"https:\/\/nciemorocco.com\/#organization"},"potentialAction":[{"@type":"SearchAction","target":{"@type":"EntryPoint","urlTemplate":"https:\/\/nciemorocco.com\/?s={search_term_string}"},"query-input":{"@type":"PropertyValueSpecification","valueRequired":true,"valueName":"search_term_string"}}],"inLanguage":"en-US"},{"@type":"Organization","@id":"https:\/\/nciemorocco.com\/#organization","name":"nciemorocco","url":"https:\/\/nciemorocco.com\/","logo":{"@type":"ImageObject","inLanguage":"en-US","@id":"https:\/\/nciemorocco.com\/#\/schema\/logo\/image\/","url":"https:\/\/nciemorocco.com\/wp-content\/uploads\/2023\/02\/NCIE.png","contentUrl":"https:\/\/nciemorocco.com\/wp-content\/uploads\/2023\/02\/NCIE.png","width":270,"height":70,"caption":"nciemorocco"},"image":{"@id":"https:\/\/nciemorocco.com\/#\/schema\/logo\/image\/"},"sameAs":["https:\/\/www.facebook.com\/ste.ncie.98","https:\/\/x.com\/NcieSociete","https:\/\/www.instagram.com\/nicesociete\/","https:\/\/www.linkedin.com\/in\/ncie","https:\/\/www.pinterest.fr\/nciemorocco\/_saved\/","https:\/\/www.youtube.com\/channel\/UCjzgpHQQ_68Uhe3Fz5lLskg"]}]}},"_links":{"self":[{"href":"https:\/\/nciemorocco.com\/index.php?rest_route=\/wp\/v2\/pages\/6104","targetHints":{"allow":["GET"]}}],"collection":[{"href":"https:\/\/nciemorocco.com\/index.php?rest_route=\/wp\/v2\/pages"}],"about":[{"href":"https:\/\/nciemorocco.com\/index.php?rest_route=\/wp\/v2\/types\/page"}],"author":[{"embeddable":true,"href":"https:\/\/nciemorocco.com\/index.php?rest_route=\/wp\/v2\/users\/1"}],"replies":[{"embeddable":true,"href":"https:\/\/nciemorocco.com\/index.php?rest_route=%2Fwp%2Fv2%2Fcomments&post=6104"}],"version-history":[{"count":3,"href":"https:\/\/nciemorocco.com\/index.php?rest_route=\/wp\/v2\/pages\/6104\/revisions"}],"predecessor-version":[{"id":6108,"href":"https:\/\/nciemorocco.com\/index.php?rest_route=\/wp\/v2\/pages\/6104\/revisions\/6108"}],"wp:attachment":[{"href":"https:\/\/nciemorocco.com\/index.php?rest_route=%2Fwp%2Fv2%2Fmedia&parent=6104"}],"curies":[{"name":"wp","href":"https:\/\/api.w.org\/{rel}","templated":true}]}}