{"id":6109,"date":"2020-10-11T18:45:04","date_gmt":"2020-10-11T17:45:04","guid":{"rendered":"https:\/\/nciemorocco.com\/?page_id=6109"},"modified":"2020-10-11T18:49:37","modified_gmt":"2020-10-11T17:49:37","slug":"nettoyage-hospitalier-et-bio-nettoyage-%e2%80%8b","status":"publish","type":"page","link":"https:\/\/nciemorocco.com\/?page_id=6109","title":{"rendered":"Nettoyage Hospitalier et bio-nettoyage \u200b"},"content":{"rendered":"\t\t<div data-elementor-type=\"wp-page\" data-elementor-id=\"6109\" class=\"elementor elementor-6109\">\n\t\t\t\t\t\t<section class=\"elementor-section elementor-top-section elementor-element elementor-element-639222c elementor-section-boxed elementor-section-height-default elementor-section-height-default\" data-id=\"639222c\" data-element_type=\"section\" data-e-type=\"section\">\n\t\t\t\t\t\t<div class=\"elementor-container elementor-column-gap-default\">\n\t\t\t\t\t<div class=\"elementor-column elementor-col-100 elementor-top-column elementor-element elementor-element-8900a47\" data-id=\"8900a47\" data-element_type=\"column\" data-e-type=\"column\">\n\t\t\t<div class=\"elementor-widget-wrap elementor-element-populated\">\n\t\t\t\t\t\t<div class=\"elementor-element elementor-element-77a4f10 elementor-widget elementor-widget-heading\" data-id=\"77a4f10\" data-element_type=\"widget\" data-e-type=\"widget\" data-widget_type=\"heading.default\">\n\t\t\t\t<div class=\"elementor-widget-container\">\n\t\t\t\t\t<h2 class=\"elementor-heading-title elementor-size-default\"><h3 data-elementor-setting-key=\"title\" data-pen-placeholder=\"\u00c9crivez ici...\" style=\"font-weight: var( --e-global-typography-primary-font-weight );font-family: var( --e-global-typography-primary-font-family )\">Nettoyage Hospitalier et bio-nettoyage.<\/h3><\/h2>\t\t\t\t<\/div>\n\t\t\t\t<\/div>\n\t\t\t\t\t<\/div>\n\t\t<\/div>\n\t\t\t\t\t<\/div>\n\t\t<\/section>\n\t\t\t\t<section class=\"elementor-section elementor-top-section elementor-element elementor-element-5080d97 elementor-section-boxed elementor-section-height-default elementor-section-height-default\" data-id=\"5080d97\" data-element_type=\"section\" data-e-type=\"section\">\n\t\t\t\t\t\t<div class=\"elementor-container elementor-column-gap-default\">\n\t\t\t\t\t<div class=\"elementor-column elementor-col-33 elementor-top-column elementor-element elementor-element-00bd0fb\" data-id=\"00bd0fb\" data-element_type=\"column\" data-e-type=\"column\">\n\t\t\t<div class=\"elementor-widget-wrap elementor-element-populated\">\n\t\t\t\t\t\t<div class=\"elementor-element elementor-element-bece7c9 elementor-widget elementor-widget-image\" data-id=\"bece7c9\" data-element_type=\"widget\" data-e-type=\"widget\" data-widget_type=\"image.default\">\n\t\t\t\t<div class=\"elementor-widget-container\">\n\t\t\t\t\t\t\t\t\t\t\t\t\t\t\t<img fetchpriority=\"high\" decoding=\"async\" width=\"274\" height=\"337\" src=\"https:\/\/nciemorocco.com\/wp-content\/uploads\/2020\/10\/n4.png\" class=\"attachment-large size-large wp-image-6035\" alt=\"\" srcset=\"https:\/\/nciemorocco.com\/wp-content\/uploads\/2020\/10\/n4.png 274w, https:\/\/nciemorocco.com\/wp-content\/uploads\/2020\/10\/n4-244x300.png 244w\" sizes=\"(max-width: 274px) 100vw, 274px\" \/>\t\t\t\t\t\t\t\t\t\t\t\t\t\t\t<\/div>\n\t\t\t\t<\/div>\n\t\t\t\t\t<\/div>\n\t\t<\/div>\n\t\t\t\t<div class=\"elementor-column elementor-col-66 elementor-top-column elementor-element elementor-element-b6eb1dc\" data-id=\"b6eb1dc\" data-element_type=\"column\" data-e-type=\"column\">\n\t\t\t<div class=\"elementor-widget-wrap elementor-element-populated\">\n\t\t\t\t\t\t<div class=\"elementor-element elementor-element-420309e elementor-widget elementor-widget-text-editor\" data-id=\"420309e\" data-element_type=\"widget\" data-e-type=\"widget\" data-widget_type=\"text-editor.default\">\n\t\t\t\t<div class=\"elementor-widget-container\">\n\t\t\t\t\t\t\t\t\tDans un secteur aussi sensible que celui de la sant\u00e9, l\u2019hygi\u00e8ne de vos \u00e9tablissements de soins est indispensable pour le bien-\u00eatre et la s\u00e9curit\u00e9 de vos patients ou r\u00e9sidents et doit, par cons\u00e9quent, \u00eatre irr\u00e9prochable. NCIE vous propose un accompagnement quotidien adapt\u00e9 aux protocoles des services hospitaliers qui vous permet de concentrer vos efforts sur vos pratiques m\u00e9dicales et qualit\u00e9 des soins, tout en ma\u00eetrisant la qualit\u00e9 et votre budget.\n\nOutre les exigences l\u00e9gislatives et r\u00e9glementaires inh\u00e9rentes \u00e0 votre activit\u00e9, chaque Agent d\u2019entretien et Agent de service h\u00f4telier hospitalier NCIE (entretien et nettoyage des chambres des patients, nettoyage des sols et des parties communes, service de distribution de repas, blanchisserie) b\u00e9n\u00e9ficie de formation en nettoyage d\u2019h\u00f4pital et prend en compte les attentes l\u00e9gitimement exprim\u00e9es par vos patients ou r\u00e9sidents et leurs proches : <strong>la propret\u00e9 des locaux<\/strong>, \u00e9viter les risques d\u2019infections nosocomiales li\u00e9es aux soins apr\u00e8s une intervention en bloc op\u00e9ratoire et d\u2019une fa\u00e7on plus g\u00e9n\u00e9rale la qualit\u00e9 h\u00f4teli\u00e8re sont nos priorit\u00e9s, pour le bien-\u00eatre de tous et en particulier le confort des patients.\n\nNCIE propose une offre de services d\u00e9di\u00e9e au nettoyage des locaux des\u00a0\u00e9tablissements de sant\u00e9 (h\u00f4pitaux, cliniques, laboratoires\u2026) et \u00e0 l\u2019entretien des locaux des\u00a0\u00e9tablissements m\u00e9dico-sociaux (maison de retraite, foyers logements, \u00c9tablissements pour personnes en situation de handicap &#8230;). En s\u2019adaptant aux contraintes fonctionnelles et organisationnelles de votre structure (st\u00e9rilisation, lutte contre les infections, d\u00e9contamination, entretien des chambres, remplacement des draps\u2026), nos Agents de Services Hospitaliers (ASH) qualifi\u00e9s et exp\u00e9riment\u00e9s, savent \u00eatre polyvalents et assurent leurs prestations avec la plus grande attention en termes d\u2019hygi\u00e8ne et de s\u00e9curit\u00e9.\n\nLa notori\u00e9t\u00e9 de votre \u00e9tablissement de sant\u00e9, sa fr\u00e9quentation, sa p\u00e9rennit\u00e9 sont conditionn\u00e9es par le respect des r\u00e8gles sanitaires et par votre image de marque. En vous entourant d&#8217;un partenaire fort d\u2019une exp\u00e9rience \u00a0dans les secteurs sanitaire\u00a0et m\u00e9dico-social, vous b\u00e9n\u00e9ficiez d\u2019un savoir-faire actualis\u00e9 gr\u00e2ce \u00e0 la veille technologique et au\u00a0management qualit\u00e9 du Gro.\t\t\t\t\t\t\t\t<\/div>\n\t\t\t\t<\/div>\n\t\t\t\t\t<\/div>\n\t\t<\/div>\n\t\t\t\t\t<\/div>\n\t\t<\/section>\n\t\t\t\t<section class=\"elementor-section elementor-top-section elementor-element elementor-element-491692a elementor-section-boxed elementor-section-height-default elementor-section-height-default\" data-id=\"491692a\" data-element_type=\"section\" data-e-type=\"section\">\n\t\t\t\t\t\t<div class=\"elementor-container elementor-column-gap-default\">\n\t\t\t\t\t<div class=\"elementor-column elementor-col-100 elementor-top-column elementor-element elementor-element-72c0558\" data-id=\"72c0558\" data-element_type=\"column\" data-e-type=\"column\">\n\t\t\t<div class=\"elementor-widget-wrap elementor-element-populated\">\n\t\t\t\t\t\t<div class=\"elementor-element elementor-element-837f717 elementor-widget elementor-widget-heading\" data-id=\"837f717\" data-element_type=\"widget\" data-e-type=\"widget\" data-widget_type=\"heading.default\">\n\t\t\t\t<div class=\"elementor-widget-container\">\n\t\t\t\t\t<h2 class=\"elementor-heading-title elementor-size-default\"><h4 data-elementor-setting-key=\"title\" data-pen-placeholder=\"\u00c9crivez ici...\" style=\"font-weight: var( --e-global-typography-primary-font-weight );font-family: var( --e-global-typography-primary-font-family );text-align: center\">Un secteur d'innovation pour le bio nettoyage...<\/h4><\/h2>\t\t\t\t<\/div>\n\t\t\t\t<\/div>\n\t\t\t\t\t<\/div>\n\t\t<\/div>\n\t\t\t\t\t<\/div>\n\t\t<\/section>\n\t\t\t\t<section class=\"elementor-section elementor-top-section elementor-element elementor-element-df12527 elementor-section-boxed elementor-section-height-default elementor-section-height-default\" data-id=\"df12527\" data-element_type=\"section\" data-e-type=\"section\">\n\t\t\t\t\t\t<div class=\"elementor-container elementor-column-gap-default\">\n\t\t\t\t\t<div class=\"elementor-column elementor-col-25 elementor-top-column elementor-element elementor-element-26b0410\" data-id=\"26b0410\" data-element_type=\"column\" data-e-type=\"column\">\n\t\t\t<div class=\"elementor-widget-wrap\">\n\t\t\t\t\t\t\t<\/div>\n\t\t<\/div>\n\t\t\t\t<div class=\"elementor-column elementor-col-50 elementor-top-column elementor-element elementor-element-e99ff22\" data-id=\"e99ff22\" data-element_type=\"column\" data-e-type=\"column\">\n\t\t\t<div class=\"elementor-widget-wrap elementor-element-populated\">\n\t\t\t\t\t\t<div class=\"elementor-element elementor-element-e98df2d elementor-arrows-position-inside elementor-pagination-position-outside elementor-widget elementor-widget-image-carousel\" data-id=\"e98df2d\" data-element_type=\"widget\" data-e-type=\"widget\" data-settings=\"{&quot;slides_to_show&quot;:&quot;2&quot;,&quot;navigation&quot;:&quot;both&quot;,&quot;autoplay&quot;:&quot;yes&quot;,&quot;pause_on_hover&quot;:&quot;yes&quot;,&quot;pause_on_interaction&quot;:&quot;yes&quot;,&quot;autoplay_speed&quot;:5000,&quot;infinite&quot;:&quot;yes&quot;,&quot;speed&quot;:500}\" data-widget_type=\"image-carousel.default\">\n\t\t\t\t<div class=\"elementor-widget-container\">\n\t\t\t\t\t\t\t<div class=\"elementor-image-carousel-wrapper swiper\" role=\"region\" aria-roledescription=\"carousel\" aria-label=\"Image Carousel\" dir=\"ltr\">\n\t\t\t<div class=\"elementor-image-carousel swiper-wrapper swiper-image-stretch\" aria-live=\"off\">\n\t\t\t\t\t\t\t\t<div class=\"swiper-slide\" role=\"group\" aria-roledescription=\"slide\" aria-label=\"1 of 2\"><figure class=\"swiper-slide-inner\"><img decoding=\"async\" class=\"swiper-slide-image\" src=\"https:\/\/nciemorocco.com\/wp-content\/uploads\/2020\/10\/n7-150x150.png\" alt=\"n7\" \/><\/figure><\/div><div class=\"swiper-slide\" role=\"group\" aria-roledescription=\"slide\" aria-label=\"2 of 2\"><figure class=\"swiper-slide-inner\"><img decoding=\"async\" class=\"swiper-slide-image\" src=\"https:\/\/nciemorocco.com\/wp-content\/uploads\/2020\/10\/n6-150x150.png\" alt=\"n6\" \/><\/figure><\/div>\t\t\t<\/div>\n\t\t\t\t\t\t\t\t\t\t\t\t<div class=\"elementor-swiper-button elementor-swiper-button-prev\" role=\"button\" tabindex=\"0\">\n\t\t\t\t\t\t<i aria-hidden=\"true\" class=\"eicon-chevron-left\"><\/i>\t\t\t\t\t<\/div>\n\t\t\t\t\t<div class=\"elementor-swiper-button elementor-swiper-button-next\" role=\"button\" tabindex=\"0\">\n\t\t\t\t\t\t<i aria-hidden=\"true\" class=\"eicon-chevron-right\"><\/i>\t\t\t\t\t<\/div>\n\t\t\t\t\n\t\t\t\t\t\t\t\t\t<div class=\"swiper-pagination\"><\/div>\n\t\t\t\t\t\t\t\t\t<\/div>\n\t\t\t\t\t\t<\/div>\n\t\t\t\t<\/div>\n\t\t\t\t\t<\/div>\n\t\t<\/div>\n\t\t\t\t<div class=\"elementor-column elementor-col-25 elementor-top-column elementor-element elementor-element-04d5dd9\" data-id=\"04d5dd9\" data-element_type=\"column\" data-e-type=\"column\">\n\t\t\t<div class=\"elementor-widget-wrap\">\n\t\t\t\t\t\t\t<\/div>\n\t\t<\/div>\n\t\t\t\t\t<\/div>\n\t\t<\/section>\n\t\t\t\t<section class=\"elementor-section elementor-top-section elementor-element elementor-element-49a4ebe elementor-section-boxed elementor-section-height-default elementor-section-height-default\" data-id=\"49a4ebe\" data-element_type=\"section\" data-e-type=\"section\">\n\t\t\t\t\t\t<div class=\"elementor-container elementor-column-gap-default\">\n\t\t\t\t\t<div class=\"elementor-column elementor-col-33 elementor-top-column elementor-element elementor-element-bd3eac2\" data-id=\"bd3eac2\" data-element_type=\"column\" data-e-type=\"column\">\n\t\t\t<div class=\"elementor-widget-wrap elementor-element-populated\">\n\t\t\t\t\t\t<div class=\"elementor-element elementor-element-cc135a7 elementor-widget elementor-widget-image\" data-id=\"cc135a7\" data-element_type=\"widget\" data-e-type=\"widget\" data-widget_type=\"image.default\">\n\t\t\t\t<div class=\"elementor-widget-container\">\n\t\t\t\t\t\t\t\t\t\t\t\t\t\t\t<img decoding=\"async\" width=\"495\" height=\"371\" src=\"https:\/\/nciemorocco.com\/wp-content\/uploads\/2020\/10\/n7.png\" class=\"attachment-large size-large wp-image-6043\" alt=\"\" srcset=\"https:\/\/nciemorocco.com\/wp-content\/uploads\/2020\/10\/n7.png 495w, https:\/\/nciemorocco.com\/wp-content\/uploads\/2020\/10\/n7-300x225.png 300w\" sizes=\"(max-width: 495px) 100vw, 495px\" \/>\t\t\t\t\t\t\t\t\t\t\t\t\t\t\t<\/div>\n\t\t\t\t<\/div>\n\t\t\t\t\t<\/div>\n\t\t<\/div>\n\t\t\t\t<div class=\"elementor-column elementor-col-66 elementor-top-column elementor-element elementor-element-065308e\" data-id=\"065308e\" data-element_type=\"column\" data-e-type=\"column\">\n\t\t\t<div class=\"elementor-widget-wrap elementor-element-populated\">\n\t\t\t\t\t\t<div class=\"elementor-element elementor-element-b5e398f elementor-widget elementor-widget-text-editor\" data-id=\"b5e398f\" data-element_type=\"widget\" data-e-type=\"widget\" data-widget_type=\"text-editor.default\">\n\t\t\t\t<div class=\"elementor-widget-container\">\n\t\t\t\t\t\t\t\t\t<h3><\/h3>\n<p>En r\u00e9ponse aux exigences sp\u00e9cifiques du secteur de la sant\u00e9, NCIE d\u00e9veloppe, une offre globale de prestations de nettoyage d\u2019h\u00f4pital et clinique v\u00e9ritablement tourn\u00e9e vers le service h\u00f4telier et le confort des patients et des r\u00e9sidents.\u00a0Respectueux des protocoles de nettoyage destin\u00e9s \u00e0 limiter au maximum le risque infectieux ou contamination \u00e9ventuelle et pour garantir une bonne hygi\u00e8ne hospitali\u00e8re, les produits de nettoyage utilis\u00e9s et nos techniques d\u2019entretien donneront un cadre de travail id\u00e9al aux aides-soignants, infirmiers, m\u00e9decins, praticiens et plus globalement tout le personnel soignant ainsi que les patients durant leur hospitalisation et leur convalescence.<\/p>\n<p>\nEt parce que la sant\u00e9 est par nature un secteur d\u2019innovation, nous int\u00e9grons sans cesse des services toujours plus performants, renfor\u00e7ant le professionnalisme de nos \u00e9quipes et am\u00e9liorant la qualit\u00e9 de vie au travail des salari\u00e9s.<\/p>\t\t\t\t\t\t\t\t<\/div>\n\t\t\t\t<\/div>\n\t\t\t\t\t<\/div>\n\t\t<\/div>\n\t\t\t\t\t<\/div>\n\t\t<\/section>\n\t\t\t\t<\/div>\n\t\t","protected":false},"excerpt":{"rendered":"<p>Nettoyage Hospitalier et bio-nettoyage. Dans un secteur aussi sensible que celui de la sant\u00e9, l\u2019hygi\u00e8ne de vos \u00e9tablissements de soins est indispensable pour le bien-\u00eatre et la s\u00e9curit\u00e9 de vos patients ou r\u00e9sidents et doit, par cons\u00e9quent, \u00eatre irr\u00e9prochable. NCIE &hellip; <a href=\"https:\/\/nciemorocco.com\/?page_id=6109\">Readmore<\/a><\/p>\n","protected":false},"author":1,"featured_media":0,"parent":0,"menu_order":0,"comment_status":"closed","ping_status":"closed","template":"","meta":{"footnotes":""},"class_list":["post-6109","page","type-page","status-publish","hentry"],"yoast_head":"<!-- This site is optimized with the Yoast SEO plugin v27.3 - https:\/\/yoast.com\/product\/yoast-seo-wordpress\/ -->\n<title>Nettoyage Hospitalier et bio-nettoyage \u200b - nciemorocco<\/title>\n<meta name=\"robots\" content=\"index, follow, max-snippet:-1, max-image-preview:large, max-video-preview:-1\" \/>\n<link rel=\"canonical\" href=\"https:\/\/nciemorocco.com\/?page_id=6109\" \/>\n<meta property=\"og:locale\" content=\"en_US\" \/>\n<meta property=\"og:type\" content=\"article\" \/>\n<meta property=\"og:title\" content=\"Nettoyage Hospitalier et bio-nettoyage \u200b - nciemorocco\" \/>\n<meta property=\"og:description\" content=\"Nettoyage Hospitalier et bio-nettoyage. Dans un secteur aussi sensible que celui de la sant\u00e9, l\u2019hygi\u00e8ne de vos \u00e9tablissements de soins est indispensable pour le bien-\u00eatre et la s\u00e9curit\u00e9 de vos patients ou r\u00e9sidents et doit, par cons\u00e9quent, \u00eatre irr\u00e9prochable. NCIE &hellip; Readmore\" \/>\n<meta property=\"og:url\" content=\"https:\/\/nciemorocco.com\/?page_id=6109\" \/>\n<meta property=\"og:site_name\" content=\"nciemorocco\" \/>\n<meta property=\"article:publisher\" content=\"https:\/\/www.facebook.com\/ste.ncie.98\" \/>\n<meta property=\"article:modified_time\" content=\"2020-10-11T17:49:37+00:00\" \/>\n<meta property=\"og:image\" content=\"https:\/\/nciemorocco.com\/wp-content\/uploads\/2020\/10\/n4.png\" \/>\n<meta name=\"twitter:card\" content=\"summary_large_image\" \/>\n<meta name=\"twitter:site\" content=\"@NcieSociete\" \/>\n<meta name=\"twitter:label1\" content=\"Est. reading time\" \/>\n\t<meta name=\"twitter:data1\" content=\"3 minutes\" \/>\n<script type=\"application\/ld+json\" class=\"yoast-schema-graph\">{\"@context\":\"https:\\\/\\\/schema.org\",\"@graph\":[{\"@type\":\"WebPage\",\"@id\":\"https:\\\/\\\/nciemorocco.com\\\/?page_id=6109\",\"url\":\"https:\\\/\\\/nciemorocco.com\\\/?page_id=6109\",\"name\":\"Nettoyage Hospitalier et bio-nettoyage \u200b - nciemorocco\",\"isPartOf\":{\"@id\":\"https:\\\/\\\/nciemorocco.com\\\/#website\"},\"primaryImageOfPage\":{\"@id\":\"https:\\\/\\\/nciemorocco.com\\\/?page_id=6109#primaryimage\"},\"image\":{\"@id\":\"https:\\\/\\\/nciemorocco.com\\\/?page_id=6109#primaryimage\"},\"thumbnailUrl\":\"https:\\\/\\\/nciemorocco.com\\\/wp-content\\\/uploads\\\/2020\\\/10\\\/n4.png\",\"datePublished\":\"2020-10-11T17:45:04+00:00\",\"dateModified\":\"2020-10-11T17:49:37+00:00\",\"breadcrumb\":{\"@id\":\"https:\\\/\\\/nciemorocco.com\\\/?page_id=6109#breadcrumb\"},\"inLanguage\":\"en-US\",\"potentialAction\":[{\"@type\":\"ReadAction\",\"target\":[\"https:\\\/\\\/nciemorocco.com\\\/?page_id=6109\"]}]},{\"@type\":\"ImageObject\",\"inLanguage\":\"en-US\",\"@id\":\"https:\\\/\\\/nciemorocco.com\\\/?page_id=6109#primaryimage\",\"url\":\"https:\\\/\\\/nciemorocco.com\\\/wp-content\\\/uploads\\\/2020\\\/10\\\/n4.png\",\"contentUrl\":\"https:\\\/\\\/nciemorocco.com\\\/wp-content\\\/uploads\\\/2020\\\/10\\\/n4.png\",\"width\":274,\"height\":337},{\"@type\":\"BreadcrumbList\",\"@id\":\"https:\\\/\\\/nciemorocco.com\\\/?page_id=6109#breadcrumb\",\"itemListElement\":[{\"@type\":\"ListItem\",\"position\":1,\"name\":\"Accueil\",\"item\":\"https:\\\/\\\/nciemorocco.com\\\/\"},{\"@type\":\"ListItem\",\"position\":2,\"name\":\"Nettoyage Hospitalier et bio-nettoyage \u200b\"}]},{\"@type\":\"WebSite\",\"@id\":\"https:\\\/\\\/nciemorocco.com\\\/#website\",\"url\":\"https:\\\/\\\/nciemorocco.com\\\/\",\"name\":\"nciemorocco.com\",\"description\":\"\",\"publisher\":{\"@id\":\"https:\\\/\\\/nciemorocco.com\\\/#organization\"},\"potentialAction\":[{\"@type\":\"SearchAction\",\"target\":{\"@type\":\"EntryPoint\",\"urlTemplate\":\"https:\\\/\\\/nciemorocco.com\\\/?s={search_term_string}\"},\"query-input\":{\"@type\":\"PropertyValueSpecification\",\"valueRequired\":true,\"valueName\":\"search_term_string\"}}],\"inLanguage\":\"en-US\"},{\"@type\":\"Organization\",\"@id\":\"https:\\\/\\\/nciemorocco.com\\\/#organization\",\"name\":\"nciemorocco\",\"url\":\"https:\\\/\\\/nciemorocco.com\\\/\",\"logo\":{\"@type\":\"ImageObject\",\"inLanguage\":\"en-US\",\"@id\":\"https:\\\/\\\/nciemorocco.com\\\/#\\\/schema\\\/logo\\\/image\\\/\",\"url\":\"https:\\\/\\\/nciemorocco.com\\\/wp-content\\\/uploads\\\/2023\\\/02\\\/NCIE.png\",\"contentUrl\":\"https:\\\/\\\/nciemorocco.com\\\/wp-content\\\/uploads\\\/2023\\\/02\\\/NCIE.png\",\"width\":270,\"height\":70,\"caption\":\"nciemorocco\"},\"image\":{\"@id\":\"https:\\\/\\\/nciemorocco.com\\\/#\\\/schema\\\/logo\\\/image\\\/\"},\"sameAs\":[\"https:\\\/\\\/www.facebook.com\\\/ste.ncie.98\",\"https:\\\/\\\/x.com\\\/NcieSociete\",\"https:\\\/\\\/www.instagram.com\\\/nicesociete\\\/\",\"https:\\\/\\\/www.linkedin.com\\\/in\\\/ncie\",\"https:\\\/\\\/www.pinterest.fr\\\/nciemorocco\\\/_saved\\\/\",\"https:\\\/\\\/www.youtube.com\\\/channel\\\/UCjzgpHQQ_68Uhe3Fz5lLskg\"]}]}<\/script>\n<!-- \/ Yoast SEO plugin. -->","yoast_head_json":{"title":"Nettoyage Hospitalier et bio-nettoyage \u200b - nciemorocco","robots":{"index":"index","follow":"follow","max-snippet":"max-snippet:-1","max-image-preview":"max-image-preview:large","max-video-preview":"max-video-preview:-1"},"canonical":"https:\/\/nciemorocco.com\/?page_id=6109","og_locale":"en_US","og_type":"article","og_title":"Nettoyage Hospitalier et bio-nettoyage \u200b - nciemorocco","og_description":"Nettoyage Hospitalier et bio-nettoyage. Dans un secteur aussi sensible que celui de la sant\u00e9, l\u2019hygi\u00e8ne de vos \u00e9tablissements de soins est indispensable pour le bien-\u00eatre et la s\u00e9curit\u00e9 de vos patients ou r\u00e9sidents et doit, par cons\u00e9quent, \u00eatre irr\u00e9prochable. NCIE &hellip; Readmore","og_url":"https:\/\/nciemorocco.com\/?page_id=6109","og_site_name":"nciemorocco","article_publisher":"https:\/\/www.facebook.com\/ste.ncie.98","article_modified_time":"2020-10-11T17:49:37+00:00","og_image":[{"url":"https:\/\/nciemorocco.com\/wp-content\/uploads\/2020\/10\/n4.png","type":"","width":"","height":""}],"twitter_card":"summary_large_image","twitter_site":"@NcieSociete","twitter_misc":{"Est. reading time":"3 minutes"},"schema":{"@context":"https:\/\/schema.org","@graph":[{"@type":"WebPage","@id":"https:\/\/nciemorocco.com\/?page_id=6109","url":"https:\/\/nciemorocco.com\/?page_id=6109","name":"Nettoyage Hospitalier et bio-nettoyage \u200b - nciemorocco","isPartOf":{"@id":"https:\/\/nciemorocco.com\/#website"},"primaryImageOfPage":{"@id":"https:\/\/nciemorocco.com\/?page_id=6109#primaryimage"},"image":{"@id":"https:\/\/nciemorocco.com\/?page_id=6109#primaryimage"},"thumbnailUrl":"https:\/\/nciemorocco.com\/wp-content\/uploads\/2020\/10\/n4.png","datePublished":"2020-10-11T17:45:04+00:00","dateModified":"2020-10-11T17:49:37+00:00","breadcrumb":{"@id":"https:\/\/nciemorocco.com\/?page_id=6109#breadcrumb"},"inLanguage":"en-US","potentialAction":[{"@type":"ReadAction","target":["https:\/\/nciemorocco.com\/?page_id=6109"]}]},{"@type":"ImageObject","inLanguage":"en-US","@id":"https:\/\/nciemorocco.com\/?page_id=6109#primaryimage","url":"https:\/\/nciemorocco.com\/wp-content\/uploads\/2020\/10\/n4.png","contentUrl":"https:\/\/nciemorocco.com\/wp-content\/uploads\/2020\/10\/n4.png","width":274,"height":337},{"@type":"BreadcrumbList","@id":"https:\/\/nciemorocco.com\/?page_id=6109#breadcrumb","itemListElement":[{"@type":"ListItem","position":1,"name":"Accueil","item":"https:\/\/nciemorocco.com\/"},{"@type":"ListItem","position":2,"name":"Nettoyage Hospitalier et bio-nettoyage \u200b"}]},{"@type":"WebSite","@id":"https:\/\/nciemorocco.com\/#website","url":"https:\/\/nciemorocco.com\/","name":"nciemorocco.com","description":"","publisher":{"@id":"https:\/\/nciemorocco.com\/#organization"},"potentialAction":[{"@type":"SearchAction","target":{"@type":"EntryPoint","urlTemplate":"https:\/\/nciemorocco.com\/?s={search_term_string}"},"query-input":{"@type":"PropertyValueSpecification","valueRequired":true,"valueName":"search_term_string"}}],"inLanguage":"en-US"},{"@type":"Organization","@id":"https:\/\/nciemorocco.com\/#organization","name":"nciemorocco","url":"https:\/\/nciemorocco.com\/","logo":{"@type":"ImageObject","inLanguage":"en-US","@id":"https:\/\/nciemorocco.com\/#\/schema\/logo\/image\/","url":"https:\/\/nciemorocco.com\/wp-content\/uploads\/2023\/02\/NCIE.png","contentUrl":"https:\/\/nciemorocco.com\/wp-content\/uploads\/2023\/02\/NCIE.png","width":270,"height":70,"caption":"nciemorocco"},"image":{"@id":"https:\/\/nciemorocco.com\/#\/schema\/logo\/image\/"},"sameAs":["https:\/\/www.facebook.com\/ste.ncie.98","https:\/\/x.com\/NcieSociete","https:\/\/www.instagram.com\/nicesociete\/","https:\/\/www.linkedin.com\/in\/ncie","https:\/\/www.pinterest.fr\/nciemorocco\/_saved\/","https:\/\/www.youtube.com\/channel\/UCjzgpHQQ_68Uhe3Fz5lLskg"]}]}},"_links":{"self":[{"href":"https:\/\/nciemorocco.com\/index.php?rest_route=\/wp\/v2\/pages\/6109","targetHints":{"allow":["GET"]}}],"collection":[{"href":"https:\/\/nciemorocco.com\/index.php?rest_route=\/wp\/v2\/pages"}],"about":[{"href":"https:\/\/nciemorocco.com\/index.php?rest_route=\/wp\/v2\/types\/page"}],"author":[{"embeddable":true,"href":"https:\/\/nciemorocco.com\/index.php?rest_route=\/wp\/v2\/users\/1"}],"replies":[{"embeddable":true,"href":"https:\/\/nciemorocco.com\/index.php?rest_route=%2Fwp%2Fv2%2Fcomments&post=6109"}],"version-history":[{"count":4,"href":"https:\/\/nciemorocco.com\/index.php?rest_route=\/wp\/v2\/pages\/6109\/revisions"}],"predecessor-version":[{"id":6114,"href":"https:\/\/nciemorocco.com\/index.php?rest_route=\/wp\/v2\/pages\/6109\/revisions\/6114"}],"wp:attachment":[{"href":"https:\/\/nciemorocco.com\/index.php?rest_route=%2Fwp%2Fv2%2Fmedia&parent=6109"}],"curies":[{"name":"wp","href":"https:\/\/api.w.org\/{rel}","templated":true}]}}