{"id":6119,"date":"2020-10-11T19:10:01","date_gmt":"2020-10-11T18:10:01","guid":{"rendered":"https:\/\/nciemorocco.com\/?page_id=6119"},"modified":"2020-10-11T19:10:57","modified_gmt":"2020-10-11T18:10:57","slug":"nettoyage-de-facades-vitres","status":"publish","type":"page","link":"https:\/\/nciemorocco.com\/?page_id=6119","title":{"rendered":"Nettoyage de Fa\u00e7ades &#038; Vitres"},"content":{"rendered":"\t\t<div data-elementor-type=\"wp-page\" data-elementor-id=\"6119\" class=\"elementor elementor-6119\">\n\t\t\t\t\t\t<section class=\"elementor-section elementor-top-section elementor-element elementor-element-b776e37 elementor-section-boxed elementor-section-height-default elementor-section-height-default\" data-id=\"b776e37\" data-element_type=\"section\" data-e-type=\"section\">\n\t\t\t\t\t\t<div class=\"elementor-container elementor-column-gap-default\">\n\t\t\t\t\t<div class=\"elementor-column elementor-col-100 elementor-top-column elementor-element elementor-element-4363d04\" data-id=\"4363d04\" data-element_type=\"column\" data-e-type=\"column\">\n\t\t\t<div class=\"elementor-widget-wrap elementor-element-populated\">\n\t\t\t\t\t\t<div class=\"elementor-element elementor-element-bd70f69 elementor-widget elementor-widget-heading\" data-id=\"bd70f69\" data-element_type=\"widget\" data-e-type=\"widget\" data-widget_type=\"heading.default\">\n\t\t\t\t<div class=\"elementor-widget-container\">\n\t\t\t\t\t<h2 class=\"elementor-heading-title elementor-size-default\"><em><b><span style=\"font-size:18.0pt;line-height:115%;,sans-serif;color:#92D050\">Nettoyage de Fa\u00e7ades &amp; Vitres<\/span><\/b><\/em><\/h2>\t\t\t\t<\/div>\n\t\t\t\t<\/div>\n\t\t\t\t\t<\/div>\n\t\t<\/div>\n\t\t\t\t\t<\/div>\n\t\t<\/section>\n\t\t\t\t<section class=\"elementor-section elementor-top-section elementor-element elementor-element-bbceae8 elementor-section-boxed elementor-section-height-default elementor-section-height-default\" data-id=\"bbceae8\" data-element_type=\"section\" data-e-type=\"section\">\n\t\t\t\t\t\t<div class=\"elementor-container elementor-column-gap-default\">\n\t\t\t\t\t<div class=\"elementor-column elementor-col-33 elementor-top-column elementor-element elementor-element-43557c5\" data-id=\"43557c5\" data-element_type=\"column\" data-e-type=\"column\">\n\t\t\t<div class=\"elementor-widget-wrap elementor-element-populated\">\n\t\t\t\t\t\t<div class=\"elementor-element elementor-element-32aa474 elementor-widget elementor-widget-image\" data-id=\"32aa474\" data-element_type=\"widget\" data-e-type=\"widget\" data-widget_type=\"image.default\">\n\t\t\t\t<div class=\"elementor-widget-container\">\n\t\t\t\t\t\t\t\t\t\t\t\t\t\t\t<img fetchpriority=\"high\" decoding=\"async\" width=\"377\" height=\"640\" src=\"https:\/\/nciemorocco.com\/wp-content\/uploads\/2020\/10\/vitre1.png\" class=\"attachment-large size-large wp-image-6122\" alt=\"Nettoyage de Fa\u00e7ades &amp; Vitres\" srcset=\"https:\/\/nciemorocco.com\/wp-content\/uploads\/2020\/10\/vitre1.png 377w, https:\/\/nciemorocco.com\/wp-content\/uploads\/2020\/10\/vitre1-177x300.png 177w\" sizes=\"(max-width: 377px) 100vw, 377px\" \/>\t\t\t\t\t\t\t\t\t\t\t\t\t\t\t<\/div>\n\t\t\t\t<\/div>\n\t\t\t\t\t<\/div>\n\t\t<\/div>\n\t\t\t\t<div class=\"elementor-column elementor-col-66 elementor-top-column elementor-element elementor-element-5475a55\" data-id=\"5475a55\" data-element_type=\"column\" data-e-type=\"column\">\n\t\t\t<div class=\"elementor-widget-wrap elementor-element-populated\">\n\t\t\t\t\t\t<div class=\"elementor-element elementor-element-b2b4ef9 elementor-widget elementor-widget-text-editor\" data-id=\"b2b4ef9\" data-element_type=\"widget\" data-e-type=\"widget\" data-widget_type=\"text-editor.default\">\n\t\t\t\t<div class=\"elementor-widget-container\">\n\t\t\t\t\t\t\t\t\t<p>Le nettoyage des vitres est indispensable pour garder un int\u00e9rieur lumineux. De plus, avec le soleil, cette surface r\u00e9v\u00e8le toutes les petites traces que l\u2019on a pu laisser apparaitre. Il est recommand\u00e9 de nettoyer ses vitres tous les 2 \u00e0 3 mois.<\/p><p>Il est d\u2019autant plus important de garantir son image de marque chez les professionnels. Dans les boutiques ou les <a href=\"https:\/\/www.hommedemetier.be\/belgique\/nettoyage\/nettoyage-bureau\">bureaux<\/a>\u2026, il est imp\u00e9ratif d\u2019entretenir r\u00e9guli\u00e8rement ses vitres. En effet, c\u2019est la premi\u00e8re image que vous laissez \u00e0 vos visiteurs. NCIE\u00a0 peut s\u2019occuper r\u00e9guli\u00e8rement de vos espaces pour un r\u00e9sultat de professionnel et de qualit\u00e9.<\/p><p>NCIE \u00a0rend vos vitrages int\u00e9rieurs et ext\u00e9rieurs \u00e9clatants quel que soit votre secteur d\u2019activit\u00e9. Nous travaillons dans les b\u00e2timents publics et priv\u00e9s, les locaux administratifs et industriels, les centres commerciaux, les \u00e9coles, les h\u00f4pitaux, les a\u00e9roports, etc.<\/p><p>Fort d\u2019une longue exp\u00e9rience dans le domaine, nous nettoyons tous les types de vitrages et dans toutes les situations d\u2019accessibilit\u00e9. Nous nous attelons \u00e0 rendre vos vitres impeccables partout au\u00a0 Maroc.<\/p><p>\u00a0<\/p>\t\t\t\t\t\t\t\t<\/div>\n\t\t\t\t<\/div>\n\t\t\t\t<div class=\"elementor-element elementor-element-59178ff elementor-widget elementor-widget-image\" data-id=\"59178ff\" data-element_type=\"widget\" data-e-type=\"widget\" data-widget_type=\"image.default\">\n\t\t\t\t<div class=\"elementor-widget-container\">\n\t\t\t\t\t\t\t\t\t\t\t\t\t\t\t<img decoding=\"async\" width=\"512\" height=\"299\" src=\"https:\/\/nciemorocco.com\/wp-content\/uploads\/2020\/10\/vitre2.png\" class=\"attachment-large size-large wp-image-6123\" alt=\"nettoyage des vitres\" srcset=\"https:\/\/nciemorocco.com\/wp-content\/uploads\/2020\/10\/vitre2.png 512w, https:\/\/nciemorocco.com\/wp-content\/uploads\/2020\/10\/vitre2-300x175.png 300w\" sizes=\"(max-width: 512px) 100vw, 512px\" \/>\t\t\t\t\t\t\t\t\t\t\t\t\t\t\t<\/div>\n\t\t\t\t<\/div>\n\t\t\t\t<div class=\"elementor-element elementor-element-6d43a95 elementor-widget elementor-widget-text-editor\" data-id=\"6d43a95\" data-element_type=\"widget\" data-e-type=\"widget\" data-widget_type=\"text-editor.default\">\n\t\t\t\t<div class=\"elementor-widget-container\">\n\t\t\t\t\t\t\t\t\t<p>De plus, nous acc\u00e9dons \u00e0\u00a0tous les\u00a0<strong>endroits<\/strong>, m\u00eame les plus\u00a0<strong>difficiles d\u2019acc\u00e8s<\/strong>\u00a0ou les plus\u00a0<strong>dangereux<\/strong>\u00a0! Ne prenez pas de risques et ne mettez pas\u00a0votre vie en danger\u00a0! Confiez-nous des t\u00e2ches qui, tout simplement, font partie de notre m\u00e9tier\u00a0!<\/p><p>Nous assurons pour nos clients le lavage des vitres.<br \/>d\u2019un service impeccable et r\u00e9gulier, la s\u00e9curit\u00e9 est notre priorit\u00e9. Nos laveurs de vitres ont tous b\u00e9n\u00e9fici\u00e9 d\u2019une formation sp\u00e9cifique qui leur permet de travailler professionnellement, en toute s\u00e9curit\u00e9 dans toutes les situations : \u00e9l\u00e9vateur \u00e0 nacelle, ascenseur ext\u00e9rieur, alpinisme, etc.<br \/>Partout au Maroc, nous travaillons pour des clients bien diff\u00e9rents : des \u00e9coles, des magasins, des immeubles \u00e0 bureaux, centre, complexe\u2026\u00a0<strong>Tant \u00e0 l\u2019ext\u00e9rieur qu\u2019\u00e0 l\u2019int\u00e9rieur<\/strong>\u00a0(guichets, parois vitr\u00e9es\u2026).<\/p>\t\t\t\t\t\t\t\t<\/div>\n\t\t\t\t<\/div>\n\t\t\t\t\t<\/div>\n\t\t<\/div>\n\t\t\t\t\t<\/div>\n\t\t<\/section>\n\t\t\t\t<section class=\"elementor-section elementor-top-section elementor-element elementor-element-03e28df elementor-section-boxed elementor-section-height-default elementor-section-height-default\" data-id=\"03e28df\" data-element_type=\"section\" data-e-type=\"section\">\n\t\t\t\t\t\t<div class=\"elementor-container elementor-column-gap-default\">\n\t\t\t\t\t<div class=\"elementor-column elementor-col-100 elementor-top-column elementor-element elementor-element-6954869\" data-id=\"6954869\" data-element_type=\"column\" data-e-type=\"column\">\n\t\t\t<div class=\"elementor-widget-wrap elementor-element-populated\">\n\t\t\t\t\t\t<div class=\"elementor-element elementor-element-7089943 elementor-widget-divider--view-line elementor-widget elementor-widget-divider\" data-id=\"7089943\" data-element_type=\"widget\" data-e-type=\"widget\" data-widget_type=\"divider.default\">\n\t\t\t\t<div class=\"elementor-widget-container\">\n\t\t\t\t\t\t\t<div class=\"elementor-divider\">\n\t\t\t<span class=\"elementor-divider-separator\">\n\t\t\t\t\t\t<\/span>\n\t\t<\/div>\n\t\t\t\t\t\t<\/div>\n\t\t\t\t<\/div>\n\t\t\t\t\t<\/div>\n\t\t<\/div>\n\t\t\t\t\t<\/div>\n\t\t<\/section>\n\t\t\t\t<\/div>\n\t\t","protected":false},"excerpt":{"rendered":"<p>Nettoyage de Fa\u00e7ades &amp; Vitres Le nettoyage des vitres est indispensable pour garder un int\u00e9rieur lumineux. De plus, avec le soleil, cette surface r\u00e9v\u00e8le toutes les petites traces que l\u2019on a pu laisser apparaitre. Il est recommand\u00e9 de nettoyer ses &hellip; <a href=\"https:\/\/nciemorocco.com\/?page_id=6119\">Readmore<\/a><\/p>\n","protected":false},"author":1,"featured_media":0,"parent":0,"menu_order":0,"comment_status":"closed","ping_status":"closed","template":"","meta":{"footnotes":""},"class_list":["post-6119","page","type-page","status-publish","hentry"],"yoast_head":"<!-- This site is optimized with the Yoast SEO plugin v27.3 - https:\/\/yoast.com\/product\/yoast-seo-wordpress\/ -->\n<title>Nettoyage de Fa\u00e7ades &amp; Vitres - nciemorocco<\/title>\n<meta name=\"robots\" content=\"index, follow, max-snippet:-1, max-image-preview:large, max-video-preview:-1\" \/>\n<link rel=\"canonical\" href=\"https:\/\/nciemorocco.com\/?page_id=6119\" \/>\n<meta property=\"og:locale\" content=\"en_US\" \/>\n<meta property=\"og:type\" content=\"article\" \/>\n<meta property=\"og:title\" content=\"Nettoyage de Fa\u00e7ades &amp; Vitres - nciemorocco\" \/>\n<meta property=\"og:description\" content=\"Nettoyage de Fa\u00e7ades &amp; Vitres Le nettoyage des vitres est indispensable pour garder un int\u00e9rieur lumineux. De plus, avec le soleil, cette surface r\u00e9v\u00e8le toutes les petites traces que l\u2019on a pu laisser apparaitre. Il est recommand\u00e9 de nettoyer ses &hellip; Readmore\" \/>\n<meta property=\"og:url\" content=\"https:\/\/nciemorocco.com\/?page_id=6119\" \/>\n<meta property=\"og:site_name\" content=\"nciemorocco\" \/>\n<meta property=\"article:publisher\" content=\"https:\/\/www.facebook.com\/ste.ncie.98\" \/>\n<meta property=\"article:modified_time\" content=\"2020-10-11T18:10:57+00:00\" \/>\n<meta property=\"og:image\" content=\"https:\/\/nciemorocco.com\/wp-content\/uploads\/2020\/10\/vitre1.png\" \/>\n<meta name=\"twitter:card\" content=\"summary_large_image\" \/>\n<meta name=\"twitter:site\" content=\"@NcieSociete\" \/>\n<meta name=\"twitter:label1\" content=\"Est. reading time\" \/>\n\t<meta name=\"twitter:data1\" content=\"2 minutes\" \/>\n<script type=\"application\/ld+json\" class=\"yoast-schema-graph\">{\"@context\":\"https:\\\/\\\/schema.org\",\"@graph\":[{\"@type\":\"WebPage\",\"@id\":\"https:\\\/\\\/nciemorocco.com\\\/?page_id=6119\",\"url\":\"https:\\\/\\\/nciemorocco.com\\\/?page_id=6119\",\"name\":\"Nettoyage de Fa\u00e7ades & Vitres - nciemorocco\",\"isPartOf\":{\"@id\":\"https:\\\/\\\/nciemorocco.com\\\/#website\"},\"primaryImageOfPage\":{\"@id\":\"https:\\\/\\\/nciemorocco.com\\\/?page_id=6119#primaryimage\"},\"image\":{\"@id\":\"https:\\\/\\\/nciemorocco.com\\\/?page_id=6119#primaryimage\"},\"thumbnailUrl\":\"https:\\\/\\\/nciemorocco.com\\\/wp-content\\\/uploads\\\/2020\\\/10\\\/vitre1.png\",\"datePublished\":\"2020-10-11T18:10:01+00:00\",\"dateModified\":\"2020-10-11T18:10:57+00:00\",\"breadcrumb\":{\"@id\":\"https:\\\/\\\/nciemorocco.com\\\/?page_id=6119#breadcrumb\"},\"inLanguage\":\"en-US\",\"potentialAction\":[{\"@type\":\"ReadAction\",\"target\":[\"https:\\\/\\\/nciemorocco.com\\\/?page_id=6119\"]}]},{\"@type\":\"ImageObject\",\"inLanguage\":\"en-US\",\"@id\":\"https:\\\/\\\/nciemorocco.com\\\/?page_id=6119#primaryimage\",\"url\":\"https:\\\/\\\/nciemorocco.com\\\/wp-content\\\/uploads\\\/2020\\\/10\\\/vitre1.png\",\"contentUrl\":\"https:\\\/\\\/nciemorocco.com\\\/wp-content\\\/uploads\\\/2020\\\/10\\\/vitre1.png\",\"width\":377,\"height\":640,\"caption\":\"Nettoyage de Fa\u00e7ades & Vitres\"},{\"@type\":\"BreadcrumbList\",\"@id\":\"https:\\\/\\\/nciemorocco.com\\\/?page_id=6119#breadcrumb\",\"itemListElement\":[{\"@type\":\"ListItem\",\"position\":1,\"name\":\"Accueil\",\"item\":\"https:\\\/\\\/nciemorocco.com\\\/\"},{\"@type\":\"ListItem\",\"position\":2,\"name\":\"Nettoyage de Fa\u00e7ades &#038; Vitres\"}]},{\"@type\":\"WebSite\",\"@id\":\"https:\\\/\\\/nciemorocco.com\\\/#website\",\"url\":\"https:\\\/\\\/nciemorocco.com\\\/\",\"name\":\"nciemorocco.com\",\"description\":\"\",\"publisher\":{\"@id\":\"https:\\\/\\\/nciemorocco.com\\\/#organization\"},\"potentialAction\":[{\"@type\":\"SearchAction\",\"target\":{\"@type\":\"EntryPoint\",\"urlTemplate\":\"https:\\\/\\\/nciemorocco.com\\\/?s={search_term_string}\"},\"query-input\":{\"@type\":\"PropertyValueSpecification\",\"valueRequired\":true,\"valueName\":\"search_term_string\"}}],\"inLanguage\":\"en-US\"},{\"@type\":\"Organization\",\"@id\":\"https:\\\/\\\/nciemorocco.com\\\/#organization\",\"name\":\"nciemorocco\",\"url\":\"https:\\\/\\\/nciemorocco.com\\\/\",\"logo\":{\"@type\":\"ImageObject\",\"inLanguage\":\"en-US\",\"@id\":\"https:\\\/\\\/nciemorocco.com\\\/#\\\/schema\\\/logo\\\/image\\\/\",\"url\":\"https:\\\/\\\/nciemorocco.com\\\/wp-content\\\/uploads\\\/2023\\\/02\\\/NCIE.png\",\"contentUrl\":\"https:\\\/\\\/nciemorocco.com\\\/wp-content\\\/uploads\\\/2023\\\/02\\\/NCIE.png\",\"width\":270,\"height\":70,\"caption\":\"nciemorocco\"},\"image\":{\"@id\":\"https:\\\/\\\/nciemorocco.com\\\/#\\\/schema\\\/logo\\\/image\\\/\"},\"sameAs\":[\"https:\\\/\\\/www.facebook.com\\\/ste.ncie.98\",\"https:\\\/\\\/x.com\\\/NcieSociete\",\"https:\\\/\\\/www.instagram.com\\\/nicesociete\\\/\",\"https:\\\/\\\/www.linkedin.com\\\/in\\\/ncie\",\"https:\\\/\\\/www.pinterest.fr\\\/nciemorocco\\\/_saved\\\/\",\"https:\\\/\\\/www.youtube.com\\\/channel\\\/UCjzgpHQQ_68Uhe3Fz5lLskg\"]}]}<\/script>\n<!-- \/ Yoast SEO plugin. -->","yoast_head_json":{"title":"Nettoyage de Fa\u00e7ades & Vitres - nciemorocco","robots":{"index":"index","follow":"follow","max-snippet":"max-snippet:-1","max-image-preview":"max-image-preview:large","max-video-preview":"max-video-preview:-1"},"canonical":"https:\/\/nciemorocco.com\/?page_id=6119","og_locale":"en_US","og_type":"article","og_title":"Nettoyage de Fa\u00e7ades & Vitres - nciemorocco","og_description":"Nettoyage de Fa\u00e7ades &amp; Vitres Le nettoyage des vitres est indispensable pour garder un int\u00e9rieur lumineux. De plus, avec le soleil, cette surface r\u00e9v\u00e8le toutes les petites traces que l\u2019on a pu laisser apparaitre. Il est recommand\u00e9 de nettoyer ses &hellip; Readmore","og_url":"https:\/\/nciemorocco.com\/?page_id=6119","og_site_name":"nciemorocco","article_publisher":"https:\/\/www.facebook.com\/ste.ncie.98","article_modified_time":"2020-10-11T18:10:57+00:00","og_image":[{"url":"https:\/\/nciemorocco.com\/wp-content\/uploads\/2020\/10\/vitre1.png","type":"","width":"","height":""}],"twitter_card":"summary_large_image","twitter_site":"@NcieSociete","twitter_misc":{"Est. reading time":"2 minutes"},"schema":{"@context":"https:\/\/schema.org","@graph":[{"@type":"WebPage","@id":"https:\/\/nciemorocco.com\/?page_id=6119","url":"https:\/\/nciemorocco.com\/?page_id=6119","name":"Nettoyage de Fa\u00e7ades & Vitres - nciemorocco","isPartOf":{"@id":"https:\/\/nciemorocco.com\/#website"},"primaryImageOfPage":{"@id":"https:\/\/nciemorocco.com\/?page_id=6119#primaryimage"},"image":{"@id":"https:\/\/nciemorocco.com\/?page_id=6119#primaryimage"},"thumbnailUrl":"https:\/\/nciemorocco.com\/wp-content\/uploads\/2020\/10\/vitre1.png","datePublished":"2020-10-11T18:10:01+00:00","dateModified":"2020-10-11T18:10:57+00:00","breadcrumb":{"@id":"https:\/\/nciemorocco.com\/?page_id=6119#breadcrumb"},"inLanguage":"en-US","potentialAction":[{"@type":"ReadAction","target":["https:\/\/nciemorocco.com\/?page_id=6119"]}]},{"@type":"ImageObject","inLanguage":"en-US","@id":"https:\/\/nciemorocco.com\/?page_id=6119#primaryimage","url":"https:\/\/nciemorocco.com\/wp-content\/uploads\/2020\/10\/vitre1.png","contentUrl":"https:\/\/nciemorocco.com\/wp-content\/uploads\/2020\/10\/vitre1.png","width":377,"height":640,"caption":"Nettoyage de Fa\u00e7ades & Vitres"},{"@type":"BreadcrumbList","@id":"https:\/\/nciemorocco.com\/?page_id=6119#breadcrumb","itemListElement":[{"@type":"ListItem","position":1,"name":"Accueil","item":"https:\/\/nciemorocco.com\/"},{"@type":"ListItem","position":2,"name":"Nettoyage de Fa\u00e7ades &#038; Vitres"}]},{"@type":"WebSite","@id":"https:\/\/nciemorocco.com\/#website","url":"https:\/\/nciemorocco.com\/","name":"nciemorocco.com","description":"","publisher":{"@id":"https:\/\/nciemorocco.com\/#organization"},"potentialAction":[{"@type":"SearchAction","target":{"@type":"EntryPoint","urlTemplate":"https:\/\/nciemorocco.com\/?s={search_term_string}"},"query-input":{"@type":"PropertyValueSpecification","valueRequired":true,"valueName":"search_term_string"}}],"inLanguage":"en-US"},{"@type":"Organization","@id":"https:\/\/nciemorocco.com\/#organization","name":"nciemorocco","url":"https:\/\/nciemorocco.com\/","logo":{"@type":"ImageObject","inLanguage":"en-US","@id":"https:\/\/nciemorocco.com\/#\/schema\/logo\/image\/","url":"https:\/\/nciemorocco.com\/wp-content\/uploads\/2023\/02\/NCIE.png","contentUrl":"https:\/\/nciemorocco.com\/wp-content\/uploads\/2023\/02\/NCIE.png","width":270,"height":70,"caption":"nciemorocco"},"image":{"@id":"https:\/\/nciemorocco.com\/#\/schema\/logo\/image\/"},"sameAs":["https:\/\/www.facebook.com\/ste.ncie.98","https:\/\/x.com\/NcieSociete","https:\/\/www.instagram.com\/nicesociete\/","https:\/\/www.linkedin.com\/in\/ncie","https:\/\/www.pinterest.fr\/nciemorocco\/_saved\/","https:\/\/www.youtube.com\/channel\/UCjzgpHQQ_68Uhe3Fz5lLskg"]}]}},"_links":{"self":[{"href":"https:\/\/nciemorocco.com\/index.php?rest_route=\/wp\/v2\/pages\/6119","targetHints":{"allow":["GET"]}}],"collection":[{"href":"https:\/\/nciemorocco.com\/index.php?rest_route=\/wp\/v2\/pages"}],"about":[{"href":"https:\/\/nciemorocco.com\/index.php?rest_route=\/wp\/v2\/types\/page"}],"author":[{"embeddable":true,"href":"https:\/\/nciemorocco.com\/index.php?rest_route=\/wp\/v2\/users\/1"}],"replies":[{"embeddable":true,"href":"https:\/\/nciemorocco.com\/index.php?rest_route=%2Fwp%2Fv2%2Fcomments&post=6119"}],"version-history":[{"count":3,"href":"https:\/\/nciemorocco.com\/index.php?rest_route=\/wp\/v2\/pages\/6119\/revisions"}],"predecessor-version":[{"id":6125,"href":"https:\/\/nciemorocco.com\/index.php?rest_route=\/wp\/v2\/pages\/6119\/revisions\/6125"}],"wp:attachment":[{"href":"https:\/\/nciemorocco.com\/index.php?rest_route=%2Fwp%2Fv2%2Fmedia&parent=6119"}],"curies":[{"name":"wp","href":"https:\/\/api.w.org\/{rel}","templated":true}]}}