{"id":6173,"date":"2020-10-11T21:19:26","date_gmt":"2020-10-11T20:19:26","guid":{"rendered":"https:\/\/nciemorocco.com\/?page_id=6173"},"modified":"2020-10-11T23:51:49","modified_gmt":"2020-10-11T22:51:49","slug":"nettoyage-des-appartements-et-villas","status":"publish","type":"page","link":"https:\/\/nciemorocco.com\/?page_id=6173","title":{"rendered":"Nettoyage des appartements et villas."},"content":{"rendered":"\t\t<div data-elementor-type=\"wp-page\" data-elementor-id=\"6173\" class=\"elementor elementor-6173\">\n\t\t\t\t\t\t<section class=\"elementor-section elementor-top-section elementor-element elementor-element-5725c5e elementor-section-boxed elementor-section-height-default elementor-section-height-default\" data-id=\"5725c5e\" data-element_type=\"section\" data-e-type=\"section\">\n\t\t\t\t\t\t<div class=\"elementor-container elementor-column-gap-default\">\n\t\t\t\t\t<div class=\"elementor-column elementor-col-100 elementor-top-column elementor-element elementor-element-14b6cbb\" data-id=\"14b6cbb\" data-element_type=\"column\" data-e-type=\"column\">\n\t\t\t<div class=\"elementor-widget-wrap elementor-element-populated\">\n\t\t\t\t\t\t<div class=\"elementor-element elementor-element-318bf0e elementor-widget elementor-widget-heading\" data-id=\"318bf0e\" data-element_type=\"widget\" data-e-type=\"widget\" data-widget_type=\"heading.default\">\n\t\t\t\t<div class=\"elementor-widget-container\">\n\t\t\t\t\t<h2 class=\"elementor-heading-title elementor-size-default\">Nettoyage des appartements et villas<\/h2>\t\t\t\t<\/div>\n\t\t\t\t<\/div>\n\t\t\t\t\t<\/div>\n\t\t<\/div>\n\t\t\t\t\t<\/div>\n\t\t<\/section>\n\t\t\t\t<section class=\"elementor-section elementor-top-section elementor-element elementor-element-75f7ff6 elementor-section-boxed elementor-section-height-default elementor-section-height-default\" data-id=\"75f7ff6\" data-element_type=\"section\" data-e-type=\"section\">\n\t\t\t\t\t\t<div class=\"elementor-container elementor-column-gap-default\">\n\t\t\t\t\t<div class=\"elementor-column elementor-col-100 elementor-top-column elementor-element elementor-element-07606ca\" data-id=\"07606ca\" data-element_type=\"column\" data-e-type=\"column\">\n\t\t\t<div class=\"elementor-widget-wrap elementor-element-populated\">\n\t\t\t\t\t\t<div class=\"elementor-element elementor-element-17bd252 elementor-drop-cap-yes elementor-drop-cap-view-default elementor-widget elementor-widget-text-editor\" data-id=\"17bd252\" data-element_type=\"widget\" data-e-type=\"widget\" data-settings=\"{&quot;drop_cap&quot;:&quot;yes&quot;}\" data-widget_type=\"text-editor.default\">\n\t\t\t\t<div class=\"elementor-widget-container\">\n\t\t\t\t\t\t\t\t\tNettoyage unique dans votre logement (achat d\u2019heures de m\u00e9nage) ou contrat mensuel de nettoyage de votre logement. Nos prestations sont \u00e0 la carte, vous choisissez vos prestations selon vos besoins. NCIE se charge de l\u2019enl\u00e8vement des toiles d\u2019araign\u00e9e au plafond, du lessivage des murs, du lavage des sols, du nettoyage des moquettes, du d\u00e9poussi\u00e9rage de vos objets meublants, du nettoyage de vos fen\u00eatres et autres surfaces vitr\u00e9es, de la d\u00e9sinfection de vos poubelles\u2026 Vous respirerez le grand air frais !\n<strong>Nos nettoyages comprennent:<\/strong>\n<ul class=\"liste\">\n \t<li>Pour une chambre.\n<ul class=\"sousliste\">\n \t<li>Aspirer et laver les sols.<\/li>\n \t<li>D\u00e9poussi\u00e9rer les surfaces.<\/li>\n \t<li>Faire le lit et changer les draps (sur demande).<\/li>\n \t<li>Nettoyage du dressing.<\/li>\n<\/ul>\n<\/li>\n \t<li>Pour une salle \u00e0 manger\/ salon.\n<ul class=\"sousliste\">\n \t<li>D\u00e9poussi\u00e9rer les surfaces.<img fetchpriority=\"high\" decoding=\"async\" class=\"size-full wp-image-6187 alignright\" src=\"https:\/\/nciemorocco.com\/wp-content\/uploads\/2020\/10\/villa.png\" alt=\"\" width=\"223\" height=\"298\" \/><\/li>\n \t<li>Aspirer et laver les sols.<\/li>\n<\/ul>\n<\/li>\n \t<li>Pour une cuisine.\n<ul class=\"sousliste\">\n \t<li>Nettoyer l\u2019\u00e9vier et le plan de travail<\/li>\n \t<li>Nettoyer l\u2019ext\u00e9rieur de l\u2019agencement.<\/li>\n \t<li>Aspirer et laver les sols.<\/li>\n \t<li>En option, nettoyage du frigo, du four, micro-ondes.<\/li>\n<\/ul>\n<\/li>\n \t<li>Pour une cuisine.\n<ul class=\"sousliste\">\n \t<li>Nettoyer l\u2019\u00e9vier et le plan de travail.<\/li>\n \t<li>Nettoyer l\u2019ext\u00e9rieur de l\u2019agencement.<\/li>\n \t<li>Aspirer et laver les sols.<\/li>\n \t<li>En option, nettoyage du frigo, du four, micro-ondes.<\/li>\n<\/ul>\n<\/li>\n \t<li>Pour une salle de bains et WC.\n<ul class=\"sousliste\">\n \t<li>D\u00e9poussi\u00e9rer les surfaces.<\/li>\n \t<li>D\u00e9tartrage des \u00e9quipements (douche, baignoire, lavabo, cuvette).<\/li>\n \t<li>Aspirer et laver les sols.<\/li>\n<\/ul>\n<\/li>\n<\/ul>\n<strong style=\"color: red;\"><u>Repassage:<\/u><\/strong>\n\nNos collaborateurs sont en mesure de vous assurer un repassage rapide et de qualit\u00e9. Ils prennent soin de votre linge et le plie selon vos habitudes.\n<br><br><br>\n<span style=\"color: #ff0000;\"><strong>Nos avantages:<\/strong><\/span>\n \n<ul class=\"sousliste\">\n \t<li>Une offre rapide et simple.<\/li>\n \t<li>Une entreprise professionnelle avec 30 ans d\u2019exp\u00e9rience.<\/li>\n \t<li>Garantie d\u2019un travail de qualit\u00e9 avec du personnel qualifi\u00e9 et form\u00e9.<\/li>\n \t<li>Suivi de la part de nos gouvernantes.<\/li>\n \t<li>Des techniques et produits adapt\u00e9s \u00e0 votre habitation.<\/li>\n<\/ul>\n \t\t\t\t\t\t\t\t<\/div>\n\t\t\t\t<\/div>\n\t\t\t\t\t<\/div>\n\t\t<\/div>\n\t\t\t\t\t<\/div>\n\t\t<\/section>\n\t\t\t\t<section class=\"elementor-section elementor-top-section elementor-element elementor-element-a601d54 elementor-section-boxed elementor-section-height-default elementor-section-height-default\" data-id=\"a601d54\" data-element_type=\"section\" data-e-type=\"section\">\n\t\t\t\t\t\t<div class=\"elementor-container elementor-column-gap-default\">\n\t\t\t\t\t<div class=\"elementor-column elementor-col-100 elementor-top-column elementor-element elementor-element-eb2a6ed\" data-id=\"eb2a6ed\" data-element_type=\"column\" data-e-type=\"column\">\n\t\t\t<div class=\"elementor-widget-wrap elementor-element-populated\">\n\t\t\t\t\t\t<div class=\"elementor-element elementor-element-58fe682 elementor-widget-divider--view-line elementor-widget elementor-widget-divider\" data-id=\"58fe682\" data-element_type=\"widget\" data-e-type=\"widget\" data-widget_type=\"divider.default\">\n\t\t\t\t<div class=\"elementor-widget-container\">\n\t\t\t\t\t\t\t<div class=\"elementor-divider\">\n\t\t\t<span class=\"elementor-divider-separator\">\n\t\t\t\t\t\t<\/span>\n\t\t<\/div>\n\t\t\t\t\t\t<\/div>\n\t\t\t\t<\/div>\n\t\t\t\t\t<\/div>\n\t\t<\/div>\n\t\t\t\t\t<\/div>\n\t\t<\/section>\n\t\t\t\t<\/div>\n\t\t","protected":false},"excerpt":{"rendered":"<p>Nettoyage des appartements et villas Nettoyage unique dans votre logement (achat d\u2019heures de m\u00e9nage) ou contrat mensuel de nettoyage de votre logement. Nos prestations sont \u00e0 la carte, vous choisissez vos prestations selon vos besoins. NCIE se charge de l\u2019enl\u00e8vement &hellip; <a href=\"https:\/\/nciemorocco.com\/?page_id=6173\">Readmore<\/a><\/p>\n","protected":false},"author":1,"featured_media":0,"parent":0,"menu_order":0,"comment_status":"closed","ping_status":"closed","template":"","meta":{"footnotes":""},"class_list":["post-6173","page","type-page","status-publish","hentry"],"yoast_head":"<!-- This site is optimized with the Yoast SEO plugin v27.3 - https:\/\/yoast.com\/product\/yoast-seo-wordpress\/ -->\n<title>Nettoyage des appartements et villas. - nciemorocco<\/title>\n<meta name=\"robots\" content=\"index, follow, max-snippet:-1, max-image-preview:large, max-video-preview:-1\" \/>\n<link rel=\"canonical\" href=\"https:\/\/nciemorocco.com\/?page_id=6173\" \/>\n<meta property=\"og:locale\" content=\"en_US\" \/>\n<meta property=\"og:type\" content=\"article\" \/>\n<meta property=\"og:title\" content=\"Nettoyage des appartements et villas. - nciemorocco\" \/>\n<meta property=\"og:description\" content=\"Nettoyage des appartements et villas Nettoyage unique dans votre logement (achat d\u2019heures de m\u00e9nage) ou contrat mensuel de nettoyage de votre logement. Nos prestations sont \u00e0 la carte, vous choisissez vos prestations selon vos besoins. NCIE se charge de l\u2019enl\u00e8vement &hellip; Readmore\" \/>\n<meta property=\"og:url\" content=\"https:\/\/nciemorocco.com\/?page_id=6173\" \/>\n<meta property=\"og:site_name\" content=\"nciemorocco\" \/>\n<meta property=\"article:publisher\" content=\"https:\/\/www.facebook.com\/ste.ncie.98\" \/>\n<meta property=\"article:modified_time\" content=\"2020-10-11T22:51:49+00:00\" \/>\n<meta property=\"og:image\" content=\"https:\/\/nciemorocco.com\/wp-content\/uploads\/2020\/10\/villa.png\" \/>\n<meta name=\"twitter:card\" content=\"summary_large_image\" \/>\n<meta name=\"twitter:site\" content=\"@NcieSociete\" \/>\n<meta name=\"twitter:label1\" content=\"Est. reading time\" \/>\n\t<meta name=\"twitter:data1\" content=\"1 minute\" \/>\n<script type=\"application\/ld+json\" class=\"yoast-schema-graph\">{\"@context\":\"https:\\\/\\\/schema.org\",\"@graph\":[{\"@type\":\"WebPage\",\"@id\":\"https:\\\/\\\/nciemorocco.com\\\/?page_id=6173\",\"url\":\"https:\\\/\\\/nciemorocco.com\\\/?page_id=6173\",\"name\":\"Nettoyage des appartements et villas. - nciemorocco\",\"isPartOf\":{\"@id\":\"https:\\\/\\\/nciemorocco.com\\\/#website\"},\"primaryImageOfPage\":{\"@id\":\"https:\\\/\\\/nciemorocco.com\\\/?page_id=6173#primaryimage\"},\"image\":{\"@id\":\"https:\\\/\\\/nciemorocco.com\\\/?page_id=6173#primaryimage\"},\"thumbnailUrl\":\"https:\\\/\\\/nciemorocco.com\\\/wp-content\\\/uploads\\\/2020\\\/10\\\/villa.png\",\"datePublished\":\"2020-10-11T20:19:26+00:00\",\"dateModified\":\"2020-10-11T22:51:49+00:00\",\"breadcrumb\":{\"@id\":\"https:\\\/\\\/nciemorocco.com\\\/?page_id=6173#breadcrumb\"},\"inLanguage\":\"en-US\",\"potentialAction\":[{\"@type\":\"ReadAction\",\"target\":[\"https:\\\/\\\/nciemorocco.com\\\/?page_id=6173\"]}]},{\"@type\":\"ImageObject\",\"inLanguage\":\"en-US\",\"@id\":\"https:\\\/\\\/nciemorocco.com\\\/?page_id=6173#primaryimage\",\"url\":\"https:\\\/\\\/nciemorocco.com\\\/wp-content\\\/uploads\\\/2020\\\/10\\\/villa.png\",\"contentUrl\":\"https:\\\/\\\/nciemorocco.com\\\/wp-content\\\/uploads\\\/2020\\\/10\\\/villa.png\",\"width\":223,\"height\":298},{\"@type\":\"BreadcrumbList\",\"@id\":\"https:\\\/\\\/nciemorocco.com\\\/?page_id=6173#breadcrumb\",\"itemListElement\":[{\"@type\":\"ListItem\",\"position\":1,\"name\":\"Accueil\",\"item\":\"https:\\\/\\\/nciemorocco.com\\\/\"},{\"@type\":\"ListItem\",\"position\":2,\"name\":\"Nettoyage des appartements et villas.\"}]},{\"@type\":\"WebSite\",\"@id\":\"https:\\\/\\\/nciemorocco.com\\\/#website\",\"url\":\"https:\\\/\\\/nciemorocco.com\\\/\",\"name\":\"nciemorocco.com\",\"description\":\"\",\"publisher\":{\"@id\":\"https:\\\/\\\/nciemorocco.com\\\/#organization\"},\"potentialAction\":[{\"@type\":\"SearchAction\",\"target\":{\"@type\":\"EntryPoint\",\"urlTemplate\":\"https:\\\/\\\/nciemorocco.com\\\/?s={search_term_string}\"},\"query-input\":{\"@type\":\"PropertyValueSpecification\",\"valueRequired\":true,\"valueName\":\"search_term_string\"}}],\"inLanguage\":\"en-US\"},{\"@type\":\"Organization\",\"@id\":\"https:\\\/\\\/nciemorocco.com\\\/#organization\",\"name\":\"nciemorocco\",\"url\":\"https:\\\/\\\/nciemorocco.com\\\/\",\"logo\":{\"@type\":\"ImageObject\",\"inLanguage\":\"en-US\",\"@id\":\"https:\\\/\\\/nciemorocco.com\\\/#\\\/schema\\\/logo\\\/image\\\/\",\"url\":\"https:\\\/\\\/nciemorocco.com\\\/wp-content\\\/uploads\\\/2023\\\/02\\\/NCIE.png\",\"contentUrl\":\"https:\\\/\\\/nciemorocco.com\\\/wp-content\\\/uploads\\\/2023\\\/02\\\/NCIE.png\",\"width\":270,\"height\":70,\"caption\":\"nciemorocco\"},\"image\":{\"@id\":\"https:\\\/\\\/nciemorocco.com\\\/#\\\/schema\\\/logo\\\/image\\\/\"},\"sameAs\":[\"https:\\\/\\\/www.facebook.com\\\/ste.ncie.98\",\"https:\\\/\\\/x.com\\\/NcieSociete\",\"https:\\\/\\\/www.instagram.com\\\/nicesociete\\\/\",\"https:\\\/\\\/www.linkedin.com\\\/in\\\/ncie\",\"https:\\\/\\\/www.pinterest.fr\\\/nciemorocco\\\/_saved\\\/\",\"https:\\\/\\\/www.youtube.com\\\/channel\\\/UCjzgpHQQ_68Uhe3Fz5lLskg\"]}]}<\/script>\n<!-- \/ Yoast SEO plugin. -->","yoast_head_json":{"title":"Nettoyage des appartements et villas. - nciemorocco","robots":{"index":"index","follow":"follow","max-snippet":"max-snippet:-1","max-image-preview":"max-image-preview:large","max-video-preview":"max-video-preview:-1"},"canonical":"https:\/\/nciemorocco.com\/?page_id=6173","og_locale":"en_US","og_type":"article","og_title":"Nettoyage des appartements et villas. - nciemorocco","og_description":"Nettoyage des appartements et villas Nettoyage unique dans votre logement (achat d\u2019heures de m\u00e9nage) ou contrat mensuel de nettoyage de votre logement. Nos prestations sont \u00e0 la carte, vous choisissez vos prestations selon vos besoins. NCIE se charge de l\u2019enl\u00e8vement &hellip; Readmore","og_url":"https:\/\/nciemorocco.com\/?page_id=6173","og_site_name":"nciemorocco","article_publisher":"https:\/\/www.facebook.com\/ste.ncie.98","article_modified_time":"2020-10-11T22:51:49+00:00","og_image":[{"url":"https:\/\/nciemorocco.com\/wp-content\/uploads\/2020\/10\/villa.png","type":"","width":"","height":""}],"twitter_card":"summary_large_image","twitter_site":"@NcieSociete","twitter_misc":{"Est. reading time":"1 minute"},"schema":{"@context":"https:\/\/schema.org","@graph":[{"@type":"WebPage","@id":"https:\/\/nciemorocco.com\/?page_id=6173","url":"https:\/\/nciemorocco.com\/?page_id=6173","name":"Nettoyage des appartements et villas. - nciemorocco","isPartOf":{"@id":"https:\/\/nciemorocco.com\/#website"},"primaryImageOfPage":{"@id":"https:\/\/nciemorocco.com\/?page_id=6173#primaryimage"},"image":{"@id":"https:\/\/nciemorocco.com\/?page_id=6173#primaryimage"},"thumbnailUrl":"https:\/\/nciemorocco.com\/wp-content\/uploads\/2020\/10\/villa.png","datePublished":"2020-10-11T20:19:26+00:00","dateModified":"2020-10-11T22:51:49+00:00","breadcrumb":{"@id":"https:\/\/nciemorocco.com\/?page_id=6173#breadcrumb"},"inLanguage":"en-US","potentialAction":[{"@type":"ReadAction","target":["https:\/\/nciemorocco.com\/?page_id=6173"]}]},{"@type":"ImageObject","inLanguage":"en-US","@id":"https:\/\/nciemorocco.com\/?page_id=6173#primaryimage","url":"https:\/\/nciemorocco.com\/wp-content\/uploads\/2020\/10\/villa.png","contentUrl":"https:\/\/nciemorocco.com\/wp-content\/uploads\/2020\/10\/villa.png","width":223,"height":298},{"@type":"BreadcrumbList","@id":"https:\/\/nciemorocco.com\/?page_id=6173#breadcrumb","itemListElement":[{"@type":"ListItem","position":1,"name":"Accueil","item":"https:\/\/nciemorocco.com\/"},{"@type":"ListItem","position":2,"name":"Nettoyage des appartements et villas."}]},{"@type":"WebSite","@id":"https:\/\/nciemorocco.com\/#website","url":"https:\/\/nciemorocco.com\/","name":"nciemorocco.com","description":"","publisher":{"@id":"https:\/\/nciemorocco.com\/#organization"},"potentialAction":[{"@type":"SearchAction","target":{"@type":"EntryPoint","urlTemplate":"https:\/\/nciemorocco.com\/?s={search_term_string}"},"query-input":{"@type":"PropertyValueSpecification","valueRequired":true,"valueName":"search_term_string"}}],"inLanguage":"en-US"},{"@type":"Organization","@id":"https:\/\/nciemorocco.com\/#organization","name":"nciemorocco","url":"https:\/\/nciemorocco.com\/","logo":{"@type":"ImageObject","inLanguage":"en-US","@id":"https:\/\/nciemorocco.com\/#\/schema\/logo\/image\/","url":"https:\/\/nciemorocco.com\/wp-content\/uploads\/2023\/02\/NCIE.png","contentUrl":"https:\/\/nciemorocco.com\/wp-content\/uploads\/2023\/02\/NCIE.png","width":270,"height":70,"caption":"nciemorocco"},"image":{"@id":"https:\/\/nciemorocco.com\/#\/schema\/logo\/image\/"},"sameAs":["https:\/\/www.facebook.com\/ste.ncie.98","https:\/\/x.com\/NcieSociete","https:\/\/www.instagram.com\/nicesociete\/","https:\/\/www.linkedin.com\/in\/ncie","https:\/\/www.pinterest.fr\/nciemorocco\/_saved\/","https:\/\/www.youtube.com\/channel\/UCjzgpHQQ_68Uhe3Fz5lLskg"]}]}},"_links":{"self":[{"href":"https:\/\/nciemorocco.com\/index.php?rest_route=\/wp\/v2\/pages\/6173","targetHints":{"allow":["GET"]}}],"collection":[{"href":"https:\/\/nciemorocco.com\/index.php?rest_route=\/wp\/v2\/pages"}],"about":[{"href":"https:\/\/nciemorocco.com\/index.php?rest_route=\/wp\/v2\/types\/page"}],"author":[{"embeddable":true,"href":"https:\/\/nciemorocco.com\/index.php?rest_route=\/wp\/v2\/users\/1"}],"replies":[{"embeddable":true,"href":"https:\/\/nciemorocco.com\/index.php?rest_route=%2Fwp%2Fv2%2Fcomments&post=6173"}],"version-history":[{"count":12,"href":"https:\/\/nciemorocco.com\/index.php?rest_route=\/wp\/v2\/pages\/6173\/revisions"}],"predecessor-version":[{"id":6196,"href":"https:\/\/nciemorocco.com\/index.php?rest_route=\/wp\/v2\/pages\/6173\/revisions\/6196"}],"wp:attachment":[{"href":"https:\/\/nciemorocco.com\/index.php?rest_route=%2Fwp%2Fv2%2Fmedia&parent=6173"}],"curies":[{"name":"wp","href":"https:\/\/api.w.org\/{rel}","templated":true}]}}