{"id":6436,"date":"2020-10-17T15:04:30","date_gmt":"2020-10-17T14:04:30","guid":{"rendered":"https:\/\/nciemorocco.com\/?page_id=6436"},"modified":"2020-10-17T15:18:45","modified_gmt":"2020-10-17T14:18:45","slug":"nettoyage-industriel","status":"publish","type":"page","link":"https:\/\/nciemorocco.com\/?page_id=6436","title":{"rendered":"Nettoyage Industriel"},"content":{"rendered":"\t\t<div data-elementor-type=\"wp-page\" data-elementor-id=\"6436\" class=\"elementor elementor-6436\">\n\t\t\t\t\t\t<section class=\"elementor-section elementor-top-section elementor-element elementor-element-64268d2 elementor-section-boxed elementor-section-height-default elementor-section-height-default\" data-id=\"64268d2\" data-element_type=\"section\" data-e-type=\"section\">\n\t\t\t\t\t\t<div class=\"elementor-container elementor-column-gap-default\">\n\t\t\t\t\t<div class=\"elementor-column elementor-col-100 elementor-top-column elementor-element elementor-element-663a1bc\" data-id=\"663a1bc\" data-element_type=\"column\" data-e-type=\"column\">\n\t\t\t<div class=\"elementor-widget-wrap elementor-element-populated\">\n\t\t\t\t\t\t<div class=\"elementor-element elementor-element-39ccbef elementor-widget elementor-widget-heading\" data-id=\"39ccbef\" data-element_type=\"widget\" data-e-type=\"widget\" data-widget_type=\"heading.default\">\n\t\t\t\t<div class=\"elementor-widget-container\">\n\t\t\t\t\t<h2 class=\"elementor-heading-title elementor-size-default\">Nettoyage Industriel<\/h2>\t\t\t\t<\/div>\n\t\t\t\t<\/div>\n\t\t\t\t\t<\/div>\n\t\t<\/div>\n\t\t\t\t\t<\/div>\n\t\t<\/section>\n\t\t\t\t<section class=\"elementor-section elementor-top-section elementor-element elementor-element-c0cf449 elementor-section-boxed elementor-section-height-default elementor-section-height-default\" data-id=\"c0cf449\" data-element_type=\"section\" data-e-type=\"section\">\n\t\t\t\t\t\t<div class=\"elementor-container elementor-column-gap-default\">\n\t\t\t\t\t<div class=\"elementor-column elementor-col-100 elementor-top-column elementor-element elementor-element-cc6e249\" data-id=\"cc6e249\" data-element_type=\"column\" data-e-type=\"column\">\n\t\t\t<div class=\"elementor-widget-wrap elementor-element-populated\">\n\t\t\t\t\t\t<div class=\"elementor-element elementor-element-9e00ab2 elementor-drop-cap-yes elementor-drop-cap-view-default elementor-widget elementor-widget-text-editor\" data-id=\"9e00ab2\" data-element_type=\"widget\" data-e-type=\"widget\" data-settings=\"{&quot;drop_cap&quot;:&quot;yes&quot;}\" data-widget_type=\"text-editor.default\">\n\t\t\t\t<div class=\"elementor-widget-container\">\n\t\t\t\t\t\t\t\t\t<p><a href=\"https:\/\/nciemorocco.com\/wp-content\/uploads\/2020\/10\/image-Proprete-industriel.jpg\"><img fetchpriority=\"high\" decoding=\"async\" class=\"size-medium wp-image-6439 alignright\" src=\"https:\/\/nciemorocco.com\/wp-content\/uploads\/2020\/10\/image-Proprete-industriel-300x247.jpg\" alt=\"Nettoyage Industriel\" width=\"300\" height=\"247\" srcset=\"https:\/\/nciemorocco.com\/wp-content\/uploads\/2020\/10\/image-Proprete-industriel-300x247.jpg 300w, https:\/\/nciemorocco.com\/wp-content\/uploads\/2020\/10\/image-Proprete-industriel.jpg 528w\" sizes=\"(max-width: 300px) 100vw, 300px\" \/><\/a><\/p><p>Gr\u00e2ce \u00e0 l\u2019intervention de NCIE\u00a0 au sein de votre site de production, vous aurez l\u2019assurance d\u2019une propret\u00e9 irr\u00e9prochable tout au long de l\u2019ann\u00e9e. Le nettoyage industriel est non seulement indispensable pour assurer une qualit\u00e9 de production parfaite, mais il est \u00e9galement essentiel pour le respect des normes sectorielles.<\/p><p>NCIE\u00a0 vous propose un large \u00e9ventail de prestations dans le domaine du nettoyage industriel. Ces diff\u00e9rents services s\u2019effectueront, bien \u00e9videmment, selon votre convenance (pendant les heures de maintenance ou pendant les p\u00e9riodes de production).<\/p><p>NCIE vous propose ses diff\u00e9rents services de <strong>nettoyage industriel <\/strong>pour prot\u00e9ger et am\u00e9liorer votre environnement de travail et ainsi vous garantir un milieu agr\u00e9able.<br \/>Le nettoyage et l\u2019entretien de b\u00e2timents industriels demandent des comp\u00e9tences pr\u00e9cises, des connaissances sp\u00e9cifiques mais aussi un respect strict des normes d\u2019hygi\u00e8ne, notre entreprise sp\u00e9cialis\u00e9e dans le nettoyage industriel vous offre ses services en la mati\u00e8re.<br \/>NCIE r\u00e9alise le nettoyage pour tous les types d\u2019industrie, de l\u2019usine de production agroalimentaire \u00e0 l\u2019entrep\u00f4t, en passant par le garage automobile, la cuisine industrielle ou encore l\u2019h\u00f4pital. Nous pouvons proc\u00e9der au nettoyage des sols, plafonds, \u00e9tag\u00e8res, luminaires ou encore des machines et des installations industrielles. Avant toute chose, nous \u00e9tablissons toujours un cahier des charges afin d\u2019\u00e9tablir les t\u00e2ches \u00e0 r\u00e9aliser, leur fr\u00e9quence mais aussi les normes de s\u00e9curit\u00e9 et d\u2019hygi\u00e8ne \u00e0 respecter.<\/p>\t\t\t\t\t\t\t\t<\/div>\n\t\t\t\t<\/div>\n\t\t\t\t\t<\/div>\n\t\t<\/div>\n\t\t\t\t\t<\/div>\n\t\t<\/section>\n\t\t\t\t<section class=\"elementor-section elementor-top-section elementor-element elementor-element-7f945c0 elementor-section-boxed elementor-section-height-default elementor-section-height-default\" data-id=\"7f945c0\" data-element_type=\"section\" data-e-type=\"section\">\n\t\t\t\t\t\t<div class=\"elementor-container elementor-column-gap-default\">\n\t\t\t\t\t<div class=\"elementor-column elementor-col-100 elementor-top-column elementor-element elementor-element-0ca9076\" data-id=\"0ca9076\" data-element_type=\"column\" data-e-type=\"column\">\n\t\t\t<div class=\"elementor-widget-wrap elementor-element-populated\">\n\t\t\t\t\t\t<div class=\"elementor-element elementor-element-f58f190 elementor-widget-divider--view-line elementor-widget elementor-widget-divider\" data-id=\"f58f190\" data-element_type=\"widget\" data-e-type=\"widget\" data-widget_type=\"divider.default\">\n\t\t\t\t<div class=\"elementor-widget-container\">\n\t\t\t\t\t\t\t<div class=\"elementor-divider\">\n\t\t\t<span class=\"elementor-divider-separator\">\n\t\t\t\t\t\t<\/span>\n\t\t<\/div>\n\t\t\t\t\t\t<\/div>\n\t\t\t\t<\/div>\n\t\t\t\t\t<\/div>\n\t\t<\/div>\n\t\t\t\t\t<\/div>\n\t\t<\/section>\n\t\t\t\t<\/div>\n\t\t","protected":false},"excerpt":{"rendered":"<p>Nettoyage Industriel Gr\u00e2ce \u00e0 l\u2019intervention de NCIE\u00a0 au sein de votre site de production, vous aurez l\u2019assurance d\u2019une propret\u00e9 irr\u00e9prochable tout au long de l\u2019ann\u00e9e. Le nettoyage industriel est non seulement indispensable pour assurer une qualit\u00e9 de production parfaite, mais &hellip; <a href=\"https:\/\/nciemorocco.com\/?page_id=6436\">Readmore<\/a><\/p>\n","protected":false},"author":1,"featured_media":0,"parent":0,"menu_order":0,"comment_status":"closed","ping_status":"closed","template":"","meta":{"footnotes":""},"class_list":["post-6436","page","type-page","status-publish","hentry"],"yoast_head":"<!-- This site is optimized with the Yoast SEO plugin v27.3 - https:\/\/yoast.com\/product\/yoast-seo-wordpress\/ -->\n<title>Nettoyage Industriel - nciemorocco<\/title>\n<meta name=\"robots\" content=\"index, follow, max-snippet:-1, max-image-preview:large, max-video-preview:-1\" \/>\n<link rel=\"canonical\" href=\"https:\/\/nciemorocco.com\/?page_id=6436\" \/>\n<meta property=\"og:locale\" content=\"en_US\" \/>\n<meta property=\"og:type\" content=\"article\" \/>\n<meta property=\"og:title\" content=\"Nettoyage Industriel - nciemorocco\" \/>\n<meta property=\"og:description\" content=\"Nettoyage Industriel Gr\u00e2ce \u00e0 l\u2019intervention de NCIE\u00a0 au sein de votre site de production, vous aurez l\u2019assurance d\u2019une propret\u00e9 irr\u00e9prochable tout au long de l\u2019ann\u00e9e. Le nettoyage industriel est non seulement indispensable pour assurer une qualit\u00e9 de production parfaite, mais &hellip; Readmore\" \/>\n<meta property=\"og:url\" content=\"https:\/\/nciemorocco.com\/?page_id=6436\" \/>\n<meta property=\"og:site_name\" content=\"nciemorocco\" \/>\n<meta property=\"article:publisher\" content=\"https:\/\/www.facebook.com\/ste.ncie.98\" \/>\n<meta property=\"article:modified_time\" content=\"2020-10-17T14:18:45+00:00\" \/>\n<meta property=\"og:image\" content=\"https:\/\/nciemorocco.com\/wp-content\/uploads\/2020\/10\/image-Proprete-industriel-300x247.jpg\" \/>\n<meta name=\"twitter:card\" content=\"summary_large_image\" \/>\n<meta name=\"twitter:site\" content=\"@NcieSociete\" \/>\n<meta name=\"twitter:label1\" content=\"Est. reading time\" \/>\n\t<meta name=\"twitter:data1\" content=\"1 minute\" \/>\n<script type=\"application\/ld+json\" class=\"yoast-schema-graph\">{\"@context\":\"https:\\\/\\\/schema.org\",\"@graph\":[{\"@type\":\"WebPage\",\"@id\":\"https:\\\/\\\/nciemorocco.com\\\/?page_id=6436\",\"url\":\"https:\\\/\\\/nciemorocco.com\\\/?page_id=6436\",\"name\":\"Nettoyage Industriel - nciemorocco\",\"isPartOf\":{\"@id\":\"https:\\\/\\\/nciemorocco.com\\\/#website\"},\"primaryImageOfPage\":{\"@id\":\"https:\\\/\\\/nciemorocco.com\\\/?page_id=6436#primaryimage\"},\"image\":{\"@id\":\"https:\\\/\\\/nciemorocco.com\\\/?page_id=6436#primaryimage\"},\"thumbnailUrl\":\"https:\\\/\\\/nciemorocco.com\\\/wp-content\\\/uploads\\\/2020\\\/10\\\/image-Proprete-industriel-300x247.jpg\",\"datePublished\":\"2020-10-17T14:04:30+00:00\",\"dateModified\":\"2020-10-17T14:18:45+00:00\",\"breadcrumb\":{\"@id\":\"https:\\\/\\\/nciemorocco.com\\\/?page_id=6436#breadcrumb\"},\"inLanguage\":\"en-US\",\"potentialAction\":[{\"@type\":\"ReadAction\",\"target\":[\"https:\\\/\\\/nciemorocco.com\\\/?page_id=6436\"]}]},{\"@type\":\"ImageObject\",\"inLanguage\":\"en-US\",\"@id\":\"https:\\\/\\\/nciemorocco.com\\\/?page_id=6436#primaryimage\",\"url\":\"https:\\\/\\\/nciemorocco.com\\\/wp-content\\\/uploads\\\/2020\\\/10\\\/image-Proprete-industriel-300x247.jpg\",\"contentUrl\":\"https:\\\/\\\/nciemorocco.com\\\/wp-content\\\/uploads\\\/2020\\\/10\\\/image-Proprete-industriel-300x247.jpg\"},{\"@type\":\"BreadcrumbList\",\"@id\":\"https:\\\/\\\/nciemorocco.com\\\/?page_id=6436#breadcrumb\",\"itemListElement\":[{\"@type\":\"ListItem\",\"position\":1,\"name\":\"Accueil\",\"item\":\"https:\\\/\\\/nciemorocco.com\\\/\"},{\"@type\":\"ListItem\",\"position\":2,\"name\":\"Nettoyage Industriel\"}]},{\"@type\":\"WebSite\",\"@id\":\"https:\\\/\\\/nciemorocco.com\\\/#website\",\"url\":\"https:\\\/\\\/nciemorocco.com\\\/\",\"name\":\"nciemorocco.com\",\"description\":\"\",\"publisher\":{\"@id\":\"https:\\\/\\\/nciemorocco.com\\\/#organization\"},\"potentialAction\":[{\"@type\":\"SearchAction\",\"target\":{\"@type\":\"EntryPoint\",\"urlTemplate\":\"https:\\\/\\\/nciemorocco.com\\\/?s={search_term_string}\"},\"query-input\":{\"@type\":\"PropertyValueSpecification\",\"valueRequired\":true,\"valueName\":\"search_term_string\"}}],\"inLanguage\":\"en-US\"},{\"@type\":\"Organization\",\"@id\":\"https:\\\/\\\/nciemorocco.com\\\/#organization\",\"name\":\"nciemorocco\",\"url\":\"https:\\\/\\\/nciemorocco.com\\\/\",\"logo\":{\"@type\":\"ImageObject\",\"inLanguage\":\"en-US\",\"@id\":\"https:\\\/\\\/nciemorocco.com\\\/#\\\/schema\\\/logo\\\/image\\\/\",\"url\":\"https:\\\/\\\/nciemorocco.com\\\/wp-content\\\/uploads\\\/2023\\\/02\\\/NCIE.png\",\"contentUrl\":\"https:\\\/\\\/nciemorocco.com\\\/wp-content\\\/uploads\\\/2023\\\/02\\\/NCIE.png\",\"width\":270,\"height\":70,\"caption\":\"nciemorocco\"},\"image\":{\"@id\":\"https:\\\/\\\/nciemorocco.com\\\/#\\\/schema\\\/logo\\\/image\\\/\"},\"sameAs\":[\"https:\\\/\\\/www.facebook.com\\\/ste.ncie.98\",\"https:\\\/\\\/x.com\\\/NcieSociete\",\"https:\\\/\\\/www.instagram.com\\\/nicesociete\\\/\",\"https:\\\/\\\/www.linkedin.com\\\/in\\\/ncie\",\"https:\\\/\\\/www.pinterest.fr\\\/nciemorocco\\\/_saved\\\/\",\"https:\\\/\\\/www.youtube.com\\\/channel\\\/UCjzgpHQQ_68Uhe3Fz5lLskg\"]}]}<\/script>\n<!-- \/ Yoast SEO plugin. -->","yoast_head_json":{"title":"Nettoyage Industriel - nciemorocco","robots":{"index":"index","follow":"follow","max-snippet":"max-snippet:-1","max-image-preview":"max-image-preview:large","max-video-preview":"max-video-preview:-1"},"canonical":"https:\/\/nciemorocco.com\/?page_id=6436","og_locale":"en_US","og_type":"article","og_title":"Nettoyage Industriel - nciemorocco","og_description":"Nettoyage Industriel Gr\u00e2ce \u00e0 l\u2019intervention de NCIE\u00a0 au sein de votre site de production, vous aurez l\u2019assurance d\u2019une propret\u00e9 irr\u00e9prochable tout au long de l\u2019ann\u00e9e. Le nettoyage industriel est non seulement indispensable pour assurer une qualit\u00e9 de production parfaite, mais &hellip; Readmore","og_url":"https:\/\/nciemorocco.com\/?page_id=6436","og_site_name":"nciemorocco","article_publisher":"https:\/\/www.facebook.com\/ste.ncie.98","article_modified_time":"2020-10-17T14:18:45+00:00","og_image":[{"url":"https:\/\/nciemorocco.com\/wp-content\/uploads\/2020\/10\/image-Proprete-industriel-300x247.jpg","type":"","width":"","height":""}],"twitter_card":"summary_large_image","twitter_site":"@NcieSociete","twitter_misc":{"Est. reading time":"1 minute"},"schema":{"@context":"https:\/\/schema.org","@graph":[{"@type":"WebPage","@id":"https:\/\/nciemorocco.com\/?page_id=6436","url":"https:\/\/nciemorocco.com\/?page_id=6436","name":"Nettoyage Industriel - nciemorocco","isPartOf":{"@id":"https:\/\/nciemorocco.com\/#website"},"primaryImageOfPage":{"@id":"https:\/\/nciemorocco.com\/?page_id=6436#primaryimage"},"image":{"@id":"https:\/\/nciemorocco.com\/?page_id=6436#primaryimage"},"thumbnailUrl":"https:\/\/nciemorocco.com\/wp-content\/uploads\/2020\/10\/image-Proprete-industriel-300x247.jpg","datePublished":"2020-10-17T14:04:30+00:00","dateModified":"2020-10-17T14:18:45+00:00","breadcrumb":{"@id":"https:\/\/nciemorocco.com\/?page_id=6436#breadcrumb"},"inLanguage":"en-US","potentialAction":[{"@type":"ReadAction","target":["https:\/\/nciemorocco.com\/?page_id=6436"]}]},{"@type":"ImageObject","inLanguage":"en-US","@id":"https:\/\/nciemorocco.com\/?page_id=6436#primaryimage","url":"https:\/\/nciemorocco.com\/wp-content\/uploads\/2020\/10\/image-Proprete-industriel-300x247.jpg","contentUrl":"https:\/\/nciemorocco.com\/wp-content\/uploads\/2020\/10\/image-Proprete-industriel-300x247.jpg"},{"@type":"BreadcrumbList","@id":"https:\/\/nciemorocco.com\/?page_id=6436#breadcrumb","itemListElement":[{"@type":"ListItem","position":1,"name":"Accueil","item":"https:\/\/nciemorocco.com\/"},{"@type":"ListItem","position":2,"name":"Nettoyage Industriel"}]},{"@type":"WebSite","@id":"https:\/\/nciemorocco.com\/#website","url":"https:\/\/nciemorocco.com\/","name":"nciemorocco.com","description":"","publisher":{"@id":"https:\/\/nciemorocco.com\/#organization"},"potentialAction":[{"@type":"SearchAction","target":{"@type":"EntryPoint","urlTemplate":"https:\/\/nciemorocco.com\/?s={search_term_string}"},"query-input":{"@type":"PropertyValueSpecification","valueRequired":true,"valueName":"search_term_string"}}],"inLanguage":"en-US"},{"@type":"Organization","@id":"https:\/\/nciemorocco.com\/#organization","name":"nciemorocco","url":"https:\/\/nciemorocco.com\/","logo":{"@type":"ImageObject","inLanguage":"en-US","@id":"https:\/\/nciemorocco.com\/#\/schema\/logo\/image\/","url":"https:\/\/nciemorocco.com\/wp-content\/uploads\/2023\/02\/NCIE.png","contentUrl":"https:\/\/nciemorocco.com\/wp-content\/uploads\/2023\/02\/NCIE.png","width":270,"height":70,"caption":"nciemorocco"},"image":{"@id":"https:\/\/nciemorocco.com\/#\/schema\/logo\/image\/"},"sameAs":["https:\/\/www.facebook.com\/ste.ncie.98","https:\/\/x.com\/NcieSociete","https:\/\/www.instagram.com\/nicesociete\/","https:\/\/www.linkedin.com\/in\/ncie","https:\/\/www.pinterest.fr\/nciemorocco\/_saved\/","https:\/\/www.youtube.com\/channel\/UCjzgpHQQ_68Uhe3Fz5lLskg"]}]}},"_links":{"self":[{"href":"https:\/\/nciemorocco.com\/index.php?rest_route=\/wp\/v2\/pages\/6436","targetHints":{"allow":["GET"]}}],"collection":[{"href":"https:\/\/nciemorocco.com\/index.php?rest_route=\/wp\/v2\/pages"}],"about":[{"href":"https:\/\/nciemorocco.com\/index.php?rest_route=\/wp\/v2\/types\/page"}],"author":[{"embeddable":true,"href":"https:\/\/nciemorocco.com\/index.php?rest_route=\/wp\/v2\/users\/1"}],"replies":[{"embeddable":true,"href":"https:\/\/nciemorocco.com\/index.php?rest_route=%2Fwp%2Fv2%2Fcomments&post=6436"}],"version-history":[{"count":15,"href":"https:\/\/nciemorocco.com\/index.php?rest_route=\/wp\/v2\/pages\/6436\/revisions"}],"predecessor-version":[{"id":6453,"href":"https:\/\/nciemorocco.com\/index.php?rest_route=\/wp\/v2\/pages\/6436\/revisions\/6453"}],"wp:attachment":[{"href":"https:\/\/nciemorocco.com\/index.php?rest_route=%2Fwp%2Fv2%2Fmedia&parent=6436"}],"curies":[{"name":"wp","href":"https:\/\/api.w.org\/{rel}","templated":true}]}}