{"id":6056,"date":"2020-10-10T13:58:45","date_gmt":"2020-10-10T12:58:45","guid":{"rendered":"https:\/\/nciemorocco.com\/?post_type=product&#038;p=6056"},"modified":"2020-12-09T23:58:43","modified_gmt":"2020-12-09T23:58:43","slug":"h500-desinfectant-b-5l","status":"publish","type":"product","link":"https:\/\/nciemorocco.com\/?product=h500-desinfectant-b-5l","title":{"rendered":"H500 d\u00e9sinfectant B 5L"},"content":{"rendered":"<p><strong>H500 <\/strong>est une solution alcoolique, sans parfum ni colorant<br \/>\n<strong>H500 <\/strong>est particuli\u00e8rement adapt\u00e9 pour un usage dans les secteurs de la restauration et de l&#8217;industrie agroalimentaire.<br \/>\n<strong>H500 <\/strong>contient l\u2019isopropanol pour un haut niveau d\u00e9sinfection.<br \/>\n<strong>Avantages:<\/strong><\/p>\n<ul>\n<li>Action d\u00e9sinfectante efficace.<\/li>\n<li>Gain de temps et praticit\u00e9 : sans rin\u00e7age ni s\u00e9chage, utilisable en l\u2019absence de point d\u2019eau.<\/li>\n<li>Contient des agents hydratants emp\u00eachant le dess\u00e8chement et l\u2019irritation de la peau.<\/li>\n<\/ul>\n<p><strong>Mode d\u2019emploi<\/strong><\/p>\n<p>Appliquer 3 ml de H500 sur les mains propres et s\u00e8ches et masser soigneusement dans la peau, en accordant une attention particuli\u00e8re aux doigts, aux ongles et aux toiles du doigt.<\/p>\n<p><strong>Donn\u00e9es techniques<\/strong><\/p>\n<ul>\n<li>Apparence : Liquide incolore clair.<\/li>\n<li>Densit\u00e9 relative [20 \u00b0 C]: 0,876<\/li>\n<li>Point d&#8217;\u00e9clair [\u00baC]: 21,5<\/li>\n<li>PH [pur] : 7,5<\/li>\n<\/ul>\n<p>Les donn\u00e9es ci-dessus sont typiques de la production normale et ne doivent pas \u00eatre prises comme sp\u00e9cification.<\/p>\n<p><strong>Information de stockage<\/strong><\/p>\n<p>Stoker le produit dans son emballage d\u2019origine ferm\u00e9. De pr\u00e9f\u00e9rence dans un endroit sombre, \u00e0 l\u2019abri des variations de temp\u00e9ratures (temp\u00e9rature&gt; &#8211; 5 \u00b0 C et &lt; 30 \u00b0 C).<\/p>\n<p><span style=\"color: #808080;\"><strong>Produit inflammable, irritation pour les yeux.<\/strong><\/span><\/p>\n","protected":false},"excerpt":{"rendered":"<p>une solution alcoolique, sans parfum ni colorant<\/p>\n","protected":false},"featured_media":6643,"comment_status":"open","ping_status":"closed","template":"","meta":[],"product_cat":[239],"product_tag":[],"class_list":{"0":"post-6056","1":"product","2":"type-product","3":"status-publish","4":"has-post-thumbnail","6":"product_cat-desinfection","8":"first","9":"instock","10":"taxable","11":"shipping-taxable","12":"purchasable","13":"product-type-simple"},"yoast_head":"<!-- This site is optimized with the Yoast SEO plugin v27.3 - https:\/\/yoast.com\/product\/yoast-seo-wordpress\/ -->\n<title>H500 d\u00e9sinfectant B 5L - nciemorocco<\/title>\n<meta name=\"description\" content=\"H500 est une solution alcoolique, sans parfum ni colorantH500 est particuli\u00e8rement adapt\u00e9 pour un usage dans les secteurs de la restauration et de l&#039;industrie agroalimentaire.H500 contient l\u2019isopropanol pour un haut niveau d\u00e9sinfection.\" \/>\n<meta name=\"robots\" content=\"index, follow, max-snippet:-1, max-image-preview:large, max-video-preview:-1\" \/>\n<link rel=\"canonical\" href=\"https:\/\/nciemorocco.com\/?product=h500-desinfectant-b-5l\" \/>\n<meta property=\"og:locale\" content=\"en_US\" \/>\n<meta property=\"og:type\" content=\"article\" \/>\n<meta property=\"og:title\" content=\"H500 d\u00e9sinfectant B 5L - nciemorocco\" \/>\n<meta property=\"og:description\" content=\"H500 est une solution alcoolique, sans parfum ni colorantH500 est particuli\u00e8rement adapt\u00e9 pour un usage dans les secteurs de la restauration et de l&#039;industrie agroalimentaire.H500 contient l\u2019isopropanol pour un haut niveau d\u00e9sinfection.\" \/>\n<meta property=\"og:url\" content=\"https:\/\/nciemorocco.com\/?product=h500-desinfectant-b-5l\" \/>\n<meta property=\"og:site_name\" content=\"nciemorocco\" \/>\n<meta property=\"article:publisher\" content=\"https:\/\/www.facebook.com\/ste.ncie.98\" \/>\n<meta property=\"article:modified_time\" content=\"2020-12-09T23:58:43+00:00\" \/>\n<meta name=\"twitter:card\" content=\"summary_large_image\" \/>\n<meta name=\"twitter:image\" content=\"https:\/\/nciemorocco.com\/wp-content\/uploads\/2020\/10\/H500-2.jpg\" \/>\n<meta name=\"twitter:site\" content=\"@NcieSociete\" \/>\n<meta name=\"twitter:label1\" content=\"Est. reading time\" \/>\n\t<meta name=\"twitter:data1\" content=\"1 minute\" \/>\n<script type=\"application\/ld+json\" class=\"yoast-schema-graph\">{\"@context\":\"https:\\\/\\\/schema.org\",\"@graph\":[{\"@type\":\"WebPage\",\"@id\":\"https:\\\/\\\/nciemorocco.com\\\/?product=h500-desinfectant-b-5l\",\"url\":\"https:\\\/\\\/nciemorocco.com\\\/?product=h500-desinfectant-b-5l\",\"name\":\"H500 d\u00e9sinfectant B 5L - nciemorocco\",\"isPartOf\":{\"@id\":\"https:\\\/\\\/nciemorocco.com\\\/#website\"},\"primaryImageOfPage\":{\"@id\":\"https:\\\/\\\/nciemorocco.com\\\/?product=h500-desinfectant-b-5l#primaryimage\"},\"image\":{\"@id\":\"https:\\\/\\\/nciemorocco.com\\\/?product=h500-desinfectant-b-5l#primaryimage\"},\"thumbnailUrl\":\"https:\\\/\\\/nciemorocco.com\\\/wp-content\\\/uploads\\\/2020\\\/10\\\/H500-2.jpg\",\"datePublished\":\"2020-10-10T12:58:45+00:00\",\"dateModified\":\"2020-12-09T23:58:43+00:00\",\"description\":\"H500 est une solution alcoolique, sans parfum ni colorantH500 est particuli\u00e8rement adapt\u00e9 pour un usage dans les secteurs de la restauration et de l'industrie agroalimentaire.H500 contient l\u2019isopropanol pour un haut niveau d\u00e9sinfection.\",\"breadcrumb\":{\"@id\":\"https:\\\/\\\/nciemorocco.com\\\/?product=h500-desinfectant-b-5l#breadcrumb\"},\"inLanguage\":\"en-US\",\"potentialAction\":[{\"@type\":\"ReadAction\",\"target\":[\"https:\\\/\\\/nciemorocco.com\\\/?product=h500-desinfectant-b-5l\"]}]},{\"@type\":\"ImageObject\",\"inLanguage\":\"en-US\",\"@id\":\"https:\\\/\\\/nciemorocco.com\\\/?product=h500-desinfectant-b-5l#primaryimage\",\"url\":\"https:\\\/\\\/nciemorocco.com\\\/wp-content\\\/uploads\\\/2020\\\/10\\\/H500-2.jpg\",\"contentUrl\":\"https:\\\/\\\/nciemorocco.com\\\/wp-content\\\/uploads\\\/2020\\\/10\\\/H500-2.jpg\",\"width\":2362,\"height\":2362,\"caption\":\"H500 desinfectant\"},{\"@type\":\"BreadcrumbList\",\"@id\":\"https:\\\/\\\/nciemorocco.com\\\/?product=h500-desinfectant-b-5l#breadcrumb\",\"itemListElement\":[{\"@type\":\"ListItem\",\"position\":1,\"name\":\"Accueil\",\"item\":\"https:\\\/\\\/nciemorocco.com\\\/\"},{\"@type\":\"ListItem\",\"position\":2,\"name\":\"Boutique\",\"item\":\"https:\\\/\\\/nciemorocco.com\\\/?page_id=5551\"},{\"@type\":\"ListItem\",\"position\":3,\"name\":\"H500 d\u00e9sinfectant B 5L\"}]},{\"@type\":\"WebSite\",\"@id\":\"https:\\\/\\\/nciemorocco.com\\\/#website\",\"url\":\"https:\\\/\\\/nciemorocco.com\\\/\",\"name\":\"nciemorocco.com\",\"description\":\"\",\"publisher\":{\"@id\":\"https:\\\/\\\/nciemorocco.com\\\/#organization\"},\"potentialAction\":[{\"@type\":\"SearchAction\",\"target\":{\"@type\":\"EntryPoint\",\"urlTemplate\":\"https:\\\/\\\/nciemorocco.com\\\/?s={search_term_string}\"},\"query-input\":{\"@type\":\"PropertyValueSpecification\",\"valueRequired\":true,\"valueName\":\"search_term_string\"}}],\"inLanguage\":\"en-US\"},{\"@type\":\"Organization\",\"@id\":\"https:\\\/\\\/nciemorocco.com\\\/#organization\",\"name\":\"nciemorocco\",\"url\":\"https:\\\/\\\/nciemorocco.com\\\/\",\"logo\":{\"@type\":\"ImageObject\",\"inLanguage\":\"en-US\",\"@id\":\"https:\\\/\\\/nciemorocco.com\\\/#\\\/schema\\\/logo\\\/image\\\/\",\"url\":\"https:\\\/\\\/nciemorocco.com\\\/wp-content\\\/uploads\\\/2023\\\/02\\\/NCIE.png\",\"contentUrl\":\"https:\\\/\\\/nciemorocco.com\\\/wp-content\\\/uploads\\\/2023\\\/02\\\/NCIE.png\",\"width\":270,\"height\":70,\"caption\":\"nciemorocco\"},\"image\":{\"@id\":\"https:\\\/\\\/nciemorocco.com\\\/#\\\/schema\\\/logo\\\/image\\\/\"},\"sameAs\":[\"https:\\\/\\\/www.facebook.com\\\/ste.ncie.98\",\"https:\\\/\\\/x.com\\\/NcieSociete\",\"https:\\\/\\\/www.instagram.com\\\/nicesociete\\\/\",\"https:\\\/\\\/www.linkedin.com\\\/in\\\/ncie\",\"https:\\\/\\\/www.pinterest.fr\\\/nciemorocco\\\/_saved\\\/\",\"https:\\\/\\\/www.youtube.com\\\/channel\\\/UCjzgpHQQ_68Uhe3Fz5lLskg\"]}]}<\/script>\n<!-- \/ Yoast SEO plugin. -->","yoast_head_json":{"title":"H500 d\u00e9sinfectant B 5L - nciemorocco","description":"H500 est une solution alcoolique, sans parfum ni colorantH500 est particuli\u00e8rement adapt\u00e9 pour un usage dans les secteurs de la restauration et de l'industrie agroalimentaire.H500 contient l\u2019isopropanol pour un haut niveau d\u00e9sinfection.","robots":{"index":"index","follow":"follow","max-snippet":"max-snippet:-1","max-image-preview":"max-image-preview:large","max-video-preview":"max-video-preview:-1"},"canonical":"https:\/\/nciemorocco.com\/?product=h500-desinfectant-b-5l","og_locale":"en_US","og_type":"article","og_title":"H500 d\u00e9sinfectant B 5L - nciemorocco","og_description":"H500 est une solution alcoolique, sans parfum ni colorantH500 est particuli\u00e8rement adapt\u00e9 pour un usage dans les secteurs de la restauration et de l'industrie agroalimentaire.H500 contient l\u2019isopropanol pour un haut niveau d\u00e9sinfection.","og_url":"https:\/\/nciemorocco.com\/?product=h500-desinfectant-b-5l","og_site_name":"nciemorocco","article_publisher":"https:\/\/www.facebook.com\/ste.ncie.98","article_modified_time":"2020-12-09T23:58:43+00:00","twitter_card":"summary_large_image","twitter_image":"https:\/\/nciemorocco.com\/wp-content\/uploads\/2020\/10\/H500-2.jpg","twitter_site":"@NcieSociete","twitter_misc":{"Est. reading time":"1 minute"},"schema":{"@context":"https:\/\/schema.org","@graph":[{"@type":"WebPage","@id":"https:\/\/nciemorocco.com\/?product=h500-desinfectant-b-5l","url":"https:\/\/nciemorocco.com\/?product=h500-desinfectant-b-5l","name":"H500 d\u00e9sinfectant B 5L - nciemorocco","isPartOf":{"@id":"https:\/\/nciemorocco.com\/#website"},"primaryImageOfPage":{"@id":"https:\/\/nciemorocco.com\/?product=h500-desinfectant-b-5l#primaryimage"},"image":{"@id":"https:\/\/nciemorocco.com\/?product=h500-desinfectant-b-5l#primaryimage"},"thumbnailUrl":"https:\/\/nciemorocco.com\/wp-content\/uploads\/2020\/10\/H500-2.jpg","datePublished":"2020-10-10T12:58:45+00:00","dateModified":"2020-12-09T23:58:43+00:00","description":"H500 est une solution alcoolique, sans parfum ni colorantH500 est particuli\u00e8rement adapt\u00e9 pour un usage dans les secteurs de la restauration et de l'industrie agroalimentaire.H500 contient l\u2019isopropanol pour un haut niveau d\u00e9sinfection.","breadcrumb":{"@id":"https:\/\/nciemorocco.com\/?product=h500-desinfectant-b-5l#breadcrumb"},"inLanguage":"en-US","potentialAction":[{"@type":"ReadAction","target":["https:\/\/nciemorocco.com\/?product=h500-desinfectant-b-5l"]}]},{"@type":"ImageObject","inLanguage":"en-US","@id":"https:\/\/nciemorocco.com\/?product=h500-desinfectant-b-5l#primaryimage","url":"https:\/\/nciemorocco.com\/wp-content\/uploads\/2020\/10\/H500-2.jpg","contentUrl":"https:\/\/nciemorocco.com\/wp-content\/uploads\/2020\/10\/H500-2.jpg","width":2362,"height":2362,"caption":"H500 desinfectant"},{"@type":"BreadcrumbList","@id":"https:\/\/nciemorocco.com\/?product=h500-desinfectant-b-5l#breadcrumb","itemListElement":[{"@type":"ListItem","position":1,"name":"Accueil","item":"https:\/\/nciemorocco.com\/"},{"@type":"ListItem","position":2,"name":"Boutique","item":"https:\/\/nciemorocco.com\/?page_id=5551"},{"@type":"ListItem","position":3,"name":"H500 d\u00e9sinfectant B 5L"}]},{"@type":"WebSite","@id":"https:\/\/nciemorocco.com\/#website","url":"https:\/\/nciemorocco.com\/","name":"nciemorocco.com","description":"","publisher":{"@id":"https:\/\/nciemorocco.com\/#organization"},"potentialAction":[{"@type":"SearchAction","target":{"@type":"EntryPoint","urlTemplate":"https:\/\/nciemorocco.com\/?s={search_term_string}"},"query-input":{"@type":"PropertyValueSpecification","valueRequired":true,"valueName":"search_term_string"}}],"inLanguage":"en-US"},{"@type":"Organization","@id":"https:\/\/nciemorocco.com\/#organization","name":"nciemorocco","url":"https:\/\/nciemorocco.com\/","logo":{"@type":"ImageObject","inLanguage":"en-US","@id":"https:\/\/nciemorocco.com\/#\/schema\/logo\/image\/","url":"https:\/\/nciemorocco.com\/wp-content\/uploads\/2023\/02\/NCIE.png","contentUrl":"https:\/\/nciemorocco.com\/wp-content\/uploads\/2023\/02\/NCIE.png","width":270,"height":70,"caption":"nciemorocco"},"image":{"@id":"https:\/\/nciemorocco.com\/#\/schema\/logo\/image\/"},"sameAs":["https:\/\/www.facebook.com\/ste.ncie.98","https:\/\/x.com\/NcieSociete","https:\/\/www.instagram.com\/nicesociete\/","https:\/\/www.linkedin.com\/in\/ncie","https:\/\/www.pinterest.fr\/nciemorocco\/_saved\/","https:\/\/www.youtube.com\/channel\/UCjzgpHQQ_68Uhe3Fz5lLskg"]}]}},"_links":{"self":[{"href":"https:\/\/nciemorocco.com\/index.php?rest_route=\/wp\/v2\/product\/6056","targetHints":{"allow":["GET"]}}],"collection":[{"href":"https:\/\/nciemorocco.com\/index.php?rest_route=\/wp\/v2\/product"}],"about":[{"href":"https:\/\/nciemorocco.com\/index.php?rest_route=\/wp\/v2\/types\/product"}],"replies":[{"embeddable":true,"href":"https:\/\/nciemorocco.com\/index.php?rest_route=%2Fwp%2Fv2%2Fcomments&post=6056"}],"version-history":[{"count":4,"href":"https:\/\/nciemorocco.com\/index.php?rest_route=\/wp\/v2\/product\/6056\/revisions"}],"predecessor-version":[{"id":6641,"href":"https:\/\/nciemorocco.com\/index.php?rest_route=\/wp\/v2\/product\/6056\/revisions\/6641"}],"wp:featuredmedia":[{"embeddable":true,"href":"https:\/\/nciemorocco.com\/index.php?rest_route=\/wp\/v2\/media\/6643"}],"wp:attachment":[{"href":"https:\/\/nciemorocco.com\/index.php?rest_route=%2Fwp%2Fv2%2Fmedia&parent=6056"}],"wp:term":[{"taxonomy":"product_cat","embeddable":true,"href":"https:\/\/nciemorocco.com\/index.php?rest_route=%2Fwp%2Fv2%2Fproduct_cat&post=6056"},{"taxonomy":"product_tag","embeddable":true,"href":"https:\/\/nciemorocco.com\/index.php?rest_route=%2Fwp%2Fv2%2Fproduct_tag&post=6056"}],"curies":[{"name":"wp","href":"https:\/\/api.w.org\/{rel}","templated":true}]}}