{"id":6529,"date":"2020-10-27T13:23:58","date_gmt":"2020-10-27T12:23:58","guid":{"rendered":"https:\/\/nciemorocco.com\/?post_type=product&#038;p=6529"},"modified":"2020-10-27T13:33:26","modified_gmt":"2020-10-27T12:33:26","slug":"6529","status":"publish","type":"product","link":"https:\/\/nciemorocco.com\/?product=6529","title":{"rendered":"Humidificateur et diffuseur"},"content":{"rendered":"<p>&#8211;  Id\u00e9al pour les m\u00e9langes d&#8217;ar\u00f4mes faits maison et les applications d&#8217;aromath\u00e9rapie<br \/>\n&#8211;  Fonctions 2-en-1: diffuseur d&#8217;ar\u00f4me, humidificateur d&#8217;air.<br \/>\n&#8211;  Conception d&#8217;impression bois avec effets d&#8217;\u00e9clairage LED atmosph\u00e9riques et harmoniques.<br \/>\n&#8211;  Sans bruit et s\u00fbr: profitez d&#8217;un air frais et aromatique avec un fonctionnement silencieux et une fonction d&#8217;arr\u00eat automatique.<br \/>\nTechnologie \u00e0 ultrasons moderne pour une g\u00e9n\u00e9ration de vapeur optimale et un fonctionnement sans brui<br \/>\nProduit une fine brume froide via des vibrations \u00e0 haute fr\u00e9quence &#8211; rafra\u00eechit, parfume et humidifie l&#8217;air ambiant \u00e0 la maison, dans la voiture ou sur le lieu de travail de l&#8217;ordinateur<\/p>\n","protected":false},"excerpt":{"rendered":"<p>Id\u00e9al pour les m\u00e9langes d&#8217;ar\u00f4mes faits maison et les applications d&#8217;aromath\u00e9rapie<\/p>\n","protected":false},"featured_media":6533,"comment_status":"open","ping_status":"closed","template":"","meta":[],"product_cat":[247],"product_tag":[],"class_list":{"0":"post-6529","1":"product","2":"type-product","3":"status-publish","4":"has-post-thumbnail","6":"product_cat-produits-et-hygiene-sanitaire","8":"first","9":"instock","10":"taxable","11":"shipping-taxable","12":"purchasable","13":"product-type-simple"},"yoast_head":"<!-- This site is optimized with the Yoast SEO plugin v27.3 - https:\/\/yoast.com\/product\/yoast-seo-wordpress\/ -->\n<title>Humidificateur et diffuseur - nciemorocco<\/title>\n<meta name=\"robots\" content=\"index, follow, max-snippet:-1, max-image-preview:large, max-video-preview:-1\" \/>\n<link rel=\"canonical\" href=\"https:\/\/nciemorocco.com\/?product=6529\" \/>\n<meta property=\"og:locale\" content=\"en_US\" \/>\n<meta property=\"og:type\" content=\"article\" \/>\n<meta property=\"og:title\" content=\"Humidificateur et diffuseur - nciemorocco\" \/>\n<meta property=\"og:description\" content=\"Id\u00e9al pour les m\u00e9langes d&#039;ar\u00f4mes faits maison et les applications d&#039;aromath\u00e9rapie\" \/>\n<meta property=\"og:url\" content=\"https:\/\/nciemorocco.com\/?product=6529\" \/>\n<meta property=\"og:site_name\" content=\"nciemorocco\" \/>\n<meta property=\"article:publisher\" content=\"https:\/\/www.facebook.com\/ste.ncie.98\" \/>\n<meta property=\"article:modified_time\" content=\"2020-10-27T12:33:26+00:00\" \/>\n<meta property=\"og:image\" content=\"https:\/\/nciemorocco.com\/wp-content\/uploads\/2020\/10\/humofificateur-1.png\" \/>\n\t<meta property=\"og:image:width\" content=\"637\" \/>\n\t<meta property=\"og:image:height\" content=\"625\" \/>\n\t<meta property=\"og:image:type\" content=\"image\/png\" \/>\n<meta name=\"twitter:card\" content=\"summary_large_image\" \/>\n<meta name=\"twitter:site\" content=\"@NcieSociete\" \/>\n<meta name=\"twitter:label1\" content=\"Est. reading time\" \/>\n\t<meta name=\"twitter:data1\" content=\"1 minute\" \/>\n<script type=\"application\/ld+json\" class=\"yoast-schema-graph\">{\"@context\":\"https:\\\/\\\/schema.org\",\"@graph\":[{\"@type\":\"WebPage\",\"@id\":\"https:\\\/\\\/nciemorocco.com\\\/?product=6529\",\"url\":\"https:\\\/\\\/nciemorocco.com\\\/?product=6529\",\"name\":\"Humidificateur et diffuseur - nciemorocco\",\"isPartOf\":{\"@id\":\"https:\\\/\\\/nciemorocco.com\\\/#website\"},\"primaryImageOfPage\":{\"@id\":\"https:\\\/\\\/nciemorocco.com\\\/?product=6529#primaryimage\"},\"image\":{\"@id\":\"https:\\\/\\\/nciemorocco.com\\\/?product=6529#primaryimage\"},\"thumbnailUrl\":\"https:\\\/\\\/nciemorocco.com\\\/wp-content\\\/uploads\\\/2020\\\/10\\\/humofificateur-1.png\",\"datePublished\":\"2020-10-27T12:23:58+00:00\",\"dateModified\":\"2020-10-27T12:33:26+00:00\",\"breadcrumb\":{\"@id\":\"https:\\\/\\\/nciemorocco.com\\\/?product=6529#breadcrumb\"},\"inLanguage\":\"en-US\",\"potentialAction\":[{\"@type\":\"ReadAction\",\"target\":[\"https:\\\/\\\/nciemorocco.com\\\/?product=6529\"]}]},{\"@type\":\"ImageObject\",\"inLanguage\":\"en-US\",\"@id\":\"https:\\\/\\\/nciemorocco.com\\\/?product=6529#primaryimage\",\"url\":\"https:\\\/\\\/nciemorocco.com\\\/wp-content\\\/uploads\\\/2020\\\/10\\\/humofificateur-1.png\",\"contentUrl\":\"https:\\\/\\\/nciemorocco.com\\\/wp-content\\\/uploads\\\/2020\\\/10\\\/humofificateur-1.png\",\"width\":637,\"height\":625,\"caption\":\"Humidificateur et diffuseur\"},{\"@type\":\"BreadcrumbList\",\"@id\":\"https:\\\/\\\/nciemorocco.com\\\/?product=6529#breadcrumb\",\"itemListElement\":[{\"@type\":\"ListItem\",\"position\":1,\"name\":\"Accueil\",\"item\":\"https:\\\/\\\/nciemorocco.com\\\/\"},{\"@type\":\"ListItem\",\"position\":2,\"name\":\"Boutique\",\"item\":\"https:\\\/\\\/nciemorocco.com\\\/?page_id=5551\"},{\"@type\":\"ListItem\",\"position\":3,\"name\":\"Humidificateur et diffuseur\"}]},{\"@type\":\"WebSite\",\"@id\":\"https:\\\/\\\/nciemorocco.com\\\/#website\",\"url\":\"https:\\\/\\\/nciemorocco.com\\\/\",\"name\":\"nciemorocco.com\",\"description\":\"\",\"publisher\":{\"@id\":\"https:\\\/\\\/nciemorocco.com\\\/#organization\"},\"potentialAction\":[{\"@type\":\"SearchAction\",\"target\":{\"@type\":\"EntryPoint\",\"urlTemplate\":\"https:\\\/\\\/nciemorocco.com\\\/?s={search_term_string}\"},\"query-input\":{\"@type\":\"PropertyValueSpecification\",\"valueRequired\":true,\"valueName\":\"search_term_string\"}}],\"inLanguage\":\"en-US\"},{\"@type\":\"Organization\",\"@id\":\"https:\\\/\\\/nciemorocco.com\\\/#organization\",\"name\":\"nciemorocco\",\"url\":\"https:\\\/\\\/nciemorocco.com\\\/\",\"logo\":{\"@type\":\"ImageObject\",\"inLanguage\":\"en-US\",\"@id\":\"https:\\\/\\\/nciemorocco.com\\\/#\\\/schema\\\/logo\\\/image\\\/\",\"url\":\"https:\\\/\\\/nciemorocco.com\\\/wp-content\\\/uploads\\\/2023\\\/02\\\/NCIE.png\",\"contentUrl\":\"https:\\\/\\\/nciemorocco.com\\\/wp-content\\\/uploads\\\/2023\\\/02\\\/NCIE.png\",\"width\":270,\"height\":70,\"caption\":\"nciemorocco\"},\"image\":{\"@id\":\"https:\\\/\\\/nciemorocco.com\\\/#\\\/schema\\\/logo\\\/image\\\/\"},\"sameAs\":[\"https:\\\/\\\/www.facebook.com\\\/ste.ncie.98\",\"https:\\\/\\\/x.com\\\/NcieSociete\",\"https:\\\/\\\/www.instagram.com\\\/nicesociete\\\/\",\"https:\\\/\\\/www.linkedin.com\\\/in\\\/ncie\",\"https:\\\/\\\/www.pinterest.fr\\\/nciemorocco\\\/_saved\\\/\",\"https:\\\/\\\/www.youtube.com\\\/channel\\\/UCjzgpHQQ_68Uhe3Fz5lLskg\"]}]}<\/script>\n<!-- \/ Yoast SEO plugin. -->","yoast_head_json":{"title":"Humidificateur et diffuseur - nciemorocco","robots":{"index":"index","follow":"follow","max-snippet":"max-snippet:-1","max-image-preview":"max-image-preview:large","max-video-preview":"max-video-preview:-1"},"canonical":"https:\/\/nciemorocco.com\/?product=6529","og_locale":"en_US","og_type":"article","og_title":"Humidificateur et diffuseur - nciemorocco","og_description":"Id\u00e9al pour les m\u00e9langes d'ar\u00f4mes faits maison et les applications d'aromath\u00e9rapie","og_url":"https:\/\/nciemorocco.com\/?product=6529","og_site_name":"nciemorocco","article_publisher":"https:\/\/www.facebook.com\/ste.ncie.98","article_modified_time":"2020-10-27T12:33:26+00:00","og_image":[{"width":637,"height":625,"url":"https:\/\/nciemorocco.com\/wp-content\/uploads\/2020\/10\/humofificateur-1.png","type":"image\/png"}],"twitter_card":"summary_large_image","twitter_site":"@NcieSociete","twitter_misc":{"Est. reading time":"1 minute"},"schema":{"@context":"https:\/\/schema.org","@graph":[{"@type":"WebPage","@id":"https:\/\/nciemorocco.com\/?product=6529","url":"https:\/\/nciemorocco.com\/?product=6529","name":"Humidificateur et diffuseur - nciemorocco","isPartOf":{"@id":"https:\/\/nciemorocco.com\/#website"},"primaryImageOfPage":{"@id":"https:\/\/nciemorocco.com\/?product=6529#primaryimage"},"image":{"@id":"https:\/\/nciemorocco.com\/?product=6529#primaryimage"},"thumbnailUrl":"https:\/\/nciemorocco.com\/wp-content\/uploads\/2020\/10\/humofificateur-1.png","datePublished":"2020-10-27T12:23:58+00:00","dateModified":"2020-10-27T12:33:26+00:00","breadcrumb":{"@id":"https:\/\/nciemorocco.com\/?product=6529#breadcrumb"},"inLanguage":"en-US","potentialAction":[{"@type":"ReadAction","target":["https:\/\/nciemorocco.com\/?product=6529"]}]},{"@type":"ImageObject","inLanguage":"en-US","@id":"https:\/\/nciemorocco.com\/?product=6529#primaryimage","url":"https:\/\/nciemorocco.com\/wp-content\/uploads\/2020\/10\/humofificateur-1.png","contentUrl":"https:\/\/nciemorocco.com\/wp-content\/uploads\/2020\/10\/humofificateur-1.png","width":637,"height":625,"caption":"Humidificateur et diffuseur"},{"@type":"BreadcrumbList","@id":"https:\/\/nciemorocco.com\/?product=6529#breadcrumb","itemListElement":[{"@type":"ListItem","position":1,"name":"Accueil","item":"https:\/\/nciemorocco.com\/"},{"@type":"ListItem","position":2,"name":"Boutique","item":"https:\/\/nciemorocco.com\/?page_id=5551"},{"@type":"ListItem","position":3,"name":"Humidificateur et diffuseur"}]},{"@type":"WebSite","@id":"https:\/\/nciemorocco.com\/#website","url":"https:\/\/nciemorocco.com\/","name":"nciemorocco.com","description":"","publisher":{"@id":"https:\/\/nciemorocco.com\/#organization"},"potentialAction":[{"@type":"SearchAction","target":{"@type":"EntryPoint","urlTemplate":"https:\/\/nciemorocco.com\/?s={search_term_string}"},"query-input":{"@type":"PropertyValueSpecification","valueRequired":true,"valueName":"search_term_string"}}],"inLanguage":"en-US"},{"@type":"Organization","@id":"https:\/\/nciemorocco.com\/#organization","name":"nciemorocco","url":"https:\/\/nciemorocco.com\/","logo":{"@type":"ImageObject","inLanguage":"en-US","@id":"https:\/\/nciemorocco.com\/#\/schema\/logo\/image\/","url":"https:\/\/nciemorocco.com\/wp-content\/uploads\/2023\/02\/NCIE.png","contentUrl":"https:\/\/nciemorocco.com\/wp-content\/uploads\/2023\/02\/NCIE.png","width":270,"height":70,"caption":"nciemorocco"},"image":{"@id":"https:\/\/nciemorocco.com\/#\/schema\/logo\/image\/"},"sameAs":["https:\/\/www.facebook.com\/ste.ncie.98","https:\/\/x.com\/NcieSociete","https:\/\/www.instagram.com\/nicesociete\/","https:\/\/www.linkedin.com\/in\/ncie","https:\/\/www.pinterest.fr\/nciemorocco\/_saved\/","https:\/\/www.youtube.com\/channel\/UCjzgpHQQ_68Uhe3Fz5lLskg"]}]}},"_links":{"self":[{"href":"https:\/\/nciemorocco.com\/index.php?rest_route=\/wp\/v2\/product\/6529","targetHints":{"allow":["GET"]}}],"collection":[{"href":"https:\/\/nciemorocco.com\/index.php?rest_route=\/wp\/v2\/product"}],"about":[{"href":"https:\/\/nciemorocco.com\/index.php?rest_route=\/wp\/v2\/types\/product"}],"replies":[{"embeddable":true,"href":"https:\/\/nciemorocco.com\/index.php?rest_route=%2Fwp%2Fv2%2Fcomments&post=6529"}],"version-history":[{"count":2,"href":"https:\/\/nciemorocco.com\/index.php?rest_route=\/wp\/v2\/product\/6529\/revisions"}],"predecessor-version":[{"id":6531,"href":"https:\/\/nciemorocco.com\/index.php?rest_route=\/wp\/v2\/product\/6529\/revisions\/6531"}],"wp:featuredmedia":[{"embeddable":true,"href":"https:\/\/nciemorocco.com\/index.php?rest_route=\/wp\/v2\/media\/6533"}],"wp:attachment":[{"href":"https:\/\/nciemorocco.com\/index.php?rest_route=%2Fwp%2Fv2%2Fmedia&parent=6529"}],"wp:term":[{"taxonomy":"product_cat","embeddable":true,"href":"https:\/\/nciemorocco.com\/index.php?rest_route=%2Fwp%2Fv2%2Fproduct_cat&post=6529"},{"taxonomy":"product_tag","embeddable":true,"href":"https:\/\/nciemorocco.com\/index.php?rest_route=%2Fwp%2Fv2%2Fproduct_tag&post=6529"}],"curies":[{"name":"wp","href":"https:\/\/api.w.org\/{rel}","templated":true}]}}