{"id":6547,"date":"2020-10-27T22:55:16","date_gmt":"2020-10-27T21:55:16","guid":{"rendered":"https:\/\/nciemorocco.com\/?post_type=product&#038;p=6547"},"modified":"2020-11-09T13:22:01","modified_gmt":"2020-11-09T12:22:01","slug":"mano-skin-gel-5-l","status":"publish","type":"product","link":"https:\/\/nciemorocco.com\/?product=mano-skin-gel-5-l","title":{"rendered":"MANO SKIN GEL 5 L"},"content":{"rendered":"<ul>\n<li>Solution hydro alcoolique pour l&#8217;antisepsie des mains<\/li>\n<\/ul>\n<p>Autoris\u00e9 par le minist\u00e8re de la sant\u00e9<\/p>\n<ul>\n<li>Solution hydro alcoolique pour le nettoyage antiseptique des mais \u00e0 forte activit\u00e9<\/li>\n<li>Effet Bact\u00e9ricide, Fongicide &amp; Virucide<\/li>\n<\/ul>\n","protected":false},"excerpt":{"rendered":"<p>Solution hydro alcoolique pour l&#8217;antisepsie des mains Autoris\u00e9 par le minist\u00e8re de la sant\u00e9 Solution hydro alcoolique pour le nettoyage antiseptique des mais \u00e0 forte activit\u00e9 Effet Bact\u00e9ricide, Fongicide &amp; Virucide<\/p>\n","protected":false},"featured_media":6548,"comment_status":"open","ping_status":"closed","template":"","meta":[],"product_cat":[239],"product_tag":[],"class_list":{"0":"post-6547","1":"product","2":"type-product","3":"status-publish","4":"has-post-thumbnail","6":"product_cat-desinfection","7":"product_shipping_class-livraison-4","9":"first","10":"instock","11":"taxable","12":"shipping-taxable","13":"purchasable","14":"product-type-simple"},"yoast_head":"<!-- This site is optimized with the Yoast SEO plugin v27.3 - https:\/\/yoast.com\/product\/yoast-seo-wordpress\/ -->\n<title>MANO SKIN GEL 5 L - nciemorocco<\/title>\n<meta name=\"robots\" content=\"index, follow, max-snippet:-1, max-image-preview:large, max-video-preview:-1\" \/>\n<link rel=\"canonical\" href=\"https:\/\/nciemorocco.com\/?product=mano-skin-gel-5-l\" \/>\n<meta property=\"og:locale\" content=\"en_US\" \/>\n<meta property=\"og:type\" content=\"article\" \/>\n<meta property=\"og:title\" content=\"MANO SKIN GEL 5 L - nciemorocco\" \/>\n<meta property=\"og:description\" content=\"Solution hydro alcoolique pour l&#8217;antisepsie des mains Autoris\u00e9 par le minist\u00e8re de la sant\u00e9 Solution hydro alcoolique pour le nettoyage antiseptique des mais \u00e0 forte activit\u00e9 Effet Bact\u00e9ricide, Fongicide &amp; Virucide\" \/>\n<meta property=\"og:url\" content=\"https:\/\/nciemorocco.com\/?product=mano-skin-gel-5-l\" \/>\n<meta property=\"og:site_name\" content=\"nciemorocco\" \/>\n<meta property=\"article:publisher\" content=\"https:\/\/www.facebook.com\/ste.ncie.98\" \/>\n<meta property=\"article:modified_time\" content=\"2020-11-09T12:22:01+00:00\" \/>\n<meta property=\"og:image\" content=\"https:\/\/nciemorocco.com\/wp-content\/uploads\/2020\/10\/mano-skin-gel.jpg\" \/>\n\t<meta property=\"og:image:width\" content=\"2362\" \/>\n\t<meta property=\"og:image:height\" content=\"2362\" \/>\n\t<meta property=\"og:image:type\" content=\"image\/jpeg\" \/>\n<meta name=\"twitter:card\" content=\"summary_large_image\" \/>\n<meta name=\"twitter:site\" content=\"@NcieSociete\" \/>\n<script type=\"application\/ld+json\" class=\"yoast-schema-graph\">{\"@context\":\"https:\\\/\\\/schema.org\",\"@graph\":[{\"@type\":\"WebPage\",\"@id\":\"https:\\\/\\\/nciemorocco.com\\\/?product=mano-skin-gel-5-l\",\"url\":\"https:\\\/\\\/nciemorocco.com\\\/?product=mano-skin-gel-5-l\",\"name\":\"MANO SKIN GEL 5 L - nciemorocco\",\"isPartOf\":{\"@id\":\"https:\\\/\\\/nciemorocco.com\\\/#website\"},\"primaryImageOfPage\":{\"@id\":\"https:\\\/\\\/nciemorocco.com\\\/?product=mano-skin-gel-5-l#primaryimage\"},\"image\":{\"@id\":\"https:\\\/\\\/nciemorocco.com\\\/?product=mano-skin-gel-5-l#primaryimage\"},\"thumbnailUrl\":\"https:\\\/\\\/nciemorocco.com\\\/wp-content\\\/uploads\\\/2020\\\/10\\\/mano-skin-gel.jpg\",\"datePublished\":\"2020-10-27T21:55:16+00:00\",\"dateModified\":\"2020-11-09T12:22:01+00:00\",\"breadcrumb\":{\"@id\":\"https:\\\/\\\/nciemorocco.com\\\/?product=mano-skin-gel-5-l#breadcrumb\"},\"inLanguage\":\"en-US\",\"potentialAction\":[{\"@type\":\"ReadAction\",\"target\":[\"https:\\\/\\\/nciemorocco.com\\\/?product=mano-skin-gel-5-l\"]}]},{\"@type\":\"ImageObject\",\"inLanguage\":\"en-US\",\"@id\":\"https:\\\/\\\/nciemorocco.com\\\/?product=mano-skin-gel-5-l#primaryimage\",\"url\":\"https:\\\/\\\/nciemorocco.com\\\/wp-content\\\/uploads\\\/2020\\\/10\\\/mano-skin-gel.jpg\",\"contentUrl\":\"https:\\\/\\\/nciemorocco.com\\\/wp-content\\\/uploads\\\/2020\\\/10\\\/mano-skin-gel.jpg\",\"width\":2362,\"height\":2362,\"caption\":\"MANO SKIN GEL 5 L\"},{\"@type\":\"BreadcrumbList\",\"@id\":\"https:\\\/\\\/nciemorocco.com\\\/?product=mano-skin-gel-5-l#breadcrumb\",\"itemListElement\":[{\"@type\":\"ListItem\",\"position\":1,\"name\":\"Accueil\",\"item\":\"https:\\\/\\\/nciemorocco.com\\\/\"},{\"@type\":\"ListItem\",\"position\":2,\"name\":\"Boutique\",\"item\":\"https:\\\/\\\/nciemorocco.com\\\/?page_id=5551\"},{\"@type\":\"ListItem\",\"position\":3,\"name\":\"MANO SKIN GEL 5 L\"}]},{\"@type\":\"WebSite\",\"@id\":\"https:\\\/\\\/nciemorocco.com\\\/#website\",\"url\":\"https:\\\/\\\/nciemorocco.com\\\/\",\"name\":\"nciemorocco.com\",\"description\":\"\",\"publisher\":{\"@id\":\"https:\\\/\\\/nciemorocco.com\\\/#organization\"},\"potentialAction\":[{\"@type\":\"SearchAction\",\"target\":{\"@type\":\"EntryPoint\",\"urlTemplate\":\"https:\\\/\\\/nciemorocco.com\\\/?s={search_term_string}\"},\"query-input\":{\"@type\":\"PropertyValueSpecification\",\"valueRequired\":true,\"valueName\":\"search_term_string\"}}],\"inLanguage\":\"en-US\"},{\"@type\":\"Organization\",\"@id\":\"https:\\\/\\\/nciemorocco.com\\\/#organization\",\"name\":\"nciemorocco\",\"url\":\"https:\\\/\\\/nciemorocco.com\\\/\",\"logo\":{\"@type\":\"ImageObject\",\"inLanguage\":\"en-US\",\"@id\":\"https:\\\/\\\/nciemorocco.com\\\/#\\\/schema\\\/logo\\\/image\\\/\",\"url\":\"https:\\\/\\\/nciemorocco.com\\\/wp-content\\\/uploads\\\/2023\\\/02\\\/NCIE.png\",\"contentUrl\":\"https:\\\/\\\/nciemorocco.com\\\/wp-content\\\/uploads\\\/2023\\\/02\\\/NCIE.png\",\"width\":270,\"height\":70,\"caption\":\"nciemorocco\"},\"image\":{\"@id\":\"https:\\\/\\\/nciemorocco.com\\\/#\\\/schema\\\/logo\\\/image\\\/\"},\"sameAs\":[\"https:\\\/\\\/www.facebook.com\\\/ste.ncie.98\",\"https:\\\/\\\/x.com\\\/NcieSociete\",\"https:\\\/\\\/www.instagram.com\\\/nicesociete\\\/\",\"https:\\\/\\\/www.linkedin.com\\\/in\\\/ncie\",\"https:\\\/\\\/www.pinterest.fr\\\/nciemorocco\\\/_saved\\\/\",\"https:\\\/\\\/www.youtube.com\\\/channel\\\/UCjzgpHQQ_68Uhe3Fz5lLskg\"]}]}<\/script>\n<!-- \/ Yoast SEO plugin. -->","yoast_head_json":{"title":"MANO SKIN GEL 5 L - nciemorocco","robots":{"index":"index","follow":"follow","max-snippet":"max-snippet:-1","max-image-preview":"max-image-preview:large","max-video-preview":"max-video-preview:-1"},"canonical":"https:\/\/nciemorocco.com\/?product=mano-skin-gel-5-l","og_locale":"en_US","og_type":"article","og_title":"MANO SKIN GEL 5 L - nciemorocco","og_description":"Solution hydro alcoolique pour l&#8217;antisepsie des mains Autoris\u00e9 par le minist\u00e8re de la sant\u00e9 Solution hydro alcoolique pour le nettoyage antiseptique des mais \u00e0 forte activit\u00e9 Effet Bact\u00e9ricide, Fongicide &amp; Virucide","og_url":"https:\/\/nciemorocco.com\/?product=mano-skin-gel-5-l","og_site_name":"nciemorocco","article_publisher":"https:\/\/www.facebook.com\/ste.ncie.98","article_modified_time":"2020-11-09T12:22:01+00:00","og_image":[{"width":2362,"height":2362,"url":"https:\/\/nciemorocco.com\/wp-content\/uploads\/2020\/10\/mano-skin-gel.jpg","type":"image\/jpeg"}],"twitter_card":"summary_large_image","twitter_site":"@NcieSociete","schema":{"@context":"https:\/\/schema.org","@graph":[{"@type":"WebPage","@id":"https:\/\/nciemorocco.com\/?product=mano-skin-gel-5-l","url":"https:\/\/nciemorocco.com\/?product=mano-skin-gel-5-l","name":"MANO SKIN GEL 5 L - nciemorocco","isPartOf":{"@id":"https:\/\/nciemorocco.com\/#website"},"primaryImageOfPage":{"@id":"https:\/\/nciemorocco.com\/?product=mano-skin-gel-5-l#primaryimage"},"image":{"@id":"https:\/\/nciemorocco.com\/?product=mano-skin-gel-5-l#primaryimage"},"thumbnailUrl":"https:\/\/nciemorocco.com\/wp-content\/uploads\/2020\/10\/mano-skin-gel.jpg","datePublished":"2020-10-27T21:55:16+00:00","dateModified":"2020-11-09T12:22:01+00:00","breadcrumb":{"@id":"https:\/\/nciemorocco.com\/?product=mano-skin-gel-5-l#breadcrumb"},"inLanguage":"en-US","potentialAction":[{"@type":"ReadAction","target":["https:\/\/nciemorocco.com\/?product=mano-skin-gel-5-l"]}]},{"@type":"ImageObject","inLanguage":"en-US","@id":"https:\/\/nciemorocco.com\/?product=mano-skin-gel-5-l#primaryimage","url":"https:\/\/nciemorocco.com\/wp-content\/uploads\/2020\/10\/mano-skin-gel.jpg","contentUrl":"https:\/\/nciemorocco.com\/wp-content\/uploads\/2020\/10\/mano-skin-gel.jpg","width":2362,"height":2362,"caption":"MANO SKIN GEL 5 L"},{"@type":"BreadcrumbList","@id":"https:\/\/nciemorocco.com\/?product=mano-skin-gel-5-l#breadcrumb","itemListElement":[{"@type":"ListItem","position":1,"name":"Accueil","item":"https:\/\/nciemorocco.com\/"},{"@type":"ListItem","position":2,"name":"Boutique","item":"https:\/\/nciemorocco.com\/?page_id=5551"},{"@type":"ListItem","position":3,"name":"MANO SKIN GEL 5 L"}]},{"@type":"WebSite","@id":"https:\/\/nciemorocco.com\/#website","url":"https:\/\/nciemorocco.com\/","name":"nciemorocco.com","description":"","publisher":{"@id":"https:\/\/nciemorocco.com\/#organization"},"potentialAction":[{"@type":"SearchAction","target":{"@type":"EntryPoint","urlTemplate":"https:\/\/nciemorocco.com\/?s={search_term_string}"},"query-input":{"@type":"PropertyValueSpecification","valueRequired":true,"valueName":"search_term_string"}}],"inLanguage":"en-US"},{"@type":"Organization","@id":"https:\/\/nciemorocco.com\/#organization","name":"nciemorocco","url":"https:\/\/nciemorocco.com\/","logo":{"@type":"ImageObject","inLanguage":"en-US","@id":"https:\/\/nciemorocco.com\/#\/schema\/logo\/image\/","url":"https:\/\/nciemorocco.com\/wp-content\/uploads\/2023\/02\/NCIE.png","contentUrl":"https:\/\/nciemorocco.com\/wp-content\/uploads\/2023\/02\/NCIE.png","width":270,"height":70,"caption":"nciemorocco"},"image":{"@id":"https:\/\/nciemorocco.com\/#\/schema\/logo\/image\/"},"sameAs":["https:\/\/www.facebook.com\/ste.ncie.98","https:\/\/x.com\/NcieSociete","https:\/\/www.instagram.com\/nicesociete\/","https:\/\/www.linkedin.com\/in\/ncie","https:\/\/www.pinterest.fr\/nciemorocco\/_saved\/","https:\/\/www.youtube.com\/channel\/UCjzgpHQQ_68Uhe3Fz5lLskg"]}]}},"_links":{"self":[{"href":"https:\/\/nciemorocco.com\/index.php?rest_route=\/wp\/v2\/product\/6547","targetHints":{"allow":["GET"]}}],"collection":[{"href":"https:\/\/nciemorocco.com\/index.php?rest_route=\/wp\/v2\/product"}],"about":[{"href":"https:\/\/nciemorocco.com\/index.php?rest_route=\/wp\/v2\/types\/product"}],"replies":[{"embeddable":true,"href":"https:\/\/nciemorocco.com\/index.php?rest_route=%2Fwp%2Fv2%2Fcomments&post=6547"}],"version-history":[{"count":2,"href":"https:\/\/nciemorocco.com\/index.php?rest_route=\/wp\/v2\/product\/6547\/revisions"}],"predecessor-version":[{"id":6625,"href":"https:\/\/nciemorocco.com\/index.php?rest_route=\/wp\/v2\/product\/6547\/revisions\/6625"}],"wp:featuredmedia":[{"embeddable":true,"href":"https:\/\/nciemorocco.com\/index.php?rest_route=\/wp\/v2\/media\/6548"}],"wp:attachment":[{"href":"https:\/\/nciemorocco.com\/index.php?rest_route=%2Fwp%2Fv2%2Fmedia&parent=6547"}],"wp:term":[{"taxonomy":"product_cat","embeddable":true,"href":"https:\/\/nciemorocco.com\/index.php?rest_route=%2Fwp%2Fv2%2Fproduct_cat&post=6547"},{"taxonomy":"product_tag","embeddable":true,"href":"https:\/\/nciemorocco.com\/index.php?rest_route=%2Fwp%2Fv2%2Fproduct_tag&post=6547"}],"curies":[{"name":"wp","href":"https:\/\/api.w.org\/{rel}","templated":true}]}}