{"id":6658,"date":"2020-12-27T22:32:44","date_gmt":"2020-12-27T22:32:44","guid":{"rendered":"https:\/\/nciemorocco.com\/?post_type=product&#038;p=6658"},"modified":"2020-12-27T22:35:29","modified_gmt":"2020-12-27T22:35:29","slug":"suma-bac-d-10-degraissant-desinfectant-bactericide","status":"publish","type":"product","link":"https:\/\/nciemorocco.com\/?product=suma-bac-d-10-degraissant-desinfectant-bactericide","title":{"rendered":"Suma Bac D 10 d\u00e9graissant d\u00e9sinfectant bact\u00e9ricide"},"content":{"rendered":"<p>Suma Bac D10 est un d\u00e9graissant d\u00e9sinfectant bact\u00e9ricide color\u00e9 et non parfum\u00e9, qui permet le nettoyage et la d\u00e9sinfection de toutes les surfaces en cuisine en une seule et m\u00eame op\u00e9ration.<\/p>\n<p><span style=\"color: #339966;\">Propri\u00e9t\u00e9s Principales<\/span><\/p>\n<p>Suma Bac D10 est un produit adapt\u00e9 pour une utilisation sur toutes les surfaces g\u00e9n\u00e9ralement rencontr\u00e9es dans le domaine de la cuisine. Sa formule, compos\u00e9e notamment diammoniums quaternaires et de s\u00e9questrant, le rend particuli\u00e8rement efficace sur un large spectre de microorganismes, et ce quelle que soit la duret\u00e9 de l\u2019eau. La formule contient \u00e9galement des tensioactifs sp\u00e9cifiques qui renforcent son efficacit\u00e9 de nettoyage.<\/p>\n<p><span style=\"color: #339966;\">Avantages<\/span><\/p>\n<ul>\n<li>Permet de nettoyer et de d\u00e9sinfecter en une seule op\u00e9ration<\/li>\n<li>Attaque les graisses et les souillures g\u00e9n\u00e9ralement rencontr\u00e9es en cuisine<\/li>\n<li>Efficace sur un large spectre de micro-organismes, am\u00e9liorant le niveau d.hygi\u00e8ne<\/li>\n<li>Compatible pour une utilisation avec toutes les duret\u00e9s d.eau<\/li>\n<li>Facile \u00e0 rincer<\/li>\n<\/ul>\n<p><span style=\"color: #339966;\">Mode d\u2019emploi<\/span><\/p>\n<p>M\u00e9thode g\u00e9n\u00e9rale de nettoyage et de d\u00e9sinfection :<\/p>\n<ol>\n<li>Utiliser \u00e0 une concentration de 10 ml\/l minimum pour un effet bact\u00e9ricide \u00e0 20\u00b0C.<\/li>\n<\/ol>\n<ol start=\"2\">\n<li>Appliquer la solution \u00e0 l\u2019aide d.une lavette, d.une brosse ou d\u2019un poste de d\u00e9sinfection<\/li>\n<\/ol>\n<ol start=\"3\">\n<li>Laisser agir 5 minutes minimum<\/li>\n<li>Rincer abondamment avec de l.eau potable les surfaces en contact avec les aliments et laisser s\u00e9cher \u00e0 l.air libre.<\/li>\n<\/ol>\n<p><b>Suma<\/b><b> Bac D10 peut \u00eatre utilis\u00e9 \u00e0 plus forte concentration (jusqu\u2019\u00e0 50 ml\/l <\/b>maximum) fonction du niveau de salissures pr\u00e9sent et des habitudes d\u2019usage.<\/p>\n<p><span style=\"color: #339966;\">Donn\u00e9es Techniques<\/span><\/p>\n<ul>\n<li>Aspect :Liquide limpide violet<\/li>\n<li>pH pur :10.7<\/li>\n<li>pH solution \u00e0 1%: 10.3<\/li>\n<li>Densit\u00e9 relative (20\u00b0C): 1.05<\/li>\n<\/ul>\n<p>Les donn\u00e9es inscrites ne sont qu\u2019indicatives pour le produit fabriqu\u00e9 et ne peuvent donc \u00eatre prises pour des sp\u00e9cifications.<\/p>\n<p><span style=\"color: #339966;\">L\u00e9gislation<\/span><\/p>\n<p>Produit conforme \u00e0 la l\u00e9gislation relative :<\/p>\n<ul>\n<li>au nettoyage du mat\u00e9riel pouvant se trouver au contact de denr\u00e9es alimentaires (d\u00e9cret 17.06.98)<\/li>\n<li>\u00e0 la biod\u00e9gradabilit\u00e9 des d\u00e9tergents (d\u00e9cret et arr\u00eat\u00e9s du 24.12.87)<\/li>\n<\/ul>\n<p>&nbsp;<\/p>\n","protected":false},"excerpt":{"rendered":"<p>Suma Bac D10 est un d\u00e9graissant d\u00e9sinfectant bact\u00e9ricide color\u00e9 et non parfum\u00e9, qui permet le nettoyage et la d\u00e9sinfection de toutes les surfaces en cuisine en une seule et m\u00eame op\u00e9ration.<\/p>\n","protected":false},"featured_media":6659,"comment_status":"open","ping_status":"closed","template":"","meta":[],"product_cat":[277,239],"product_tag":[],"class_list":{"0":"post-6658","1":"product","2":"type-product","3":"status-publish","4":"has-post-thumbnail","6":"product_cat-degraissant","7":"product_cat-desinfection","9":"first","10":"instock","11":"taxable","12":"shipping-taxable","13":"purchasable","14":"product-type-simple"},"yoast_head":"<!-- This site is optimized with the Yoast SEO plugin v27.3 - https:\/\/yoast.com\/product\/yoast-seo-wordpress\/ -->\n<title>Suma Bac D 10 d\u00e9graissant d\u00e9sinfectant bact\u00e9ricide - nciemorocco<\/title>\n<meta name=\"robots\" content=\"index, follow, max-snippet:-1, max-image-preview:large, max-video-preview:-1\" \/>\n<link rel=\"canonical\" href=\"https:\/\/nciemorocco.com\/?product=suma-bac-d-10-degraissant-desinfectant-bactericide\" \/>\n<meta property=\"og:locale\" content=\"en_US\" \/>\n<meta property=\"og:type\" content=\"article\" \/>\n<meta property=\"og:title\" content=\"Suma Bac D 10 d\u00e9graissant d\u00e9sinfectant bact\u00e9ricide - nciemorocco\" \/>\n<meta property=\"og:description\" content=\"Suma Bac D10 est un d\u00e9graissant d\u00e9sinfectant bact\u00e9ricide color\u00e9 et non parfum\u00e9, qui permet le nettoyage et la d\u00e9sinfection de toutes les surfaces en cuisine en une seule et m\u00eame op\u00e9ration.\" \/>\n<meta property=\"og:url\" content=\"https:\/\/nciemorocco.com\/?product=suma-bac-d-10-degraissant-desinfectant-bactericide\" \/>\n<meta property=\"og:site_name\" content=\"nciemorocco\" \/>\n<meta property=\"article:publisher\" content=\"https:\/\/www.facebook.com\/ste.ncie.98\" \/>\n<meta property=\"article:modified_time\" content=\"2020-12-27T22:35:29+00:00\" \/>\n<meta property=\"og:image\" content=\"https:\/\/nciemorocco.com\/wp-content\/uploads\/2020\/12\/SUMA-BAC-D-10.jpg\" \/>\n\t<meta property=\"og:image:width\" content=\"2362\" \/>\n\t<meta property=\"og:image:height\" content=\"2362\" \/>\n\t<meta property=\"og:image:type\" content=\"image\/jpeg\" \/>\n<meta name=\"twitter:card\" content=\"summary_large_image\" \/>\n<meta name=\"twitter:site\" content=\"@NcieSociete\" \/>\n<meta name=\"twitter:label1\" content=\"Est. reading time\" \/>\n\t<meta name=\"twitter:data1\" content=\"2 minutes\" \/>\n<script type=\"application\/ld+json\" class=\"yoast-schema-graph\">{\"@context\":\"https:\\\/\\\/schema.org\",\"@graph\":[{\"@type\":\"WebPage\",\"@id\":\"https:\\\/\\\/nciemorocco.com\\\/?product=suma-bac-d-10-degraissant-desinfectant-bactericide\",\"url\":\"https:\\\/\\\/nciemorocco.com\\\/?product=suma-bac-d-10-degraissant-desinfectant-bactericide\",\"name\":\"Suma Bac D 10 d\u00e9graissant d\u00e9sinfectant bact\u00e9ricide - nciemorocco\",\"isPartOf\":{\"@id\":\"https:\\\/\\\/nciemorocco.com\\\/#website\"},\"primaryImageOfPage\":{\"@id\":\"https:\\\/\\\/nciemorocco.com\\\/?product=suma-bac-d-10-degraissant-desinfectant-bactericide#primaryimage\"},\"image\":{\"@id\":\"https:\\\/\\\/nciemorocco.com\\\/?product=suma-bac-d-10-degraissant-desinfectant-bactericide#primaryimage\"},\"thumbnailUrl\":\"https:\\\/\\\/nciemorocco.com\\\/wp-content\\\/uploads\\\/2020\\\/12\\\/SUMA-BAC-D-10.jpg\",\"datePublished\":\"2020-12-27T22:32:44+00:00\",\"dateModified\":\"2020-12-27T22:35:29+00:00\",\"breadcrumb\":{\"@id\":\"https:\\\/\\\/nciemorocco.com\\\/?product=suma-bac-d-10-degraissant-desinfectant-bactericide#breadcrumb\"},\"inLanguage\":\"en-US\",\"potentialAction\":[{\"@type\":\"ReadAction\",\"target\":[\"https:\\\/\\\/nciemorocco.com\\\/?product=suma-bac-d-10-degraissant-desinfectant-bactericide\"]}]},{\"@type\":\"ImageObject\",\"inLanguage\":\"en-US\",\"@id\":\"https:\\\/\\\/nciemorocco.com\\\/?product=suma-bac-d-10-degraissant-desinfectant-bactericide#primaryimage\",\"url\":\"https:\\\/\\\/nciemorocco.com\\\/wp-content\\\/uploads\\\/2020\\\/12\\\/SUMA-BAC-D-10.jpg\",\"contentUrl\":\"https:\\\/\\\/nciemorocco.com\\\/wp-content\\\/uploads\\\/2020\\\/12\\\/SUMA-BAC-D-10.jpg\",\"width\":2362,\"height\":2362},{\"@type\":\"BreadcrumbList\",\"@id\":\"https:\\\/\\\/nciemorocco.com\\\/?product=suma-bac-d-10-degraissant-desinfectant-bactericide#breadcrumb\",\"itemListElement\":[{\"@type\":\"ListItem\",\"position\":1,\"name\":\"Accueil\",\"item\":\"https:\\\/\\\/nciemorocco.com\\\/\"},{\"@type\":\"ListItem\",\"position\":2,\"name\":\"Boutique\",\"item\":\"https:\\\/\\\/nciemorocco.com\\\/?page_id=5551\"},{\"@type\":\"ListItem\",\"position\":3,\"name\":\"Suma Bac D 10 d\u00e9graissant d\u00e9sinfectant bact\u00e9ricide\"}]},{\"@type\":\"WebSite\",\"@id\":\"https:\\\/\\\/nciemorocco.com\\\/#website\",\"url\":\"https:\\\/\\\/nciemorocco.com\\\/\",\"name\":\"nciemorocco.com\",\"description\":\"\",\"publisher\":{\"@id\":\"https:\\\/\\\/nciemorocco.com\\\/#organization\"},\"potentialAction\":[{\"@type\":\"SearchAction\",\"target\":{\"@type\":\"EntryPoint\",\"urlTemplate\":\"https:\\\/\\\/nciemorocco.com\\\/?s={search_term_string}\"},\"query-input\":{\"@type\":\"PropertyValueSpecification\",\"valueRequired\":true,\"valueName\":\"search_term_string\"}}],\"inLanguage\":\"en-US\"},{\"@type\":\"Organization\",\"@id\":\"https:\\\/\\\/nciemorocco.com\\\/#organization\",\"name\":\"nciemorocco\",\"url\":\"https:\\\/\\\/nciemorocco.com\\\/\",\"logo\":{\"@type\":\"ImageObject\",\"inLanguage\":\"en-US\",\"@id\":\"https:\\\/\\\/nciemorocco.com\\\/#\\\/schema\\\/logo\\\/image\\\/\",\"url\":\"https:\\\/\\\/nciemorocco.com\\\/wp-content\\\/uploads\\\/2023\\\/02\\\/NCIE.png\",\"contentUrl\":\"https:\\\/\\\/nciemorocco.com\\\/wp-content\\\/uploads\\\/2023\\\/02\\\/NCIE.png\",\"width\":270,\"height\":70,\"caption\":\"nciemorocco\"},\"image\":{\"@id\":\"https:\\\/\\\/nciemorocco.com\\\/#\\\/schema\\\/logo\\\/image\\\/\"},\"sameAs\":[\"https:\\\/\\\/www.facebook.com\\\/ste.ncie.98\",\"https:\\\/\\\/x.com\\\/NcieSociete\",\"https:\\\/\\\/www.instagram.com\\\/nicesociete\\\/\",\"https:\\\/\\\/www.linkedin.com\\\/in\\\/ncie\",\"https:\\\/\\\/www.pinterest.fr\\\/nciemorocco\\\/_saved\\\/\",\"https:\\\/\\\/www.youtube.com\\\/channel\\\/UCjzgpHQQ_68Uhe3Fz5lLskg\"]}]}<\/script>\n<!-- \/ Yoast SEO plugin. -->","yoast_head_json":{"title":"Suma Bac D 10 d\u00e9graissant d\u00e9sinfectant bact\u00e9ricide - nciemorocco","robots":{"index":"index","follow":"follow","max-snippet":"max-snippet:-1","max-image-preview":"max-image-preview:large","max-video-preview":"max-video-preview:-1"},"canonical":"https:\/\/nciemorocco.com\/?product=suma-bac-d-10-degraissant-desinfectant-bactericide","og_locale":"en_US","og_type":"article","og_title":"Suma Bac D 10 d\u00e9graissant d\u00e9sinfectant bact\u00e9ricide - nciemorocco","og_description":"Suma Bac D10 est un d\u00e9graissant d\u00e9sinfectant bact\u00e9ricide color\u00e9 et non parfum\u00e9, qui permet le nettoyage et la d\u00e9sinfection de toutes les surfaces en cuisine en une seule et m\u00eame op\u00e9ration.","og_url":"https:\/\/nciemorocco.com\/?product=suma-bac-d-10-degraissant-desinfectant-bactericide","og_site_name":"nciemorocco","article_publisher":"https:\/\/www.facebook.com\/ste.ncie.98","article_modified_time":"2020-12-27T22:35:29+00:00","og_image":[{"width":2362,"height":2362,"url":"https:\/\/nciemorocco.com\/wp-content\/uploads\/2020\/12\/SUMA-BAC-D-10.jpg","type":"image\/jpeg"}],"twitter_card":"summary_large_image","twitter_site":"@NcieSociete","twitter_misc":{"Est. reading time":"2 minutes"},"schema":{"@context":"https:\/\/schema.org","@graph":[{"@type":"WebPage","@id":"https:\/\/nciemorocco.com\/?product=suma-bac-d-10-degraissant-desinfectant-bactericide","url":"https:\/\/nciemorocco.com\/?product=suma-bac-d-10-degraissant-desinfectant-bactericide","name":"Suma Bac D 10 d\u00e9graissant d\u00e9sinfectant bact\u00e9ricide - nciemorocco","isPartOf":{"@id":"https:\/\/nciemorocco.com\/#website"},"primaryImageOfPage":{"@id":"https:\/\/nciemorocco.com\/?product=suma-bac-d-10-degraissant-desinfectant-bactericide#primaryimage"},"image":{"@id":"https:\/\/nciemorocco.com\/?product=suma-bac-d-10-degraissant-desinfectant-bactericide#primaryimage"},"thumbnailUrl":"https:\/\/nciemorocco.com\/wp-content\/uploads\/2020\/12\/SUMA-BAC-D-10.jpg","datePublished":"2020-12-27T22:32:44+00:00","dateModified":"2020-12-27T22:35:29+00:00","breadcrumb":{"@id":"https:\/\/nciemorocco.com\/?product=suma-bac-d-10-degraissant-desinfectant-bactericide#breadcrumb"},"inLanguage":"en-US","potentialAction":[{"@type":"ReadAction","target":["https:\/\/nciemorocco.com\/?product=suma-bac-d-10-degraissant-desinfectant-bactericide"]}]},{"@type":"ImageObject","inLanguage":"en-US","@id":"https:\/\/nciemorocco.com\/?product=suma-bac-d-10-degraissant-desinfectant-bactericide#primaryimage","url":"https:\/\/nciemorocco.com\/wp-content\/uploads\/2020\/12\/SUMA-BAC-D-10.jpg","contentUrl":"https:\/\/nciemorocco.com\/wp-content\/uploads\/2020\/12\/SUMA-BAC-D-10.jpg","width":2362,"height":2362},{"@type":"BreadcrumbList","@id":"https:\/\/nciemorocco.com\/?product=suma-bac-d-10-degraissant-desinfectant-bactericide#breadcrumb","itemListElement":[{"@type":"ListItem","position":1,"name":"Accueil","item":"https:\/\/nciemorocco.com\/"},{"@type":"ListItem","position":2,"name":"Boutique","item":"https:\/\/nciemorocco.com\/?page_id=5551"},{"@type":"ListItem","position":3,"name":"Suma Bac D 10 d\u00e9graissant d\u00e9sinfectant bact\u00e9ricide"}]},{"@type":"WebSite","@id":"https:\/\/nciemorocco.com\/#website","url":"https:\/\/nciemorocco.com\/","name":"nciemorocco.com","description":"","publisher":{"@id":"https:\/\/nciemorocco.com\/#organization"},"potentialAction":[{"@type":"SearchAction","target":{"@type":"EntryPoint","urlTemplate":"https:\/\/nciemorocco.com\/?s={search_term_string}"},"query-input":{"@type":"PropertyValueSpecification","valueRequired":true,"valueName":"search_term_string"}}],"inLanguage":"en-US"},{"@type":"Organization","@id":"https:\/\/nciemorocco.com\/#organization","name":"nciemorocco","url":"https:\/\/nciemorocco.com\/","logo":{"@type":"ImageObject","inLanguage":"en-US","@id":"https:\/\/nciemorocco.com\/#\/schema\/logo\/image\/","url":"https:\/\/nciemorocco.com\/wp-content\/uploads\/2023\/02\/NCIE.png","contentUrl":"https:\/\/nciemorocco.com\/wp-content\/uploads\/2023\/02\/NCIE.png","width":270,"height":70,"caption":"nciemorocco"},"image":{"@id":"https:\/\/nciemorocco.com\/#\/schema\/logo\/image\/"},"sameAs":["https:\/\/www.facebook.com\/ste.ncie.98","https:\/\/x.com\/NcieSociete","https:\/\/www.instagram.com\/nicesociete\/","https:\/\/www.linkedin.com\/in\/ncie","https:\/\/www.pinterest.fr\/nciemorocco\/_saved\/","https:\/\/www.youtube.com\/channel\/UCjzgpHQQ_68Uhe3Fz5lLskg"]}]}},"_links":{"self":[{"href":"https:\/\/nciemorocco.com\/index.php?rest_route=\/wp\/v2\/product\/6658","targetHints":{"allow":["GET"]}}],"collection":[{"href":"https:\/\/nciemorocco.com\/index.php?rest_route=\/wp\/v2\/product"}],"about":[{"href":"https:\/\/nciemorocco.com\/index.php?rest_route=\/wp\/v2\/types\/product"}],"replies":[{"embeddable":true,"href":"https:\/\/nciemorocco.com\/index.php?rest_route=%2Fwp%2Fv2%2Fcomments&post=6658"}],"version-history":[{"count":1,"href":"https:\/\/nciemorocco.com\/index.php?rest_route=\/wp\/v2\/product\/6658\/revisions"}],"predecessor-version":[{"id":6660,"href":"https:\/\/nciemorocco.com\/index.php?rest_route=\/wp\/v2\/product\/6658\/revisions\/6660"}],"wp:featuredmedia":[{"embeddable":true,"href":"https:\/\/nciemorocco.com\/index.php?rest_route=\/wp\/v2\/media\/6659"}],"wp:attachment":[{"href":"https:\/\/nciemorocco.com\/index.php?rest_route=%2Fwp%2Fv2%2Fmedia&parent=6658"}],"wp:term":[{"taxonomy":"product_cat","embeddable":true,"href":"https:\/\/nciemorocco.com\/index.php?rest_route=%2Fwp%2Fv2%2Fproduct_cat&post=6658"},{"taxonomy":"product_tag","embeddable":true,"href":"https:\/\/nciemorocco.com\/index.php?rest_route=%2Fwp%2Fv2%2Fproduct_tag&post=6658"}],"curies":[{"name":"wp","href":"https:\/\/api.w.org\/{rel}","templated":true}]}}