{"id":6661,"date":"2020-12-27T23:02:33","date_gmt":"2020-12-27T23:02:33","guid":{"rendered":"https:\/\/nciemorocco.com\/?post_type=product&#038;p=6661"},"modified":"2020-12-27T23:06:56","modified_gmt":"2020-12-27T23:06:56","slug":"aquafresh-b-5l-desinfectant-datmosphere-germicide","status":"publish","type":"product","link":"https:\/\/nciemorocco.com\/?product=aquafresh-b-5l-desinfectant-datmosphere-germicide","title":{"rendered":"AQUAFRESH B 5L D\u00e9sinfectant d\u2019Atmosph\u00e8re Germicide"},"content":{"rendered":"<p><b>Assainisseur d\u2019air liquide \u00e0 caract\u00e8re de d\u00e9tente. L\u2019impression de douceur qu\u2019il laisse permet d \u2018obtenir une atmosph\u00e8re agr\u00e9able et intime.<\/b><\/p>\n<p><u><b><span style=\"color: #99cc00;\">Caract\u00e9ristiques<\/span>: <\/b><\/u><\/p>\n<p><b>&#8211;\u00a0\u00a0 Son faible niveau de volatilit\u00e9 permet une dispersion rapide dans l\u2019atmosph\u00e8re avec un point d\u2019\u00e9clair faible, caract\u00e9ristique obligatoire pour un dosage automatique dans les syst\u00e8mes de climatisation. <\/b><\/p>\n<p><b>&#8211;\u00a0 Contient des essences \u00e0 haut rendement et puret\u00e9. <\/b><\/p>\n<p><b>&#8211;\u00a0 Formulation sp\u00e9cifique \u00e9vitant de tacher les surfaces ou il est appliqu\u00e9. <\/b><\/p>\n<p><b>&#8211;\u00a0 Convient parfaitement pour les sales de r\u00e9unions, toilettes, bureaux, clubs, cin\u00e9mas et les lieux avec beaucoup de passage en r\u00e8gle g\u00e9n\u00e9ral. <\/b><\/p>\n<p><span style=\"color: #99cc00;\"><u><b>Conseils d&#8217;utilisation: <\/b><\/u><\/span><\/p>\n<p><b>Dosage d\u2019application : entre 0,01 et 0,02 g\/h\/m3.<\/b><\/p>\n<p><b>Pulv\u00e9riser le produit pur vers le haut pour une meilleure r\u00e9manence<\/b><\/p>\n<p><u><b>Propri\u00e9t\u00e9s Physicochimique: <\/b><\/u><\/p>\n<ul>\n<li><b>Liquide transparent de couleur vert et odeur caract\u00e9ristique <\/b><\/li>\n<li><b> Densit\u00e9 \u00e0 20\u00baC: 0,91 \u00b1 0,01 g\/ml <\/b><\/li>\n<\/ul>\n","protected":false},"excerpt":{"rendered":"<p><span id=\"printout\">AQUAFRESH D\u00e9sinfectant d\u2019Atmosph\u00e8re Germicide. Contient des huiles essentielles et des biocides qui \u00e9liminent les bact\u00e9ries en laissant l&#8217;atmosph\u00e8re propre<\/span><\/p>\n","protected":false},"featured_media":6662,"comment_status":"open","ping_status":"closed","template":"","meta":[],"product_cat":[251],"product_tag":[],"class_list":{"0":"post-6661","1":"product","2":"type-product","3":"status-publish","4":"has-post-thumbnail","6":"product_cat-desodorisation","8":"first","9":"instock","10":"taxable","11":"shipping-taxable","12":"purchasable","13":"product-type-simple"},"yoast_head":"<!-- This site is optimized with the Yoast SEO plugin v27.3 - https:\/\/yoast.com\/product\/yoast-seo-wordpress\/ -->\n<title>AQUAFRESH B 5L D\u00e9sinfectant d\u2019Atmosph\u00e8re Germicide - nciemorocco<\/title>\n<meta name=\"robots\" content=\"index, follow, max-snippet:-1, max-image-preview:large, max-video-preview:-1\" \/>\n<link rel=\"canonical\" href=\"https:\/\/nciemorocco.com\/?product=aquafresh-b-5l-desinfectant-datmosphere-germicide\" \/>\n<meta property=\"og:locale\" content=\"en_US\" \/>\n<meta property=\"og:type\" content=\"article\" \/>\n<meta property=\"og:title\" content=\"AQUAFRESH B 5L D\u00e9sinfectant d\u2019Atmosph\u00e8re Germicide - nciemorocco\" \/>\n<meta property=\"og:description\" content=\"AQUAFRESH D\u00e9sinfectant d\u2019Atmosph\u00e8re Germicide. Contient des huiles essentielles et des biocides qui \u00e9liminent les bact\u00e9ries en laissant l&#039;atmosph\u00e8re propre\" \/>\n<meta property=\"og:url\" content=\"https:\/\/nciemorocco.com\/?product=aquafresh-b-5l-desinfectant-datmosphere-germicide\" \/>\n<meta property=\"og:site_name\" content=\"nciemorocco\" \/>\n<meta property=\"article:publisher\" content=\"https:\/\/www.facebook.com\/ste.ncie.98\" \/>\n<meta property=\"article:modified_time\" content=\"2020-12-27T23:06:56+00:00\" \/>\n<meta property=\"og:image\" content=\"https:\/\/nciemorocco.com\/wp-content\/uploads\/2020\/12\/aquafresh-image-2-scaled.jpg\" \/>\n\t<meta property=\"og:image:width\" content=\"1920\" \/>\n\t<meta property=\"og:image:height\" content=\"2560\" \/>\n\t<meta property=\"og:image:type\" content=\"image\/jpeg\" \/>\n<meta name=\"twitter:card\" content=\"summary_large_image\" \/>\n<meta name=\"twitter:site\" content=\"@NcieSociete\" \/>\n<meta name=\"twitter:label1\" content=\"Est. reading time\" \/>\n\t<meta name=\"twitter:data1\" content=\"1 minute\" \/>\n<script type=\"application\/ld+json\" class=\"yoast-schema-graph\">{\"@context\":\"https:\\\/\\\/schema.org\",\"@graph\":[{\"@type\":\"WebPage\",\"@id\":\"https:\\\/\\\/nciemorocco.com\\\/?product=aquafresh-b-5l-desinfectant-datmosphere-germicide\",\"url\":\"https:\\\/\\\/nciemorocco.com\\\/?product=aquafresh-b-5l-desinfectant-datmosphere-germicide\",\"name\":\"AQUAFRESH B 5L D\u00e9sinfectant d\u2019Atmosph\u00e8re Germicide - nciemorocco\",\"isPartOf\":{\"@id\":\"https:\\\/\\\/nciemorocco.com\\\/#website\"},\"primaryImageOfPage\":{\"@id\":\"https:\\\/\\\/nciemorocco.com\\\/?product=aquafresh-b-5l-desinfectant-datmosphere-germicide#primaryimage\"},\"image\":{\"@id\":\"https:\\\/\\\/nciemorocco.com\\\/?product=aquafresh-b-5l-desinfectant-datmosphere-germicide#primaryimage\"},\"thumbnailUrl\":\"https:\\\/\\\/nciemorocco.com\\\/wp-content\\\/uploads\\\/2020\\\/12\\\/aquafresh-image-2-scaled.jpg\",\"datePublished\":\"2020-12-27T23:02:33+00:00\",\"dateModified\":\"2020-12-27T23:06:56+00:00\",\"breadcrumb\":{\"@id\":\"https:\\\/\\\/nciemorocco.com\\\/?product=aquafresh-b-5l-desinfectant-datmosphere-germicide#breadcrumb\"},\"inLanguage\":\"en-US\",\"potentialAction\":[{\"@type\":\"ReadAction\",\"target\":[\"https:\\\/\\\/nciemorocco.com\\\/?product=aquafresh-b-5l-desinfectant-datmosphere-germicide\"]}]},{\"@type\":\"ImageObject\",\"inLanguage\":\"en-US\",\"@id\":\"https:\\\/\\\/nciemorocco.com\\\/?product=aquafresh-b-5l-desinfectant-datmosphere-germicide#primaryimage\",\"url\":\"https:\\\/\\\/nciemorocco.com\\\/wp-content\\\/uploads\\\/2020\\\/12\\\/aquafresh-image-2-scaled.jpg\",\"contentUrl\":\"https:\\\/\\\/nciemorocco.com\\\/wp-content\\\/uploads\\\/2020\\\/12\\\/aquafresh-image-2-scaled.jpg\",\"width\":1920,\"height\":2560},{\"@type\":\"BreadcrumbList\",\"@id\":\"https:\\\/\\\/nciemorocco.com\\\/?product=aquafresh-b-5l-desinfectant-datmosphere-germicide#breadcrumb\",\"itemListElement\":[{\"@type\":\"ListItem\",\"position\":1,\"name\":\"Accueil\",\"item\":\"https:\\\/\\\/nciemorocco.com\\\/\"},{\"@type\":\"ListItem\",\"position\":2,\"name\":\"Boutique\",\"item\":\"https:\\\/\\\/nciemorocco.com\\\/?page_id=5551\"},{\"@type\":\"ListItem\",\"position\":3,\"name\":\"AQUAFRESH B 5L D\u00e9sinfectant d\u2019Atmosph\u00e8re Germicide\"}]},{\"@type\":\"WebSite\",\"@id\":\"https:\\\/\\\/nciemorocco.com\\\/#website\",\"url\":\"https:\\\/\\\/nciemorocco.com\\\/\",\"name\":\"nciemorocco.com\",\"description\":\"\",\"publisher\":{\"@id\":\"https:\\\/\\\/nciemorocco.com\\\/#organization\"},\"potentialAction\":[{\"@type\":\"SearchAction\",\"target\":{\"@type\":\"EntryPoint\",\"urlTemplate\":\"https:\\\/\\\/nciemorocco.com\\\/?s={search_term_string}\"},\"query-input\":{\"@type\":\"PropertyValueSpecification\",\"valueRequired\":true,\"valueName\":\"search_term_string\"}}],\"inLanguage\":\"en-US\"},{\"@type\":\"Organization\",\"@id\":\"https:\\\/\\\/nciemorocco.com\\\/#organization\",\"name\":\"nciemorocco\",\"url\":\"https:\\\/\\\/nciemorocco.com\\\/\",\"logo\":{\"@type\":\"ImageObject\",\"inLanguage\":\"en-US\",\"@id\":\"https:\\\/\\\/nciemorocco.com\\\/#\\\/schema\\\/logo\\\/image\\\/\",\"url\":\"https:\\\/\\\/nciemorocco.com\\\/wp-content\\\/uploads\\\/2023\\\/02\\\/NCIE.png\",\"contentUrl\":\"https:\\\/\\\/nciemorocco.com\\\/wp-content\\\/uploads\\\/2023\\\/02\\\/NCIE.png\",\"width\":270,\"height\":70,\"caption\":\"nciemorocco\"},\"image\":{\"@id\":\"https:\\\/\\\/nciemorocco.com\\\/#\\\/schema\\\/logo\\\/image\\\/\"},\"sameAs\":[\"https:\\\/\\\/www.facebook.com\\\/ste.ncie.98\",\"https:\\\/\\\/x.com\\\/NcieSociete\",\"https:\\\/\\\/www.instagram.com\\\/nicesociete\\\/\",\"https:\\\/\\\/www.linkedin.com\\\/in\\\/ncie\",\"https:\\\/\\\/www.pinterest.fr\\\/nciemorocco\\\/_saved\\\/\",\"https:\\\/\\\/www.youtube.com\\\/channel\\\/UCjzgpHQQ_68Uhe3Fz5lLskg\"]}]}<\/script>\n<!-- \/ Yoast SEO plugin. -->","yoast_head_json":{"title":"AQUAFRESH B 5L D\u00e9sinfectant d\u2019Atmosph\u00e8re Germicide - nciemorocco","robots":{"index":"index","follow":"follow","max-snippet":"max-snippet:-1","max-image-preview":"max-image-preview:large","max-video-preview":"max-video-preview:-1"},"canonical":"https:\/\/nciemorocco.com\/?product=aquafresh-b-5l-desinfectant-datmosphere-germicide","og_locale":"en_US","og_type":"article","og_title":"AQUAFRESH B 5L D\u00e9sinfectant d\u2019Atmosph\u00e8re Germicide - nciemorocco","og_description":"AQUAFRESH D\u00e9sinfectant d\u2019Atmosph\u00e8re Germicide. Contient des huiles essentielles et des biocides qui \u00e9liminent les bact\u00e9ries en laissant l'atmosph\u00e8re propre","og_url":"https:\/\/nciemorocco.com\/?product=aquafresh-b-5l-desinfectant-datmosphere-germicide","og_site_name":"nciemorocco","article_publisher":"https:\/\/www.facebook.com\/ste.ncie.98","article_modified_time":"2020-12-27T23:06:56+00:00","og_image":[{"width":1920,"height":2560,"url":"https:\/\/nciemorocco.com\/wp-content\/uploads\/2020\/12\/aquafresh-image-2-scaled.jpg","type":"image\/jpeg"}],"twitter_card":"summary_large_image","twitter_site":"@NcieSociete","twitter_misc":{"Est. reading time":"1 minute"},"schema":{"@context":"https:\/\/schema.org","@graph":[{"@type":"WebPage","@id":"https:\/\/nciemorocco.com\/?product=aquafresh-b-5l-desinfectant-datmosphere-germicide","url":"https:\/\/nciemorocco.com\/?product=aquafresh-b-5l-desinfectant-datmosphere-germicide","name":"AQUAFRESH B 5L D\u00e9sinfectant d\u2019Atmosph\u00e8re Germicide - nciemorocco","isPartOf":{"@id":"https:\/\/nciemorocco.com\/#website"},"primaryImageOfPage":{"@id":"https:\/\/nciemorocco.com\/?product=aquafresh-b-5l-desinfectant-datmosphere-germicide#primaryimage"},"image":{"@id":"https:\/\/nciemorocco.com\/?product=aquafresh-b-5l-desinfectant-datmosphere-germicide#primaryimage"},"thumbnailUrl":"https:\/\/nciemorocco.com\/wp-content\/uploads\/2020\/12\/aquafresh-image-2-scaled.jpg","datePublished":"2020-12-27T23:02:33+00:00","dateModified":"2020-12-27T23:06:56+00:00","breadcrumb":{"@id":"https:\/\/nciemorocco.com\/?product=aquafresh-b-5l-desinfectant-datmosphere-germicide#breadcrumb"},"inLanguage":"en-US","potentialAction":[{"@type":"ReadAction","target":["https:\/\/nciemorocco.com\/?product=aquafresh-b-5l-desinfectant-datmosphere-germicide"]}]},{"@type":"ImageObject","inLanguage":"en-US","@id":"https:\/\/nciemorocco.com\/?product=aquafresh-b-5l-desinfectant-datmosphere-germicide#primaryimage","url":"https:\/\/nciemorocco.com\/wp-content\/uploads\/2020\/12\/aquafresh-image-2-scaled.jpg","contentUrl":"https:\/\/nciemorocco.com\/wp-content\/uploads\/2020\/12\/aquafresh-image-2-scaled.jpg","width":1920,"height":2560},{"@type":"BreadcrumbList","@id":"https:\/\/nciemorocco.com\/?product=aquafresh-b-5l-desinfectant-datmosphere-germicide#breadcrumb","itemListElement":[{"@type":"ListItem","position":1,"name":"Accueil","item":"https:\/\/nciemorocco.com\/"},{"@type":"ListItem","position":2,"name":"Boutique","item":"https:\/\/nciemorocco.com\/?page_id=5551"},{"@type":"ListItem","position":3,"name":"AQUAFRESH B 5L D\u00e9sinfectant d\u2019Atmosph\u00e8re Germicide"}]},{"@type":"WebSite","@id":"https:\/\/nciemorocco.com\/#website","url":"https:\/\/nciemorocco.com\/","name":"nciemorocco.com","description":"","publisher":{"@id":"https:\/\/nciemorocco.com\/#organization"},"potentialAction":[{"@type":"SearchAction","target":{"@type":"EntryPoint","urlTemplate":"https:\/\/nciemorocco.com\/?s={search_term_string}"},"query-input":{"@type":"PropertyValueSpecification","valueRequired":true,"valueName":"search_term_string"}}],"inLanguage":"en-US"},{"@type":"Organization","@id":"https:\/\/nciemorocco.com\/#organization","name":"nciemorocco","url":"https:\/\/nciemorocco.com\/","logo":{"@type":"ImageObject","inLanguage":"en-US","@id":"https:\/\/nciemorocco.com\/#\/schema\/logo\/image\/","url":"https:\/\/nciemorocco.com\/wp-content\/uploads\/2023\/02\/NCIE.png","contentUrl":"https:\/\/nciemorocco.com\/wp-content\/uploads\/2023\/02\/NCIE.png","width":270,"height":70,"caption":"nciemorocco"},"image":{"@id":"https:\/\/nciemorocco.com\/#\/schema\/logo\/image\/"},"sameAs":["https:\/\/www.facebook.com\/ste.ncie.98","https:\/\/x.com\/NcieSociete","https:\/\/www.instagram.com\/nicesociete\/","https:\/\/www.linkedin.com\/in\/ncie","https:\/\/www.pinterest.fr\/nciemorocco\/_saved\/","https:\/\/www.youtube.com\/channel\/UCjzgpHQQ_68Uhe3Fz5lLskg"]}]}},"_links":{"self":[{"href":"https:\/\/nciemorocco.com\/index.php?rest_route=\/wp\/v2\/product\/6661","targetHints":{"allow":["GET"]}}],"collection":[{"href":"https:\/\/nciemorocco.com\/index.php?rest_route=\/wp\/v2\/product"}],"about":[{"href":"https:\/\/nciemorocco.com\/index.php?rest_route=\/wp\/v2\/types\/product"}],"replies":[{"embeddable":true,"href":"https:\/\/nciemorocco.com\/index.php?rest_route=%2Fwp%2Fv2%2Fcomments&post=6661"}],"version-history":[{"count":1,"href":"https:\/\/nciemorocco.com\/index.php?rest_route=\/wp\/v2\/product\/6661\/revisions"}],"predecessor-version":[{"id":6664,"href":"https:\/\/nciemorocco.com\/index.php?rest_route=\/wp\/v2\/product\/6661\/revisions\/6664"}],"wp:featuredmedia":[{"embeddable":true,"href":"https:\/\/nciemorocco.com\/index.php?rest_route=\/wp\/v2\/media\/6662"}],"wp:attachment":[{"href":"https:\/\/nciemorocco.com\/index.php?rest_route=%2Fwp%2Fv2%2Fmedia&parent=6661"}],"wp:term":[{"taxonomy":"product_cat","embeddable":true,"href":"https:\/\/nciemorocco.com\/index.php?rest_route=%2Fwp%2Fv2%2Fproduct_cat&post=6661"},{"taxonomy":"product_tag","embeddable":true,"href":"https:\/\/nciemorocco.com\/index.php?rest_route=%2Fwp%2Fv2%2Fproduct_tag&post=6661"}],"curies":[{"name":"wp","href":"https:\/\/api.w.org\/{rel}","templated":true}]}}